{"id":398,"date":"2026-04-20T12:23:24","date_gmt":"2026-04-20T12:23:24","guid":{"rendered":"https:\/\/piteabusiness.se\/naringslivsfrukost\/?page_id=398"},"modified":"2026-04-23T09:02:13","modified_gmt":"2026-04-23T09:02:13","slug":"pitea-kan-mer-fran-kansla-till-handling","status":"publish","type":"page","link":"https:\/\/piteabusiness.se\/naringslivsfrukost\/pitea-kan-mer-fran-kansla-till-handling\/","title":{"rendered":"Pite\u00e5 kan mer &#8211; Fr\u00e5n k\u00e4nsla till handling"},"content":{"rendered":"<section class=\"pt-8 md:pt-8 lg:pt-8 pb-8 md:pb-8 lg:pb-8\">\n    <div class=\"holder\">\n        <picture class=\"w-full\"><img decoding=\"async\" src=\"https:\/\/images.ohmyhosting.se\/DnjbvugKKDQ6xzx6eglksbPNTdc=\/1312x738\/smart\/filters:quality(85)\/https%3A%2F%2Fpiteabusiness.se%2Fwp-content%2Fuploads%2Fsites%2F4%2F2026%2F04%2FPitea-kan-mer-fullbreddsbild.jpg\" srcset=\"https:\/\/images.ohmyhosting.se\/DnjbvugKKDQ6xzx6eglksbPNTdc=\/1312x738\/smart\/filters:quality(85)\/https%3A%2F%2Fpiteabusiness.se%2Fwp-content%2Fuploads%2Fsites%2F4%2F2026%2F04%2FPitea-kan-mer-fullbreddsbild.jpg 1x, https:\/\/images.ohmyhosting.se\/fCulbiuBOJx_iNrxKODTmyQptak=\/2624x1476\/smart\/filters:quality(85)\/https%3A%2F%2Fpiteabusiness.se%2Fwp-content%2Fuploads%2Fsites%2F4%2F2026%2F04%2FPitea-kan-mer-fullbreddsbild.jpg 2x\" alt=\"\" class=\"w-full object-cover h-full w-full\" \/><\/picture>    <\/div>\n<\/section>\n\n\n<section class=\"pt-8 md:pt-8 lg:pt-8 pb-8 md:pb-8 lg:pb-8\">\n    <div class=\"holder\">\n        <div class=\"wysiwyg\">\n            <h2><strong>Pite\u00e5 kan mer \u2013 fr\u00e5n k\u00e4nsla till handling<\/strong><\/h2>\n<p><strong>Den 13 mars visades filmen \u201dVi kan mer\u201d p\u00e5 n\u00e4ringslivsfrukosten. Den v\u00e4ckte stort engagemang och m\u00e5nga fr\u00e5gor kring hur vi som arbetsgivare kan bidra till att fler f\u00e5r m\u00f6jlighet att komma in i arbetslivet. P\u00e4r Johansson fr\u00e5n Glada Hudik-teatern deltog d\u00e5 och ber\u00f6rde m\u00e5nga med sina perspektiv och erfarenheter. Nu f\u00f6ljer vi upp med fokus p\u00e5 n\u00e4sta steg.<\/strong><\/p>\n<p>Den h\u00e4r tr\u00e4ffen riktar sig till dig som vill g\u00e5 fr\u00e5n vilja till konkret handling. Kanske har du redan funderat p\u00e5 att ta emot en person med&nbsp;funktionsneds\u00e4ttning, men vill f\u00e5 en tydligare bild av hur det fungerar i praktiken, vilket st\u00f6d som finns och hur du kommer ig\u00e5ng.<\/p>\n<p>P\u00e4r Johansson medverkar \u00e4ven denna g\u00e5ng och delar med sig av sina erfarenheter av att se m\u00e4nniskors m\u00f6jligheter \u2013 b\u00e5de ur ett arbetsgivar- och samh\u00e4llsperspektiv. Hans medverkan ger b\u00e5de inspiration och konkreta insikter att ta med in i det egna arbetet.<\/p>\n<p>Under f\u00f6rmiddagen f\u00e5r du ocks\u00e5 ta del av erfarenheter, m\u00f6ta relevanta akt\u00f6rer och arbeta tillsammans med andra f\u00f6retagare som st\u00e5r inf\u00f6r liknande tankar. Genom samtal, fr\u00e5gestunder och workshopmoment f\u00e5r du m\u00f6jlighet att st\u00e4lla dina fr\u00e5gor, diskutera utmaningar och b\u00f6rja formulera en plan som passar just din verksamhet.<\/p>\n<p><strong>Datum:<\/strong> 26 maj<br \/><strong>Tid:<\/strong> 08.00\u201313.00<br \/><strong>Plats:<\/strong> Storstrand, Kapellet<\/p>\n<p>Kl. 08.00 visas filmen \u201dVi kan mer\u201d f\u00f6r dig som inte hade m\u00f6jlighet att se den i mars. Har du redan sett filmen \u00e4r du varmt v\u00e4lkommen att ansluta kl. 09.00 till kaffe och mingel. D\u00e4refter startar det gemensamma programmet.<\/p>\n<p><strong>&nbsp;<\/strong><\/p>\n<p><strong>Du f\u00e5r med dig:<\/strong><\/p>\n<ul>\n<li>en tydligare bild av hur processen kan se ut<\/li>\n<li>kunskap om vilket st\u00f6d som finns att f\u00e5<\/li>\n<li>inspiration och konkreta insikter fr\u00e5n P\u00e4r Johansson<\/li>\n<li>en f\u00f6rsta plan f\u00f6r hur du kan ta n\u00e4sta steg<\/li>\n<\/ul>\n<p>Vi avslutar med lunch kl 11.30 och d\u00e4refter finns m\u00f6jlighet att forts\u00e4tta samtalet.<\/p>\n<h3><strong>Anm\u00e4lan<\/strong><\/h3>\n<p>Anm\u00e4l dig senast 22 maj via l\u00e4nken nedan. I samband med anm\u00e4lan ber vi dig att kort svara p\u00e5 n\u00e5gra fr\u00e5gor:<\/p>\n<ul>\n<li>Har ni idag n\u00e5gon i syssels\u00e4ttning eller arbete i er organisation?<\/li>\n<li>Vilka utmaningar ser du inf\u00f6r n\u00e4sta steg?<\/li>\n<li>Har du n\u00e5gra specifika fr\u00e5gor som du \u00f6nskar f\u00e5 svar p\u00e5 under dagen?<\/li>\n<\/ul>\n<p><\/p>\n        <\/div>\n    <\/div>\n<\/section>\n\n\n<section class=\"pt-8 md:pt-8 lg:pt-8 pb-8 md:pb-8 lg:pb-8\">\n    <div class=\"holder\">\n        <div class=\"relative py-24\">\n            <div class=\"absolute top-0 left-0 right-0 w-full h-full\">\n                <picture class=\"w-full\"><source media=\"(max-width:639px)\" srcset=\"https:\/\/images.ohmyhosting.se\/-GxbVDanUe3q1N89Y2WsmqkIcsE=\/400x400\/smart\/filters:quality(85)\/https%3A%2F%2Fpiteabusiness.se%2Fwp-content%2Fuploads%2Fsites%2F4%2F2026%2F03%2FFullbredd-CTA_01-1-scaled.jpg 1x, https:\/\/images.ohmyhosting.se\/R5KdqM4FoAJ3eDAodpWq-h6SqI8=\/800x800\/smart\/filters:quality(85)\/https%3A%2F%2Fpiteabusiness.se%2Fwp-content%2Fuploads%2Fsites%2F4%2F2026%2F03%2FFullbredd-CTA_01-1-scaled.jpg 2x\"><source media=\"(max-width:1022px)\" srcset=\"https:\/\/images.ohmyhosting.se\/zVDV_NAznjTWr3IiGe2X1PGeSFY=\/820x820\/smart\/filters:quality(85)\/https%3A%2F%2Fpiteabusiness.se%2Fwp-content%2Fuploads%2Fsites%2F4%2F2026%2F03%2FFullbredd-CTA_01-1-scaled.jpg 1x, https:\/\/images.ohmyhosting.se\/Q45XK5ElBRwzwKxJ4zU1kHX30Ws=\/1640x1640\/smart\/filters:quality(85)\/https%3A%2F%2Fpiteabusiness.se%2Fwp-content%2Fuploads%2Fsites%2F4%2F2026%2F03%2FFullbredd-CTA_01-1-scaled.jpg 2x\"><source media=\"(max-width:1920px)\" srcset=\"https:\/\/images.ohmyhosting.se\/TrLarTwqTatBgk3klBsYGEmU7wo=\/2560x746\/smart\/filters:quality(85)\/https%3A%2F%2Fpiteabusiness.se%2Fwp-content%2Fuploads%2Fsites%2F4%2F2026%2F03%2FFullbredd-CTA_01-1-scaled.jpg 1x, https:\/\/images.ohmyhosting.se\/X1RiY1soW0hQgqew6jczIfamzVU=\/5120x1492\/smart\/filters:quality(85)\/https%3A%2F%2Fpiteabusiness.se%2Fwp-content%2Fuploads%2Fsites%2F4%2F2026%2F03%2FFullbredd-CTA_01-1-scaled.jpg 2x\"><img decoding=\"async\" src=\"https:\/\/images.ohmyhosting.se\/Yzy2QlMfUW8xx093GD5W0-ft54g=\/1440x587\/smart\/filters:quality(85)\/https%3A%2F%2Fpiteabusiness.se%2Fwp-content%2Fuploads%2Fsites%2F4%2F2026%2F03%2FFullbredd-CTA_01-1-scaled.jpg\" srcset=\"https:\/\/images.ohmyhosting.se\/Yzy2QlMfUW8xx093GD5W0-ft54g=\/1440x587\/smart\/filters:quality(85)\/https%3A%2F%2Fpiteabusiness.se%2Fwp-content%2Fuploads%2Fsites%2F4%2F2026%2F03%2FFullbredd-CTA_01-1-scaled.jpg 1x, https:\/\/images.ohmyhosting.se\/Ho7Ua-E5-y4LlYIIPJwzn_e8acs=\/2880x1174\/smart\/filters:quality(85)\/https%3A%2F%2Fpiteabusiness.se%2Fwp-content%2Fuploads%2Fsites%2F4%2F2026%2F03%2FFullbredd-CTA_01-1-scaled.jpg 2x\" alt=\"\" class=\"w-full object-cover h-full w-full rounded-2xl\" \/><\/picture>            <\/div>\n            <div class=\"lg:max-w-[545px] mx-auto text-center relative z-10 p-4 lg:p-0\">\n                <h2 class=\"heading-md text-white mb-3 lg:mb-6\">Gl\u00f6m inte att boka din plats!<\/h2>\n                <p class=\"body-l text-white mb-6\">Vi ser fram emot en givande dag d\u00e4r vi tar n\u00e4sta steg tillsammans. <br> <br><\/p>\n                                    <div>\n                        <a class=\"btn white inline-block\" href=\"https:\/\/app.superoffice.com\/Cust28724\/CS\/scripts\/customer.fcgi?action=formFrame&#038;formId=F-7N95wd6b\" target=\"_blank\">Boka plats<\/a>\n                    <\/div>\n                            <\/div>\n        <\/div>\n    <\/div>\n<\/section>","protected":false},"excerpt":{"rendered":"","protected":false},"author":2,"featured_media":0,"parent":0,"menu_order":0,"comment_status":"closed","ping_status":"closed","template":"","meta":{"_acf_changed":false,"footnotes":""},"class_list":["post-398","page","type-page","status-publish","hentry"],"yoast_head":"<!-- This site is optimized with the Yoast SEO plugin v27.4 - https:\/\/yoast.com\/product\/yoast-seo-wordpress\/ -->\n<title>Pite\u00e5 kan mer - Fr\u00e5n k\u00e4nsla till handling - Pite\u00e5 Business Breakfast<\/title>\n<meta name=\"robots\" content=\"index, follow, max-snippet:-1, max-image-preview:large, max-video-preview:-1\" \/>\n<link rel=\"canonical\" href=\"https:\/\/piteabusiness.se\/naringslivsfrukost\/pitea-kan-mer-fran-kansla-till-handling\/\" \/>\n<meta property=\"og:locale\" content=\"sv_SE\" \/>\n<meta property=\"og:type\" content=\"article\" \/>\n<meta property=\"og:title\" content=\"Pite\u00e5 kan mer - Fr\u00e5n k\u00e4nsla till handling - Pite\u00e5 Business Breakfast\" \/>\n<meta property=\"og:url\" content=\"https:\/\/piteabusiness.se\/naringslivsfrukost\/pitea-kan-mer-fran-kansla-till-handling\/\" \/>\n<meta property=\"og:site_name\" content=\"Pite\u00e5 Business Breakfast\" \/>\n<meta property=\"article:publisher\" content=\"https:\/\/www.facebook.com\/FrukostenPitea\/?locale=sv_SE\" \/>\n<meta property=\"article:modified_time\" content=\"2026-04-23T09:02:13+00:00\" \/>\n<meta name=\"twitter:card\" content=\"summary_large_image\" \/>\n<script type=\"application\/ld+json\" class=\"yoast-schema-graph\">{\"@context\":\"https:\\\/\\\/schema.org\",\"@graph\":[{\"@type\":\"WebPage\",\"@id\":\"https:\\\/\\\/piteabusiness.se\\\/naringslivsfrukost\\\/pitea-kan-mer-fran-kansla-till-handling\\\/\",\"url\":\"https:\\\/\\\/piteabusiness.se\\\/naringslivsfrukost\\\/pitea-kan-mer-fran-kansla-till-handling\\\/\",\"name\":\"Pite\u00e5 kan mer - Fr\u00e5n k\u00e4nsla till handling - Pite\u00e5 Business Breakfast\",\"isPartOf\":{\"@id\":\"https:\\\/\\\/piteabusiness.se\\\/naringslivsfrukost\\\/#website\"},\"datePublished\":\"2026-04-20T12:23:24+00:00\",\"dateModified\":\"2026-04-23T09:02:13+00:00\",\"breadcrumb\":{\"@id\":\"https:\\\/\\\/piteabusiness.se\\\/naringslivsfrukost\\\/pitea-kan-mer-fran-kansla-till-handling\\\/#breadcrumb\"},\"inLanguage\":\"sv-SE\",\"potentialAction\":[{\"@type\":\"ReadAction\",\"target\":[\"https:\\\/\\\/piteabusiness.se\\\/naringslivsfrukost\\\/pitea-kan-mer-fran-kansla-till-handling\\\/\"]}]},{\"@type\":\"BreadcrumbList\",\"@id\":\"https:\\\/\\\/piteabusiness.se\\\/naringslivsfrukost\\\/pitea-kan-mer-fran-kansla-till-handling\\\/#breadcrumb\",\"itemListElement\":[{\"@type\":\"ListItem\",\"position\":1,\"name\":\"Home\",\"item\":\"https:\\\/\\\/piteabusiness.se\\\/naringslivsfrukost\\\/\"},{\"@type\":\"ListItem\",\"position\":2,\"name\":\"Pite\u00e5 kan mer &#8211; Fr\u00e5n k\u00e4nsla till handling\"}]},{\"@type\":\"WebSite\",\"@id\":\"https:\\\/\\\/piteabusiness.se\\\/naringslivsfrukost\\\/#website\",\"url\":\"https:\\\/\\\/piteabusiness.se\\\/naringslivsfrukost\\\/\",\"name\":\"N\u00e4ringslivsfrukost\",\"description\":\"\",\"publisher\":{\"@id\":\"https:\\\/\\\/piteabusiness.se\\\/naringslivsfrukost\\\/#organization\"},\"potentialAction\":[{\"@type\":\"SearchAction\",\"target\":{\"@type\":\"EntryPoint\",\"urlTemplate\":\"https:\\\/\\\/piteabusiness.se\\\/naringslivsfrukost\\\/?s={search_term_string}\"},\"query-input\":{\"@type\":\"PropertyValueSpecification\",\"valueRequired\":true,\"valueName\":\"search_term_string\"}}],\"inLanguage\":\"sv-SE\"},{\"@type\":\"Organization\",\"@id\":\"https:\\\/\\\/piteabusiness.se\\\/naringslivsfrukost\\\/#organization\",\"name\":\"N\u00e4ringslivsfrukost\",\"url\":\"https:\\\/\\\/piteabusiness.se\\\/naringslivsfrukost\\\/\",\"logo\":{\"@type\":\"ImageObject\",\"inLanguage\":\"sv-SE\",\"@id\":\"https:\\\/\\\/piteabusiness.se\\\/naringslivsfrukost\\\/#\\\/schema\\\/logo\\\/image\\\/\",\"url\":\"https:\\\/\\\/piteabusiness.se\\\/wp-content\\\/uploads\\\/sites\\\/4\\\/2024\\\/11\\\/og4-1.jpg\",\"contentUrl\":\"https:\\\/\\\/piteabusiness.se\\\/wp-content\\\/uploads\\\/sites\\\/4\\\/2024\\\/11\\\/og4-1.jpg\",\"width\":1200,\"height\":630,\"caption\":\"N\u00e4ringslivsfrukost\"},\"image\":{\"@id\":\"https:\\\/\\\/piteabusiness.se\\\/naringslivsfrukost\\\/#\\\/schema\\\/logo\\\/image\\\/\"},\"sameAs\":[\"https:\\\/\\\/www.facebook.com\\\/FrukostenPitea\\\/?locale=sv_SE\"]}]}<\/script>\n<!-- \/ Yoast SEO plugin. -->","yoast_head_json":{"title":"Pite\u00e5 kan mer - Fr\u00e5n k\u00e4nsla till handling - Pite\u00e5 Business Breakfast","robots":{"index":"index","follow":"follow","max-snippet":"max-snippet:-1","max-image-preview":"max-image-preview:large","max-video-preview":"max-video-preview:-1"},"canonical":"https:\/\/piteabusiness.se\/naringslivsfrukost\/pitea-kan-mer-fran-kansla-till-handling\/","og_locale":"sv_SE","og_type":"article","og_title":"Pite\u00e5 kan mer - Fr\u00e5n k\u00e4nsla till handling - Pite\u00e5 Business Breakfast","og_url":"https:\/\/piteabusiness.se\/naringslivsfrukost\/pitea-kan-mer-fran-kansla-till-handling\/","og_site_name":"Pite\u00e5 Business Breakfast","article_publisher":"https:\/\/www.facebook.com\/FrukostenPitea\/?locale=sv_SE","article_modified_time":"2026-04-23T09:02:13+00:00","twitter_card":"summary_large_image","schema":{"@context":"https:\/\/schema.org","@graph":[{"@type":"WebPage","@id":"https:\/\/piteabusiness.se\/naringslivsfrukost\/pitea-kan-mer-fran-kansla-till-handling\/","url":"https:\/\/piteabusiness.se\/naringslivsfrukost\/pitea-kan-mer-fran-kansla-till-handling\/","name":"Pite\u00e5 kan mer - Fr\u00e5n k\u00e4nsla till handling - Pite\u00e5 Business Breakfast","isPartOf":{"@id":"https:\/\/piteabusiness.se\/naringslivsfrukost\/#website"},"datePublished":"2026-04-20T12:23:24+00:00","dateModified":"2026-04-23T09:02:13+00:00","breadcrumb":{"@id":"https:\/\/piteabusiness.se\/naringslivsfrukost\/pitea-kan-mer-fran-kansla-till-handling\/#breadcrumb"},"inLanguage":"sv-SE","potentialAction":[{"@type":"ReadAction","target":["https:\/\/piteabusiness.se\/naringslivsfrukost\/pitea-kan-mer-fran-kansla-till-handling\/"]}]},{"@type":"BreadcrumbList","@id":"https:\/\/piteabusiness.se\/naringslivsfrukost\/pitea-kan-mer-fran-kansla-till-handling\/#breadcrumb","itemListElement":[{"@type":"ListItem","position":1,"name":"Home","item":"https:\/\/piteabusiness.se\/naringslivsfrukost\/"},{"@type":"ListItem","position":2,"name":"Pite\u00e5 kan mer &#8211; Fr\u00e5n k\u00e4nsla till handling"}]},{"@type":"WebSite","@id":"https:\/\/piteabusiness.se\/naringslivsfrukost\/#website","url":"https:\/\/piteabusiness.se\/naringslivsfrukost\/","name":"N\u00e4ringslivsfrukost","description":"","publisher":{"@id":"https:\/\/piteabusiness.se\/naringslivsfrukost\/#organization"},"potentialAction":[{"@type":"SearchAction","target":{"@type":"EntryPoint","urlTemplate":"https:\/\/piteabusiness.se\/naringslivsfrukost\/?s={search_term_string}"},"query-input":{"@type":"PropertyValueSpecification","valueRequired":true,"valueName":"search_term_string"}}],"inLanguage":"sv-SE"},{"@type":"Organization","@id":"https:\/\/piteabusiness.se\/naringslivsfrukost\/#organization","name":"N\u00e4ringslivsfrukost","url":"https:\/\/piteabusiness.se\/naringslivsfrukost\/","logo":{"@type":"ImageObject","inLanguage":"sv-SE","@id":"https:\/\/piteabusiness.se\/naringslivsfrukost\/#\/schema\/logo\/image\/","url":"https:\/\/piteabusiness.se\/wp-content\/uploads\/sites\/4\/2024\/11\/og4-1.jpg","contentUrl":"https:\/\/piteabusiness.se\/wp-content\/uploads\/sites\/4\/2024\/11\/og4-1.jpg","width":1200,"height":630,"caption":"N\u00e4ringslivsfrukost"},"image":{"@id":"https:\/\/piteabusiness.se\/naringslivsfrukost\/#\/schema\/logo\/image\/"},"sameAs":["https:\/\/www.facebook.com\/FrukostenPitea\/?locale=sv_SE"]}]}},"acf":[],"_links":{"self":[{"href":"https:\/\/piteabusiness.se\/naringslivsfrukost\/wp-json\/wp\/v2\/pages\/398","targetHints":{"allow":["GET"]}}],"collection":[{"href":"https:\/\/piteabusiness.se\/naringslivsfrukost\/wp-json\/wp\/v2\/pages"}],"about":[{"href":"https:\/\/piteabusiness.se\/naringslivsfrukost\/wp-json\/wp\/v2\/types\/page"}],"author":[{"embeddable":true,"href":"https:\/\/piteabusiness.se\/naringslivsfrukost\/wp-json\/wp\/v2\/users\/2"}],"replies":[{"embeddable":true,"href":"https:\/\/piteabusiness.se\/naringslivsfrukost\/wp-json\/wp\/v2\/comments?post=398"}],"version-history":[{"count":10,"href":"https:\/\/piteabusiness.se\/naringslivsfrukost\/wp-json\/wp\/v2\/pages\/398\/revisions"}],"predecessor-version":[{"id":428,"href":"https:\/\/piteabusiness.se\/naringslivsfrukost\/wp-json\/wp\/v2\/pages\/398\/revisions\/428"}],"wp:attachment":[{"href":"https:\/\/piteabusiness.se\/naringslivsfrukost\/wp-json\/wp\/v2\/media?parent=398"}],"curies":[{"name":"wp","href":"https:\/\/api.w.org\/{rel}","templated":true}]}}