{"id":47,"date":"2024-09-23T12:23:28","date_gmt":"2024-09-23T12:23:28","guid":{"rendered":"https:\/\/foretagsfrukost.piteabusiness.se\/?page_id=47"},"modified":"2026-04-09T13:55:15","modified_gmt":"2026-04-09T13:55:15","slug":"kommande-frukostar","status":"publish","type":"page","link":"https:\/\/piteabusiness.se\/naringslivsfrukost\/kommande-frukostar\/","title":{"rendered":"Kommande frukostar"},"content":{"rendered":"<section class=\"pt-8 md:pt-8 lg:pt-8 pb-8 md:pb-8 lg:pb-8\">\n    <div class=\"holder\">\n\n\n        <div class=\"bg-darkblue rounded-lg p-6 mb-6 lg:mb-12\"><h2 class=\"heading-md text-white\">N\u00e4sta frukost<\/h2><\/div>                    <div class=\"grid gap-y-6 mb-6 md:mb-8 md:grid-cols-3 md:gap-x-8\">\n                        <div class=\"md:col-span-1 self-center\">\n                            <picture class=\"w-full\"><img decoding=\"async\" src=\"https:\/\/images.ohmyhosting.se\/2e03sH2rVXzcSEXIMXRmYVKbxNk=\/832x698\/smart\/filters:quality(85)\/https%3A%2F%2Fpiteabusiness.se%2Fwp-content%2Fuploads%2Fsites%2F4%2F2026%2F03%2Fpnf-logga-tour-2.png\" srcset=\"https:\/\/images.ohmyhosting.se\/2e03sH2rVXzcSEXIMXRmYVKbxNk=\/832x698\/smart\/filters:quality(85)\/https%3A%2F%2Fpiteabusiness.se%2Fwp-content%2Fuploads%2Fsites%2F4%2F2026%2F03%2Fpnf-logga-tour-2.png 1x, https:\/\/images.ohmyhosting.se\/e5u1sjdL20tsLDlMiskB-nxLNcA=\/1664x1396\/smart\/filters:quality(85)\/https%3A%2F%2Fpiteabusiness.se%2Fwp-content%2Fuploads%2Fsites%2F4%2F2026%2F03%2Fpnf-logga-tour-2.png 2x\" alt=\"\" class=\"w-full rounded-2xl w-full h-full\" \/><\/picture>                        <\/div>\n                        <div class=\"md:col-span-2 self-center\">\n                            <h2 class=\"heading-md mb-2\">17 april<\/h2>\n                            <div class=\"flex flex-col mb-2 gap-2 lg:flex-row lg:gap-4\">\n                                                                    <p><span class=\"font-extrabold\">Tid:<\/span> 07.15-08.30<\/p>\n                                                                                                    <p><span class=\"font-extrabold\">Plats:<\/span> Storstrands kursg\u00e5rd, Mandolingatan 1<\/p>\n                                                                                                    <p><span class=\"font-extrabold\">V\u00e4rd:<\/span> Pite\u00e5 N\u00e4ringsfastigheter AB<\/p>\n                                                            <\/div>\n                            <p class=\"leading-normal mb-2\">V\u00e4lkommen till Pite\u00e5 Business Breakfast. Ett utm\u00e4rkt tillf\u00e4lle att n\u00e4tverka, skapa aff\u00e4rer och utbyta erfarenheter. I kombination med en enklare frukost bjuds det p\u00e5 tematiska inspirationsf\u00f6rel\u00e4sningar fr\u00e5n morgonens g\u00e4ster samt aktuell information som r\u00f6r n\u00e4ringslivet i Pite\u00e5. M\u00e5nadens frukostv\u00e4rd \u00e4r Pite\u00e5 N\u00e4ringsfastigheter AB. <br>\r\n<br><\/p>\n                            <a href=\"https:\/\/piteabusiness.se\/naringslivsfrukost\/program\/\" target=\"\" class=\"btn btn--blue\">L\u00e4s mer &amp; boka plats<\/a>                        <\/div>\n                    <\/div>\n                            <div class=\"grid gap-y-6 mb-6 md:mb-8 md:grid-cols-3 md:gap-x-8\">\n                        <div class=\"md:col-span-1 self-center\">\n                                                    <\/div>\n                        <div class=\"md:col-span-2 self-center\">\n                            <h2 class=\"heading-md mb-2\"><\/h2>\n                            <div class=\"flex flex-col mb-2 gap-2 lg:flex-row lg:gap-4\">\n                                                                                                                            <\/div>\n                            <p class=\"leading-normal mb-2\"><\/p>\n                                                    <\/div>\n                    <\/div>\n                            <div class=\"grid gap-y-6 mb-6 md:mb-8 md:grid-cols-3 md:gap-x-8\">\n                        <div class=\"md:col-span-1 self-center\">\n                                                    <\/div>\n                        <div class=\"md:col-span-2 self-center\">\n                            <h2 class=\"heading-md mb-2\"><\/h2>\n                            <div class=\"flex flex-col mb-2 gap-2 lg:flex-row lg:gap-4\">\n                                                                                                                            <\/div>\n                            <p class=\"leading-normal mb-2\"><\/p>\n                                                    <\/div>\n                    <\/div>\n            <\/div>\n<\/section>\n\n<section class=\"pt-8 md:pt-8 lg:pt-8 pb-8 md:pb-8 lg:pb-8\">\n    <div class=\"holder\">\n\n\n        <div class=\"bg-darkblue rounded-lg p-6 mb-6 lg:mb-12\"><h2 class=\"heading-md text-white\">Kommande datum<\/h2><\/div>                    <div class=\"grid gap-y-6 mb-6 md:mb-8 md:grid-cols-3 md:gap-x-8\">\n                        <div class=\"md:col-span-1 self-center\">\n                            <picture class=\"w-full\"><img decoding=\"async\" src=\"https:\/\/images.ohmyhosting.se\/OA6mIQ4h4FbbGjZdRkAi9Q44z4o=\/832x698\/smart\/filters:quality(85)\/https%3A%2F%2Fpiteabusiness.se%2Fwp-content%2Fuploads%2Fsites%2F4%2F2026%2F01%2FLogo-web-Cesab.png\" srcset=\"https:\/\/images.ohmyhosting.se\/OA6mIQ4h4FbbGjZdRkAi9Q44z4o=\/832x698\/smart\/filters:quality(85)\/https%3A%2F%2Fpiteabusiness.se%2Fwp-content%2Fuploads%2Fsites%2F4%2F2026%2F01%2FLogo-web-Cesab.png 1x, https:\/\/images.ohmyhosting.se\/1axOsKVnYW86zoIeF0uxkP6j8p8=\/1664x1396\/smart\/filters:quality(85)\/https%3A%2F%2Fpiteabusiness.se%2Fwp-content%2Fuploads%2Fsites%2F4%2F2026%2F01%2FLogo-web-Cesab.png 2x\" alt=\"\" class=\"w-full rounded-2xl w-full h-full\" \/><\/picture>                        <\/div>\n                        <div class=\"md:col-span-2 self-center\">\n                            <h2 class=\"heading-md mb-2\">22 maj<\/h2>\n                            <div class=\"flex flex-col mb-2 gap-2 lg:flex-row lg:gap-4\">\n                                                                    <p><span class=\"font-extrabold\">Tid:<\/span> 07.15-08.30<\/p>\n                                                                                                    <p><span class=\"font-extrabold\">Plats:<\/span> Storstrands kursg\u00e5rd, Mandolingatan 1<\/p>\n                                                                                                    <p><span class=\"font-extrabold\">V\u00e4rd:<\/span> Cesab<\/p>\n                                                            <\/div>\n                            <p class=\"leading-normal mb-2\">V\u00e4lkommen till Frukost med n\u00e4ringslivet i Pite\u00e5. Ett utm\u00e4rkt tillf\u00e4lle att n\u00e4tverka, skapa aff\u00e4rer och utbyta erfarenheter. I kombination med en enklare frukost bjuds det p\u00e5 tematiska inspirationsf\u00f6rel\u00e4sningar fr\u00e5n morgonens g\u00e4ster samt aktuell information som r\u00f6r n\u00e4ringslivet i Pite\u00e5. <br><br>\r\n<\/p>\n                            <a href=\"https:\/\/app.superoffice.com\/Cust28724\/CS\/scripts\/customer.fcgi?action=formFrame&#038;formId=F-Gcg1eluQ\" target=\"_blank\" class=\"btn btn--blue\">Boka plats<\/a>                        <\/div>\n                    <\/div>\n                            <div class=\"grid gap-y-6 mb-6 md:mb-8 md:grid-cols-3 md:gap-x-8\">\n                        <div class=\"md:col-span-1 self-center\">\n                            <picture class=\"w-full\"><img decoding=\"async\" src=\"https:\/\/images.ohmyhosting.se\/ZCFT35cyZj0p07w8xzJpbnBoyXk=\/832x698\/smart\/filters:quality(85)\/https%3A%2F%2Fpiteabusiness.se%2Fwp-content%2Fuploads%2Fsites%2F4%2F2026%2F03%2FLogga-Tell-Tourkalender.png\" srcset=\"https:\/\/images.ohmyhosting.se\/ZCFT35cyZj0p07w8xzJpbnBoyXk=\/832x698\/smart\/filters:quality(85)\/https%3A%2F%2Fpiteabusiness.se%2Fwp-content%2Fuploads%2Fsites%2F4%2F2026%2F03%2FLogga-Tell-Tourkalender.png 1x, https:\/\/images.ohmyhosting.se\/nRKEhQ0jzei8FMR-y9PEOm2ldM0=\/1664x1396\/smart\/filters:quality(85)\/https%3A%2F%2Fpiteabusiness.se%2Fwp-content%2Fuploads%2Fsites%2F4%2F2026%2F03%2FLogga-Tell-Tourkalender.png 2x\" alt=\"\" class=\"w-full rounded-2xl w-full h-full\" \/><\/picture>                        <\/div>\n                        <div class=\"md:col-span-2 self-center\">\n                            <h2 class=\"heading-md mb-2\">11 september<\/h2>\n                            <div class=\"flex flex-col mb-2 gap-2 lg:flex-row lg:gap-4\">\n                                                                    <p><span class=\"font-extrabold\">Tid:<\/span> 07.15-08.30<\/p>\n                                                                                                    <p><span class=\"font-extrabold\">Plats:<\/span> Storstrands kursg\u00e5rd, Mandolingatan 1<\/p>\n                                                                                                    <p><span class=\"font-extrabold\">V\u00e4rd:<\/span> Tell Sverige<\/p>\n                                                            <\/div>\n                            <p class=\"leading-normal mb-2\">V\u00e4lkommen till Frukost med n\u00e4ringslivet i Pite\u00e5. Ett utm\u00e4rkt tillf\u00e4lle att n\u00e4tverka, skapa aff\u00e4rer och utbyta erfarenheter. I kombination med en enklare frukost bjuds det p\u00e5 tematiska inspirationsf\u00f6rel\u00e4sningar fr\u00e5n morgonens g\u00e4ster samt aktuell information som r\u00f6r n\u00e4ringslivet i Pite\u00e5. <\/p>\n                                                    <\/div>\n                    <\/div>\n                            <div class=\"grid gap-y-6 mb-6 md:mb-8 md:grid-cols-3 md:gap-x-8\">\n                        <div class=\"md:col-span-1 self-center\">\n                            <picture class=\"w-full\"><img decoding=\"async\" src=\"https:\/\/images.ohmyhosting.se\/snHAHq7KR6tJDf1elOVidyNC1pQ=\/832x698\/smart\/filters:quality(85)\/https%3A%2F%2Fpiteabusiness.se%2Fwp-content%2Fuploads%2Fsites%2F4%2F2026%2F03%2FPIF-Dam-Tourkalender.png\" srcset=\"https:\/\/images.ohmyhosting.se\/snHAHq7KR6tJDf1elOVidyNC1pQ=\/832x698\/smart\/filters:quality(85)\/https%3A%2F%2Fpiteabusiness.se%2Fwp-content%2Fuploads%2Fsites%2F4%2F2026%2F03%2FPIF-Dam-Tourkalender.png 1x, https:\/\/images.ohmyhosting.se\/LyaYoRUpuqYHMehfhdgiCWx-uTE=\/1664x1396\/smart\/filters:quality(85)\/https%3A%2F%2Fpiteabusiness.se%2Fwp-content%2Fuploads%2Fsites%2F4%2F2026%2F03%2FPIF-Dam-Tourkalender.png 2x\" alt=\"\" class=\"w-full rounded-2xl w-full h-full\" \/><\/picture>                        <\/div>\n                        <div class=\"md:col-span-2 self-center\">\n                            <h2 class=\"heading-md mb-2\">9 oktober<\/h2>\n                            <div class=\"flex flex-col mb-2 gap-2 lg:flex-row lg:gap-4\">\n                                                                    <p><span class=\"font-extrabold\">Tid:<\/span> 07.15-08.30<\/p>\n                                                                                                    <p><span class=\"font-extrabold\">Plats:<\/span> Storstrands kursg\u00e5rd, Mandolingaan 1<\/p>\n                                                                                                    <p><span class=\"font-extrabold\">V\u00e4rd:<\/span> Pite\u00e5 IF DFF<\/p>\n                                                            <\/div>\n                            <p class=\"leading-normal mb-2\">V\u00e4lkommen till Frukost med n\u00e4ringslivet i Pite\u00e5. Ett utm\u00e4rkt tillf\u00e4lle att n\u00e4tverka, skapa aff\u00e4rer och utbyta erfarenheter. I kombination med en enklare frukost bjuds det p\u00e5 tematiska inspirationsf\u00f6rel\u00e4sningar fr\u00e5n morgonens g\u00e4ster samt aktuell information som r\u00f6r n\u00e4ringslivet i Pite\u00e5. <\/p>\n                                                    <\/div>\n                    <\/div>\n                            <div class=\"grid gap-y-6 mb-6 md:mb-8 md:grid-cols-3 md:gap-x-8\">\n                        <div class=\"md:col-span-1 self-center\">\n                            <picture class=\"w-full\"><img decoding=\"async\" src=\"https:\/\/images.ohmyhosting.se\/Ceb0uqijtBNWX8YfnmgNSbAkrIk=\/832x698\/smart\/filters:quality(85)\/https%3A%2F%2Fpiteabusiness.se%2Fwp-content%2Fuploads%2Fsites%2F4%2F2026%2F02%2FTourkalender-PBB.png\" srcset=\"https:\/\/images.ohmyhosting.se\/Ceb0uqijtBNWX8YfnmgNSbAkrIk=\/832x698\/smart\/filters:quality(85)\/https%3A%2F%2Fpiteabusiness.se%2Fwp-content%2Fuploads%2Fsites%2F4%2F2026%2F02%2FTourkalender-PBB.png 1x, https:\/\/images.ohmyhosting.se\/OmUZ8OK1ekSe1yl6Q6ingXheAhA=\/1664x1396\/smart\/filters:quality(85)\/https%3A%2F%2Fpiteabusiness.se%2Fwp-content%2Fuploads%2Fsites%2F4%2F2026%2F02%2FTourkalender-PBB.png 2x\" alt=\"\" class=\"w-full rounded-2xl w-full h-full\" \/><\/picture>                        <\/div>\n                        <div class=\"md:col-span-2 self-center\">\n                            <h2 class=\"heading-md mb-2\">13 november<\/h2>\n                            <div class=\"flex flex-col mb-2 gap-2 lg:flex-row lg:gap-4\">\n                                                                    <p><span class=\"font-extrabold\">Tid:<\/span> 07.15-08.30<\/p>\n                                                                                                    <p><span class=\"font-extrabold\">Plats:<\/span> Storstrands kursg\u00e5rd, Mandolingaan 1<\/p>\n                                                                                                    <p><span class=\"font-extrabold\">V\u00e4rd:<\/span> Vakant<\/p>\n                                                            <\/div>\n                            <p class=\"leading-normal mb-2\">V\u00e4lkommen till Frukost med n\u00e4ringslivet i Pite\u00e5. Ett utm\u00e4rkt tillf\u00e4lle att n\u00e4tverka, skapa aff\u00e4rer och utbyta erfarenheter. I kombination med en enklare frukost bjuds det p\u00e5 tematiska inspirationsf\u00f6rel\u00e4sningar fr\u00e5n morgonens g\u00e4ster samt aktuell information som r\u00f6r n\u00e4ringslivet i Pite\u00e5. <\/p>\n                                                    <\/div>\n                    <\/div>\n                            <div class=\"grid gap-y-6 mb-6 md:mb-8 md:grid-cols-3 md:gap-x-8\">\n                        <div class=\"md:col-span-1 self-center\">\n                            <picture class=\"w-full\"><img decoding=\"async\" src=\"https:\/\/images.ohmyhosting.se\/9H_lVxwo_BBcCbRj6Yp0thgeFLA=\/832x698\/smart\/filters:quality(85)\/https%3A%2F%2Fpiteabusiness.se%2Fwp-content%2Fuploads%2Fsites%2F4%2F2025%2F10%2FTourguide-bild-levtraff.png\" srcset=\"https:\/\/images.ohmyhosting.se\/9H_lVxwo_BBcCbRj6Yp0thgeFLA=\/832x698\/smart\/filters:quality(85)\/https%3A%2F%2Fpiteabusiness.se%2Fwp-content%2Fuploads%2Fsites%2F4%2F2025%2F10%2FTourguide-bild-levtraff.png 1x, https:\/\/images.ohmyhosting.se\/hiKMl9eloJZlEjHurvRTrnKHDpI=\/1664x1396\/smart\/filters:quality(85)\/https%3A%2F%2Fpiteabusiness.se%2Fwp-content%2Fuploads%2Fsites%2F4%2F2025%2F10%2FTourguide-bild-levtraff.png 2x\" alt=\"\" class=\"w-full rounded-2xl w-full h-full\" \/><\/picture>                        <\/div>\n                        <div class=\"md:col-span-2 self-center\">\n                            <h2 class=\"heading-md mb-2\">27 november<\/h2>\n                            <div class=\"flex flex-col mb-2 gap-2 lg:flex-row lg:gap-4\">\n                                                                    <p><span class=\"font-extrabold\">Tid:<\/span> 07.15-10.00<\/p>\n                                                                                                    <p><span class=\"font-extrabold\">Plats:<\/span> Storstrands kursg\u00e5rd, Mandolingaan 1<\/p>\n                                                                                                    <p><span class=\"font-extrabold\">V\u00e4rd:<\/span> Pite\u00e5 kommun och PIKAB<\/p>\n                                                            <\/div>\n                            <p class=\"leading-normal mb-2\">Pite\u00e5 kommun och de kommunala bolagens \u00e5rliga leveranbt\u00f6rstr\u00e4ff f\u00f6r befintliga och blivande leverant\u00f6rer. <\/p>\n                                                    <\/div>\n                    <\/div>\n            <\/div>\n<\/section>\n\n\n<section class=\"pt-8 md:pt-8 lg:pt-8 pb-8 md:pb-8 lg:pb-8\">\n    <div class=\"holder\">\n        <div class=\"wysiwyg\">\n                    <\/div>\n    <\/div>\n<\/section>","protected":false},"excerpt":{"rendered":"","protected":false},"author":2,"featured_media":0,"parent":0,"menu_order":0,"comment_status":"closed","ping_status":"closed","template":"","meta":{"_acf_changed":false,"footnotes":""},"class_list":["post-47","page","type-page","status-publish","hentry"],"yoast_head":"<!-- This site is optimized with the Yoast SEO plugin v27.4 - https:\/\/yoast.com\/product\/yoast-seo-wordpress\/ -->\n<title>Kommande frukostar - Pite\u00e5 Business Breakfast<\/title>\n<meta name=\"robots\" content=\"index, follow, max-snippet:-1, max-image-preview:large, max-video-preview:-1\" \/>\n<link rel=\"canonical\" href=\"https:\/\/piteabusiness.se\/naringslivsfrukost\/kommande-frukostar\/\" \/>\n<meta property=\"og:locale\" content=\"sv_SE\" \/>\n<meta property=\"og:type\" content=\"article\" \/>\n<meta property=\"og:title\" content=\"Kommande frukostar - Pite\u00e5 Business Breakfast\" \/>\n<meta property=\"og:url\" content=\"https:\/\/piteabusiness.se\/naringslivsfrukost\/kommande-frukostar\/\" \/>\n<meta property=\"og:site_name\" content=\"Pite\u00e5 Business Breakfast\" \/>\n<meta property=\"article:publisher\" content=\"https:\/\/www.facebook.com\/FrukostenPitea\/?locale=sv_SE\" \/>\n<meta property=\"article:modified_time\" content=\"2026-04-09T13:55:15+00:00\" \/>\n<meta name=\"twitter:card\" content=\"summary_large_image\" \/>\n<script type=\"application\/ld+json\" class=\"yoast-schema-graph\">{\"@context\":\"https:\\\/\\\/schema.org\",\"@graph\":[{\"@type\":\"WebPage\",\"@id\":\"https:\\\/\\\/piteabusiness.se\\\/naringslivsfrukost\\\/kommande-frukostar\\\/\",\"url\":\"https:\\\/\\\/piteabusiness.se\\\/naringslivsfrukost\\\/kommande-frukostar\\\/\",\"name\":\"Kommande frukostar - Pite\u00e5 Business Breakfast\",\"isPartOf\":{\"@id\":\"https:\\\/\\\/piteabusiness.se\\\/naringslivsfrukost\\\/#website\"},\"datePublished\":\"2024-09-23T12:23:28+00:00\",\"dateModified\":\"2026-04-09T13:55:15+00:00\",\"breadcrumb\":{\"@id\":\"https:\\\/\\\/piteabusiness.se\\\/naringslivsfrukost\\\/kommande-frukostar\\\/#breadcrumb\"},\"inLanguage\":\"sv-SE\",\"potentialAction\":[{\"@type\":\"ReadAction\",\"target\":[\"https:\\\/\\\/piteabusiness.se\\\/naringslivsfrukost\\\/kommande-frukostar\\\/\"]}]},{\"@type\":\"BreadcrumbList\",\"@id\":\"https:\\\/\\\/piteabusiness.se\\\/naringslivsfrukost\\\/kommande-frukostar\\\/#breadcrumb\",\"itemListElement\":[{\"@type\":\"ListItem\",\"position\":1,\"name\":\"Home\",\"item\":\"https:\\\/\\\/piteabusiness.se\\\/naringslivsfrukost\\\/\"},{\"@type\":\"ListItem\",\"position\":2,\"name\":\"Kommande frukostar\"}]},{\"@type\":\"WebSite\",\"@id\":\"https:\\\/\\\/piteabusiness.se\\\/naringslivsfrukost\\\/#website\",\"url\":\"https:\\\/\\\/piteabusiness.se\\\/naringslivsfrukost\\\/\",\"name\":\"N\u00e4ringslivsfrukost\",\"description\":\"\",\"publisher\":{\"@id\":\"https:\\\/\\\/piteabusiness.se\\\/naringslivsfrukost\\\/#organization\"},\"potentialAction\":[{\"@type\":\"SearchAction\",\"target\":{\"@type\":\"EntryPoint\",\"urlTemplate\":\"https:\\\/\\\/piteabusiness.se\\\/naringslivsfrukost\\\/?s={search_term_string}\"},\"query-input\":{\"@type\":\"PropertyValueSpecification\",\"valueRequired\":true,\"valueName\":\"search_term_string\"}}],\"inLanguage\":\"sv-SE\"},{\"@type\":\"Organization\",\"@id\":\"https:\\\/\\\/piteabusiness.se\\\/naringslivsfrukost\\\/#organization\",\"name\":\"N\u00e4ringslivsfrukost\",\"url\":\"https:\\\/\\\/piteabusiness.se\\\/naringslivsfrukost\\\/\",\"logo\":{\"@type\":\"ImageObject\",\"inLanguage\":\"sv-SE\",\"@id\":\"https:\\\/\\\/piteabusiness.se\\\/naringslivsfrukost\\\/#\\\/schema\\\/logo\\\/image\\\/\",\"url\":\"https:\\\/\\\/piteabusiness.se\\\/wp-content\\\/uploads\\\/sites\\\/4\\\/2024\\\/11\\\/og4-1.jpg\",\"contentUrl\":\"https:\\\/\\\/piteabusiness.se\\\/wp-content\\\/uploads\\\/sites\\\/4\\\/2024\\\/11\\\/og4-1.jpg\",\"width\":1200,\"height\":630,\"caption\":\"N\u00e4ringslivsfrukost\"},\"image\":{\"@id\":\"https:\\\/\\\/piteabusiness.se\\\/naringslivsfrukost\\\/#\\\/schema\\\/logo\\\/image\\\/\"},\"sameAs\":[\"https:\\\/\\\/www.facebook.com\\\/FrukostenPitea\\\/?locale=sv_SE\"]}]}<\/script>\n<!-- \/ Yoast SEO plugin. -->","yoast_head_json":{"title":"Kommande frukostar - Pite\u00e5 Business Breakfast","robots":{"index":"index","follow":"follow","max-snippet":"max-snippet:-1","max-image-preview":"max-image-preview:large","max-video-preview":"max-video-preview:-1"},"canonical":"https:\/\/piteabusiness.se\/naringslivsfrukost\/kommande-frukostar\/","og_locale":"sv_SE","og_type":"article","og_title":"Kommande frukostar - Pite\u00e5 Business Breakfast","og_url":"https:\/\/piteabusiness.se\/naringslivsfrukost\/kommande-frukostar\/","og_site_name":"Pite\u00e5 Business Breakfast","article_publisher":"https:\/\/www.facebook.com\/FrukostenPitea\/?locale=sv_SE","article_modified_time":"2026-04-09T13:55:15+00:00","twitter_card":"summary_large_image","schema":{"@context":"https:\/\/schema.org","@graph":[{"@type":"WebPage","@id":"https:\/\/piteabusiness.se\/naringslivsfrukost\/kommande-frukostar\/","url":"https:\/\/piteabusiness.se\/naringslivsfrukost\/kommande-frukostar\/","name":"Kommande frukostar - Pite\u00e5 Business Breakfast","isPartOf":{"@id":"https:\/\/piteabusiness.se\/naringslivsfrukost\/#website"},"datePublished":"2024-09-23T12:23:28+00:00","dateModified":"2026-04-09T13:55:15+00:00","breadcrumb":{"@id":"https:\/\/piteabusiness.se\/naringslivsfrukost\/kommande-frukostar\/#breadcrumb"},"inLanguage":"sv-SE","potentialAction":[{"@type":"ReadAction","target":["https:\/\/piteabusiness.se\/naringslivsfrukost\/kommande-frukostar\/"]}]},{"@type":"BreadcrumbList","@id":"https:\/\/piteabusiness.se\/naringslivsfrukost\/kommande-frukostar\/#breadcrumb","itemListElement":[{"@type":"ListItem","position":1,"name":"Home","item":"https:\/\/piteabusiness.se\/naringslivsfrukost\/"},{"@type":"ListItem","position":2,"name":"Kommande frukostar"}]},{"@type":"WebSite","@id":"https:\/\/piteabusiness.se\/naringslivsfrukost\/#website","url":"https:\/\/piteabusiness.se\/naringslivsfrukost\/","name":"N\u00e4ringslivsfrukost","description":"","publisher":{"@id":"https:\/\/piteabusiness.se\/naringslivsfrukost\/#organization"},"potentialAction":[{"@type":"SearchAction","target":{"@type":"EntryPoint","urlTemplate":"https:\/\/piteabusiness.se\/naringslivsfrukost\/?s={search_term_string}"},"query-input":{"@type":"PropertyValueSpecification","valueRequired":true,"valueName":"search_term_string"}}],"inLanguage":"sv-SE"},{"@type":"Organization","@id":"https:\/\/piteabusiness.se\/naringslivsfrukost\/#organization","name":"N\u00e4ringslivsfrukost","url":"https:\/\/piteabusiness.se\/naringslivsfrukost\/","logo":{"@type":"ImageObject","inLanguage":"sv-SE","@id":"https:\/\/piteabusiness.se\/naringslivsfrukost\/#\/schema\/logo\/image\/","url":"https:\/\/piteabusiness.se\/wp-content\/uploads\/sites\/4\/2024\/11\/og4-1.jpg","contentUrl":"https:\/\/piteabusiness.se\/wp-content\/uploads\/sites\/4\/2024\/11\/og4-1.jpg","width":1200,"height":630,"caption":"N\u00e4ringslivsfrukost"},"image":{"@id":"https:\/\/piteabusiness.se\/naringslivsfrukost\/#\/schema\/logo\/image\/"},"sameAs":["https:\/\/www.facebook.com\/FrukostenPitea\/?locale=sv_SE"]}]}},"acf":[],"_links":{"self":[{"href":"https:\/\/piteabusiness.se\/naringslivsfrukost\/wp-json\/wp\/v2\/pages\/47","targetHints":{"allow":["GET"]}}],"collection":[{"href":"https:\/\/piteabusiness.se\/naringslivsfrukost\/wp-json\/wp\/v2\/pages"}],"about":[{"href":"https:\/\/piteabusiness.se\/naringslivsfrukost\/wp-json\/wp\/v2\/types\/page"}],"author":[{"embeddable":true,"href":"https:\/\/piteabusiness.se\/naringslivsfrukost\/wp-json\/wp\/v2\/users\/2"}],"replies":[{"embeddable":true,"href":"https:\/\/piteabusiness.se\/naringslivsfrukost\/wp-json\/wp\/v2\/comments?post=47"}],"version-history":[{"count":67,"href":"https:\/\/piteabusiness.se\/naringslivsfrukost\/wp-json\/wp\/v2\/pages\/47\/revisions"}],"predecessor-version":[{"id":409,"href":"https:\/\/piteabusiness.se\/naringslivsfrukost\/wp-json\/wp\/v2\/pages\/47\/revisions\/409"}],"wp:attachment":[{"href":"https:\/\/piteabusiness.se\/naringslivsfrukost\/wp-json\/wp\/v2\/media?parent=47"}],"curies":[{"name":"wp","href":"https:\/\/api.w.org\/{rel}","templated":true}]}}