{"id":217,"date":"2025-01-29T16:01:30","date_gmt":"2025-01-29T16:01:30","guid":{"rendered":"https:\/\/piteabusiness.se\/pitea-business-awards\/?page_id=217"},"modified":"2026-02-06T08:17:36","modified_gmt":"2026-02-06T08:17:36","slug":"nominerade-2","status":"publish","type":"page","link":"https:\/\/piteabusiness.se\/pitea-business-awards\/nominerade-2\/","title":{"rendered":"Nominerade (presentation)"},"content":{"rendered":"\n\n<section class=\"pt-8 md:pt-8 lg:pt-8 pb-8 md:pb-8 lg:pb-8\">\n    <div class=\"holder\">\n        <div class=\"flex flex-col-reverse lg:grid lg:grid-cols-12 lg:gap-8 bg-darkblue rounded-3xl\">\n            <div class=\"text-white lg:col-span-7 p-4 lg:p-16 flex flex-col\">\n                <h2 class=\"heading-md mb-3 lg:mb-6\">\u00c5rets F\u00f6reningsfr\u00e4mjare 2025<\/h2>\n                <p class=\"body-l mb-3 lg:mb-6\">JURY:<\/b> <br><b>Anna Bogren Dalberg<\/b> Pite\u00e5 Summer Games\r\n<br> <b>Stefan Uddstr\u00f6m<\/b> Handelsbanken<br>\r\n<b>Fredrik Blom<\/b> Pite\u00e5 kommun<br>\r\n<b>Riitta Hovinen<\/b> Pite\u00e5 kommun<\/p>\n                                    <a class=\"btn mr-auto\" href=\"https:\/\/piteabusiness.se\/pitea-business-awards\/arets-foreningsframjare\/\" target=\"_blank\">Till nominerade<\/a>\n                            <\/div>\n            <div class=\"lg:col-span-5\">\n                <picture class=\"w-full\"><img decoding=\"async\" src=\"https:\/\/images.ohmyhosting.se\/k_ehQaFtsJikZHTs_T9YQCuZIX4=\/528x412\/smart\/filters:quality(85)\/https%3A%2F%2Fpiteabusiness.se%2Fwp-content%2Fuploads%2Fsites%2F3%2F2025%2F01%2FNominerade-info6.png\" srcset=\"https:\/\/images.ohmyhosting.se\/k_ehQaFtsJikZHTs_T9YQCuZIX4=\/528x412\/smart\/filters:quality(85)\/https%3A%2F%2Fpiteabusiness.se%2Fwp-content%2Fuploads%2Fsites%2F3%2F2025%2F01%2FNominerade-info6.png 1x, https:\/\/images.ohmyhosting.se\/setj0Yq0u-CA8pXEXHFfbLB5G1Q=\/1056x824\/smart\/filters:quality(85)\/https%3A%2F%2Fpiteabusiness.se%2Fwp-content%2Fuploads%2Fsites%2F3%2F2025%2F01%2FNominerade-info6.png 2x\" alt=\"\" class=\"w-full object-cover h-full w-full rounded-tr-3xl rounded-tl-3xl lg:rounded-tl-0 lg:rounded-br-3xl\" \/><\/picture>            <\/div>\n        <\/div>\n    <\/div>\n<\/section>\n\n\n\n<section class=\"pt-8 md:pt-8 lg:pt-8 pb-8 md:pb-8 lg:pb-8\">\n    <div class=\"holder\">\n        <div class=\"flex flex-col-reverse lg:grid lg:grid-cols-12 lg:gap-8 bg-darkblue rounded-3xl\">\n            <div class=\"text-white lg:col-span-7 p-4 lg:p-16 flex flex-col\">\n                <h2 class=\"heading-md mb-3 lg:mb-6\">\u00c5rets H\u00e5llbarhetspris 2025<\/h2>\n                <p class=\"body-l mb-3 lg:mb-6\">JURY:<\/b> <br><b>Josefin Lundqvist<\/b> Pireva<br>\r\n<b>Petra Granstr\u00f6m<\/b>, Pireva<br>\r\n<b>Michael Bodin<\/b> Pireva<br>\r\n<b>Johanna Lundstr\u00f6m<\/b> Pireva<br>\r\n<b>Erik Lundberg<\/b> Pireva<br>\r\n<b>John Petz\u00e4ll<\/b> Pireva<br>\r\n<b>Jessica Lindberg<\/b> Pite\u00e5 kommun<\/p>\n                                    <a class=\"btn mr-auto\" href=\"https:\/\/piteabusiness.se\/pitea-business-awards\/arets-hallbarhetspris\/\" target=\"_blank\">Till nominerade<\/a>\n                            <\/div>\n            <div class=\"lg:col-span-5\">\n                <picture class=\"w-full\"><img decoding=\"async\" src=\"https:\/\/images.ohmyhosting.se\/UftMxIlPFak3OBR0mf6JNwsxCfs=\/528x412\/smart\/filters:quality(85)\/https%3A%2F%2Fpiteabusiness.se%2Fwp-content%2Fuploads%2Fsites%2F3%2F2025%2F01%2FNominerade-PIREVA.png\" srcset=\"https:\/\/images.ohmyhosting.se\/UftMxIlPFak3OBR0mf6JNwsxCfs=\/528x412\/smart\/filters:quality(85)\/https%3A%2F%2Fpiteabusiness.se%2Fwp-content%2Fuploads%2Fsites%2F3%2F2025%2F01%2FNominerade-PIREVA.png 1x, https:\/\/images.ohmyhosting.se\/SL2JnuZetKZhUeat-hMZgutWKrU=\/1056x824\/smart\/filters:quality(85)\/https%3A%2F%2Fpiteabusiness.se%2Fwp-content%2Fuploads%2Fsites%2F3%2F2025%2F01%2FNominerade-PIREVA.png 2x\" alt=\"\" class=\"w-full object-cover h-full w-full rounded-tr-3xl rounded-tl-3xl lg:rounded-tl-0 lg:rounded-br-3xl\" \/><\/picture>            <\/div>\n        <\/div>\n    <\/div>\n<\/section>\n\n\n\n<section class=\"pt-8 md:pt-8 lg:pt-8 pb-8 md:pb-8 lg:pb-8\">\n    <div class=\"holder\">\n        <div class=\"flex flex-col-reverse lg:grid lg:grid-cols-12 lg:gap-8 bg-darkblue rounded-3xl\">\n            <div class=\"text-white lg:col-span-7 p-4 lg:p-16 flex flex-col\">\n                <h2 class=\"heading-md mb-3 lg:mb-6\">\u00c5rets S\u00e4kerhetspris 2025<\/h2>\n                <p class=\"body-l mb-3 lg:mb-6\">JURY: <br><b>\u00c5sa Wellborg<\/b>, Smurfit Westrock<br>\r\n<b>Ulf \u00d6hlund<\/b> Smurfit Westrock<br>\r\n<b>Johan Norrby<\/b> Smurfit Westrock<br>\r\n<b>Kjell Lundberg<\/b> SCA Wood AB<br>\r\n<b>Linus Lidman<\/b> SCA Skog AB<br>\r\n<b>Thomas Westerlund<\/b> SCA Munksund AB<br>\r\n<b>Sara Holm<\/b> Pite\u00e5 kommun<\/p>\n                                    <a class=\"btn mr-auto\" href=\"https:\/\/piteabusiness.se\/pitea-business-awards\/arets-sakerhetspris\/\" target=\"_blank\">Till nominerade<\/a>\n                            <\/div>\n            <div class=\"lg:col-span-5\">\n                <picture class=\"w-full\"><img decoding=\"async\" src=\"https:\/\/images.ohmyhosting.se\/MFo4USTlFFa8zMCUZ_DU3hD-6vM=\/528x412\/smart\/filters:quality(85)\/https%3A%2F%2Fpiteabusiness.se%2Fwp-content%2Fuploads%2Fsites%2F3%2F2026%2F01%2FNominerade-SMURFIT-WESTROCK-SCA.png\" srcset=\"https:\/\/images.ohmyhosting.se\/MFo4USTlFFa8zMCUZ_DU3hD-6vM=\/528x412\/smart\/filters:quality(85)\/https%3A%2F%2Fpiteabusiness.se%2Fwp-content%2Fuploads%2Fsites%2F3%2F2026%2F01%2FNominerade-SMURFIT-WESTROCK-SCA.png 1x, https:\/\/images.ohmyhosting.se\/kw2zytJdman_cJnUWcDGn7_lHdg=\/1056x824\/smart\/filters:quality(85)\/https%3A%2F%2Fpiteabusiness.se%2Fwp-content%2Fuploads%2Fsites%2F3%2F2026%2F01%2FNominerade-SMURFIT-WESTROCK-SCA.png 2x\" alt=\"\" class=\"w-full object-cover h-full w-full rounded-tr-3xl rounded-tl-3xl lg:rounded-tl-0 lg:rounded-br-3xl\" \/><\/picture>            <\/div>\n        <\/div>\n    <\/div>\n<\/section>\n\n\n\n<section class=\"pt-8 md:pt-8 lg:pt-8 pb-8 md:pb-8 lg:pb-8\">\n    <div class=\"holder\">\n        <div class=\"flex flex-col-reverse lg:grid lg:grid-cols-12 lg:gap-8 bg-darkblue rounded-3xl\">\n            <div class=\"text-white lg:col-span-7 p-4 lg:p-16 flex flex-col\">\n                <h2 class=\"heading-md mb-3 lg:mb-6\">\u00c5rets M\u00f6jligg\u00f6rare 2025<\/h2>\n                <p class=\"body-l mb-3 lg:mb-6\">JURY:<\/b> <br><b>Annica Pettersson<\/b> Wibax<br>\r\n<b>Emma Nystr\u00f6m<\/b> Wibax<br>\r\n<b>Hannah Degerman<\/b> Pite\u00e5 kommun<br>\r\n<b>Daniel Stenmarck<\/b> ICA Kvantum<\/p>\n                                    <a class=\"btn mr-auto\" href=\"https:\/\/piteabusiness.se\/pitea-business-awards\/arets-mojliggorare\/\" target=\"\">\u00c5rets M\u00f6jligg\u00f6rare<\/a>\n                            <\/div>\n            <div class=\"lg:col-span-5\">\n                <picture class=\"w-full\"><img decoding=\"async\" src=\"https:\/\/images.ohmyhosting.se\/vU5zbjnYz6D-0gR75VkXv6wetBY=\/528x412\/smart\/filters:quality(85)\/https%3A%2F%2Fpiteabusiness.se%2Fwp-content%2Fuploads%2Fsites%2F3%2F2025%2F01%2FNominerade-WIBAX-1.png\" srcset=\"https:\/\/images.ohmyhosting.se\/vU5zbjnYz6D-0gR75VkXv6wetBY=\/528x412\/smart\/filters:quality(85)\/https%3A%2F%2Fpiteabusiness.se%2Fwp-content%2Fuploads%2Fsites%2F3%2F2025%2F01%2FNominerade-WIBAX-1.png 1x, https:\/\/images.ohmyhosting.se\/RN6bvL4m-QtDTslvqdAx1rVPpZs=\/1056x824\/smart\/filters:quality(85)\/https%3A%2F%2Fpiteabusiness.se%2Fwp-content%2Fuploads%2Fsites%2F3%2F2025%2F01%2FNominerade-WIBAX-1.png 2x\" alt=\"\" class=\"w-full object-cover h-full w-full rounded-tr-3xl rounded-tl-3xl lg:rounded-tl-0 lg:rounded-br-3xl\" \/><\/picture>            <\/div>\n        <\/div>\n    <\/div>\n<\/section>\n\n\n\n<section class=\"pt-8 md:pt-8 lg:pt-8 pb-8 md:pb-8 lg:pb-8\">\n    <div class=\"holder\">\n        <div class=\"flex flex-col-reverse lg:grid lg:grid-cols-12 lg:gap-8 bg-darkblue rounded-3xl\">\n            <div class=\"text-white lg:col-span-7 p-4 lg:p-16 flex flex-col\">\n                <h2 class=\"heading-md mb-3 lg:mb-6\">\u00c5rets V\u00e4rdskap 2025<\/h2>\n                <p class=\"body-l mb-3 lg:mb-6\">JURY:<\/b> <br><b>David Wellborg<\/b> Sunpine<br> \r\n<b>Mari Berglund<\/b> Pite\u00e5tidningen<br>\r\n<b>Mathilda Mattsson<\/b> Pite\u00e5tidningen<br>\r\n<b>Marie Lindgren Berglund<\/b> Pite\u00e5 Kommun<br>\r\n<b>Katarina Johansson<\/b> Pite\u00e5 Kommun<br>\r\n<\/p>\n                                    <a class=\"btn mr-auto\" href=\"https:\/\/piteabusiness.se\/pitea-business-awards\/arets-vardskap\/\" target=\"_blank\">Till nominerade<\/a>\n                            <\/div>\n            <div class=\"lg:col-span-5\">\n                <picture class=\"w-full\"><img decoding=\"async\" src=\"https:\/\/images.ohmyhosting.se\/YoRaFsDtAsGEXJSNdAkfhksduwE=\/528x412\/smart\/filters:quality(85)\/https%3A%2F%2Fpiteabusiness.se%2Fwp-content%2Fuploads%2Fsites%2F3%2F2026%2F02%2FNominerade-PT-PITEA-KOMMUN.png\" srcset=\"https:\/\/images.ohmyhosting.se\/YoRaFsDtAsGEXJSNdAkfhksduwE=\/528x412\/smart\/filters:quality(85)\/https%3A%2F%2Fpiteabusiness.se%2Fwp-content%2Fuploads%2Fsites%2F3%2F2026%2F02%2FNominerade-PT-PITEA-KOMMUN.png 1x, https:\/\/images.ohmyhosting.se\/qzhJqADfYJReqAiGxlkamSZDOQs=\/1056x824\/smart\/filters:quality(85)\/https%3A%2F%2Fpiteabusiness.se%2Fwp-content%2Fuploads%2Fsites%2F3%2F2026%2F02%2FNominerade-PT-PITEA-KOMMUN.png 2x\" alt=\"\" class=\"w-full object-cover h-full w-full rounded-tr-3xl rounded-tl-3xl lg:rounded-tl-0 lg:rounded-br-3xl\" \/><\/picture>            <\/div>\n        <\/div>\n    <\/div>\n<\/section>\n\n\n\n<section class=\"pt-8 md:pt-8 lg:pt-8 pb-8 md:pb-8 lg:pb-8\">\n    <div class=\"holder\">\n        <div class=\"flex flex-col-reverse lg:grid lg:grid-cols-12 lg:gap-8 bg-darkblue rounded-3xl\">\n            <div class=\"text-white lg:col-span-7 p-4 lg:p-16 flex flex-col\">\n                <h2 class=\"heading-md mb-3 lg:mb-6\">\u00c5rets Nyf\u00f6retagare 2025<\/h2>\n                <p class=\"body-l mb-3 lg:mb-6\">JURY:<br>\r\n<b>Erik Nystr\u00f6m<\/b> Norrlandsfonden<br>\r\n<b>Anna M\u00f6rtberg<\/b>\u00a0Almi<br>\r\n<b>Stina Eriksson<\/b>\u00a0Pite\u00e5 Kommun<br>\r\n<b>Annika Sandberg<\/b>\u00a0Sparbanken Nord<\/p>\n                                    <a class=\"btn mr-auto\" href=\"https:\/\/piteabusiness.se\/pitea-business-awards\/arets-nyforetagare\/\" target=\"_blank\">Till nominerade<\/a>\n                            <\/div>\n            <div class=\"lg:col-span-5\">\n                <picture class=\"w-full\"><img decoding=\"async\" src=\"https:\/\/images.ohmyhosting.se\/vJq73oocqJHh4j8Nooy5paRfswA=\/528x412\/smart\/filters:quality(85)\/https%3A%2F%2Fpiteabusiness.se%2Fwp-content%2Fuploads%2Fsites%2F3%2F2025%2F01%2FNominerade-SPARBANKEN-NORD.png\" srcset=\"https:\/\/images.ohmyhosting.se\/vJq73oocqJHh4j8Nooy5paRfswA=\/528x412\/smart\/filters:quality(85)\/https%3A%2F%2Fpiteabusiness.se%2Fwp-content%2Fuploads%2Fsites%2F3%2F2025%2F01%2FNominerade-SPARBANKEN-NORD.png 1x, https:\/\/images.ohmyhosting.se\/Y3rDYUMqoX4xGCf9LuCWr37eOKE=\/1056x824\/smart\/filters:quality(85)\/https%3A%2F%2Fpiteabusiness.se%2Fwp-content%2Fuploads%2Fsites%2F3%2F2025%2F01%2FNominerade-SPARBANKEN-NORD.png 2x\" alt=\"\" class=\"w-full object-cover h-full w-full rounded-tr-3xl rounded-tl-3xl lg:rounded-tl-0 lg:rounded-br-3xl\" \/><\/picture>            <\/div>\n        <\/div>\n    <\/div>\n<\/section>\n\n\n\n<section class=\"pt-8 md:pt-8 lg:pt-8 pb-8 md:pb-8 lg:pb-8\">\n    <div class=\"holder\">\n        <div class=\"flex flex-col-reverse lg:grid lg:grid-cols-12 lg:gap-8 bg-darkblue rounded-3xl\">\n            <div class=\"text-white lg:col-span-7 p-4 lg:p-16 flex flex-col\">\n                <h2 class=\"heading-md mb-3 lg:mb-6\">\u00c5rets Varum\u00e4rke 2025<\/h2>\n                <p class=\"body-l mb-3 lg:mb-6\">JURY:<\/b> <br><b>Signe Lindgren<\/b> Oh My\r\n<br> <b>Johan \u00d6hgren<\/b> More Studios<br>\r\n<b>Christoffer K\u00e4llstr\u00f6m<\/b> In The Cold<br>\r\n<b>Jimmy Nilsson<\/b> Tromb<br>\r\n<b>John Wiksten<\/b> Picknick media<br>\r\n<b>J\u00f6rgen Hult<\/b> Pite\u00e5 kommun<br><\/p>\n                                    <a class=\"btn mr-auto\" href=\"https:\/\/piteabusiness.se\/pitea-business-awards\/arets-varumarke\/\" target=\"_blank\">Till nominerade<\/a>\n                            <\/div>\n            <div class=\"lg:col-span-5\">\n                <picture class=\"w-full\"><img decoding=\"async\" src=\"https:\/\/images.ohmyhosting.se\/PNWyJGxt5bsLSjWpZV_9Q9ljWp8=\/528x412\/smart\/filters:quality(85)\/https%3A%2F%2Fpiteabusiness.se%2Fwp-content%2Fuploads%2Fsites%2F3%2F2025%2F01%2FNominerade-OHMY.png\" srcset=\"https:\/\/images.ohmyhosting.se\/PNWyJGxt5bsLSjWpZV_9Q9ljWp8=\/528x412\/smart\/filters:quality(85)\/https%3A%2F%2Fpiteabusiness.se%2Fwp-content%2Fuploads%2Fsites%2F3%2F2025%2F01%2FNominerade-OHMY.png 1x, https:\/\/images.ohmyhosting.se\/R_eGPnb57oUOBaGu7nG1I5qFLmk=\/1056x824\/smart\/filters:quality(85)\/https%3A%2F%2Fpiteabusiness.se%2Fwp-content%2Fuploads%2Fsites%2F3%2F2025%2F01%2FNominerade-OHMY.png 2x\" alt=\"\" class=\"w-full object-cover h-full w-full rounded-tr-3xl rounded-tl-3xl lg:rounded-tl-0 lg:rounded-br-3xl\" \/><\/picture>            <\/div>\n        <\/div>\n    <\/div>\n<\/section>\n\n\n\n<section class=\"pt-8 md:pt-8 lg:pt-8 pb-8 md:pb-8 lg:pb-8\">\n    <div class=\"holder\">\n        <div class=\"flex flex-col-reverse lg:grid lg:grid-cols-12 lg:gap-8 bg-darkblue rounded-3xl\">\n            <div class=\"text-white lg:col-span-7 p-4 lg:p-16 flex flex-col\">\n                <h2 class=\"heading-md mb-3 lg:mb-6\">\u00c5rets F\u00f6retagare 2025<\/h2>\n                <p class=\"body-l mb-3 lg:mb-6\">JURY:<\/b> <br><b>Jan-Eric Sandberg<\/b><br>\r\n<b>Li Skarin<\/b><br>\r\n<b>Cecilia Lindstr\u00f6m<\/b><br>\r\n<b>Annica Sandberg<\/b><br>\r\n<b>G\u00f6ran Carlsson<\/b><br>\r\n<b>Ulf Fj\u00e4llstr\u00f6m<\/b><br>\r\n<\/p>\n                                    <a class=\"btn mr-auto\" href=\"https:\/\/piteabusiness.se\/pitea-business-awards\/arets-foretagare\/\" target=\"_blank\">Till nominerade<\/a>\n                            <\/div>\n            <div class=\"lg:col-span-5\">\n                <picture class=\"w-full\"><img decoding=\"async\" src=\"https:\/\/images.ohmyhosting.se\/mtx2abHbiAMe1onhBNOaMwJ5_Mc=\/528x412\/smart\/filters:quality(85)\/https%3A%2F%2Fpiteabusiness.se%2Fwp-content%2Fuploads%2Fsites%2F3%2F2025%2F01%2FNominerade-FORETAGARNA.png\" srcset=\"https:\/\/images.ohmyhosting.se\/mtx2abHbiAMe1onhBNOaMwJ5_Mc=\/528x412\/smart\/filters:quality(85)\/https%3A%2F%2Fpiteabusiness.se%2Fwp-content%2Fuploads%2Fsites%2F3%2F2025%2F01%2FNominerade-FORETAGARNA.png 1x, https:\/\/images.ohmyhosting.se\/mY7k4ausv9iL4FJZxhVNt11lJv8=\/1056x824\/smart\/filters:quality(85)\/https%3A%2F%2Fpiteabusiness.se%2Fwp-content%2Fuploads%2Fsites%2F3%2F2025%2F01%2FNominerade-FORETAGARNA.png 2x\" alt=\"\" class=\"w-full object-cover h-full w-full rounded-tr-3xl rounded-tl-3xl lg:rounded-tl-0 lg:rounded-br-3xl\" \/><\/picture>            <\/div>\n        <\/div>\n    <\/div>\n<\/section>\n\n\n<section class=\"pt-8 md:pt-8 lg:pt-8 pb-16 md:pb-16 lg:pb-16\">\n    <div class=\"holder\">\n        <div class=\"relative py-24\">\n            <div class=\"absolute top-0 left-0 right-0 w-full h-full\">\n                <picture class=\"w-full\"><source media=\"(max-width:639px)\" srcset=\"https:\/\/images.ohmyhosting.se\/NQk8wm4DZC2SopI7OtNFKJrfHog=\/400x400\/smart\/filters:quality(85)\/https%3A%2F%2Fpiteabusiness.se%2Fwp-content%2Fuploads%2Fsites%2F3%2F2025%2F01%2Fbakgrund-CTA-3.png 1x, https:\/\/images.ohmyhosting.se\/7SR0aoR2W4lie4gpmjI0zWXF9RQ=\/800x800\/smart\/filters:quality(85)\/https%3A%2F%2Fpiteabusiness.se%2Fwp-content%2Fuploads%2Fsites%2F3%2F2025%2F01%2Fbakgrund-CTA-3.png 2x\"><source media=\"(max-width:1022px)\" srcset=\"https:\/\/images.ohmyhosting.se\/Z1eapLGIlGYf5JaJXYCjEv3Cgf8=\/820x820\/smart\/filters:quality(85)\/https%3A%2F%2Fpiteabusiness.se%2Fwp-content%2Fuploads%2Fsites%2F3%2F2025%2F01%2Fbakgrund-CTA-3.png 1x, https:\/\/images.ohmyhosting.se\/b1RJ6-Genu21JjYiHxT1o04yjAU=\/1640x1640\/smart\/filters:quality(85)\/https%3A%2F%2Fpiteabusiness.se%2Fwp-content%2Fuploads%2Fsites%2F3%2F2025%2F01%2Fbakgrund-CTA-3.png 2x\"><source media=\"(max-width:1920px)\" srcset=\"https:\/\/images.ohmyhosting.se\/9MUEq3M57V97sA3Zjnho7SV6ng8=\/2560x746\/smart\/filters:quality(85)\/https%3A%2F%2Fpiteabusiness.se%2Fwp-content%2Fuploads%2Fsites%2F3%2F2025%2F01%2Fbakgrund-CTA-3.png 1x, https:\/\/images.ohmyhosting.se\/sPFfBYTXgRpndYXmciQ2dqBWdfo=\/5120x1492\/smart\/filters:quality(85)\/https%3A%2F%2Fpiteabusiness.se%2Fwp-content%2Fuploads%2Fsites%2F3%2F2025%2F01%2Fbakgrund-CTA-3.png 2x\"><img decoding=\"async\" src=\"https:\/\/images.ohmyhosting.se\/KTLTVFB90NneNdszB9iN0KboxtM=\/1440x587\/smart\/filters:quality(85)\/https%3A%2F%2Fpiteabusiness.se%2Fwp-content%2Fuploads%2Fsites%2F3%2F2025%2F01%2Fbakgrund-CTA-3.png\" srcset=\"https:\/\/images.ohmyhosting.se\/KTLTVFB90NneNdszB9iN0KboxtM=\/1440x587\/smart\/filters:quality(85)\/https%3A%2F%2Fpiteabusiness.se%2Fwp-content%2Fuploads%2Fsites%2F3%2F2025%2F01%2Fbakgrund-CTA-3.png 1x, https:\/\/images.ohmyhosting.se\/pbFCFVtrepZTWiJmNp0_6FVO0EU=\/2880x1174\/smart\/filters:quality(85)\/https%3A%2F%2Fpiteabusiness.se%2Fwp-content%2Fuploads%2Fsites%2F3%2F2025%2F01%2Fbakgrund-CTA-3.png 2x\" alt=\"\" class=\"w-full object-cover h-full w-full rounded-2xl\" \/><\/picture>            <\/div>\n            <div class=\"lg:max-w-[545px] mx-auto text-center relative z-10 p-4 lg:p-0\">\n                <h2 class=\"heading-md text-white mb-3 lg:mb-6\">Var med &#038; fira vinnarna!<br \/>\r\n<\/h2>\n                <p class=\"body-l text-white mb-6\">Den 20 februari samlas vi p\u00e5 Pite\u00e5 Business Awards f\u00f6r att hylla de nominerade och kora vinnarna i de \u00e5tta priskategorierna. Naturligtvis vill vi ha dig med n\u00e4r vi firar deras framg\u00e5ngar. S\u00e4kra din plats redan nu!<br> <br>\r\n\r\n<\/p>\n                                    <div>\n                        <a class=\"btn white inline-block\" href=\"https:\/\/secure.tickster.com\/sv\/6ah75h3127u264p\/tablereservation\" target=\"_blank\">K\u00f6p biljetter<\/a>\n                    <\/div>\n                            <\/div>\n        <\/div>\n    <\/div>\n<\/section>","protected":false},"excerpt":{"rendered":"","protected":false},"author":2,"featured_media":0,"parent":0,"menu_order":0,"comment_status":"closed","ping_status":"closed","template":"","meta":{"_acf_changed":false,"footnotes":""},"class_list":["post-217","page","type-page","status-publish","hentry"],"yoast_head":"<!-- This site is optimized with the Yoast SEO plugin v27.4 - https:\/\/yoast.com\/product\/yoast-seo-wordpress\/ -->\n<title>Nominerade (presentation) - Pite\u00e5 Business Awards<\/title>\n<meta name=\"robots\" content=\"index, follow, max-snippet:-1, max-image-preview:large, max-video-preview:-1\" \/>\n<link rel=\"canonical\" href=\"https:\/\/piteabusiness.se\/pitea-business-awards\/nominerade-2\/\" \/>\n<meta property=\"og:locale\" content=\"sv_SE\" \/>\n<meta property=\"og:type\" content=\"article\" \/>\n<meta property=\"og:title\" content=\"Nominerade (presentation) - Pite\u00e5 Business Awards\" \/>\n<meta property=\"og:url\" content=\"https:\/\/piteabusiness.se\/pitea-business-awards\/nominerade-2\/\" \/>\n<meta property=\"og:site_name\" content=\"Pite\u00e5 Business Awards\" \/>\n<meta property=\"article:publisher\" content=\"https:\/\/www.facebook.com\/PiteaBusiness\/\" \/>\n<meta property=\"article:modified_time\" content=\"2026-02-06T08:17:36+00:00\" \/>\n<meta name=\"twitter:card\" content=\"summary_large_image\" \/>\n<script type=\"application\/ld+json\" class=\"yoast-schema-graph\">{\"@context\":\"https:\\\/\\\/schema.org\",\"@graph\":[{\"@type\":\"WebPage\",\"@id\":\"https:\\\/\\\/piteabusiness.se\\\/pitea-business-awards\\\/nominerade-2\\\/\",\"url\":\"https:\\\/\\\/piteabusiness.se\\\/pitea-business-awards\\\/nominerade-2\\\/\",\"name\":\"Nominerade (presentation) - Pite\u00e5 Business Awards\",\"isPartOf\":{\"@id\":\"https:\\\/\\\/piteabusiness.se\\\/pitea-business-awards\\\/#website\"},\"datePublished\":\"2025-01-29T16:01:30+00:00\",\"dateModified\":\"2026-02-06T08:17:36+00:00\",\"breadcrumb\":{\"@id\":\"https:\\\/\\\/piteabusiness.se\\\/pitea-business-awards\\\/nominerade-2\\\/#breadcrumb\"},\"inLanguage\":\"sv-SE\",\"potentialAction\":[{\"@type\":\"ReadAction\",\"target\":[\"https:\\\/\\\/piteabusiness.se\\\/pitea-business-awards\\\/nominerade-2\\\/\"]}]},{\"@type\":\"BreadcrumbList\",\"@id\":\"https:\\\/\\\/piteabusiness.se\\\/pitea-business-awards\\\/nominerade-2\\\/#breadcrumb\",\"itemListElement\":[{\"@type\":\"ListItem\",\"position\":1,\"name\":\"Home\",\"item\":\"https:\\\/\\\/piteabusiness.se\\\/pitea-business-awards\\\/\"},{\"@type\":\"ListItem\",\"position\":2,\"name\":\"Nominerade (presentation)\"}]},{\"@type\":\"WebSite\",\"@id\":\"https:\\\/\\\/piteabusiness.se\\\/pitea-business-awards\\\/#website\",\"url\":\"https:\\\/\\\/piteabusiness.se\\\/pitea-business-awards\\\/\",\"name\":\"Pite\u00e5 Business Awards\",\"description\":\"\",\"publisher\":{\"@id\":\"https:\\\/\\\/piteabusiness.se\\\/pitea-business-awards\\\/#organization\"},\"potentialAction\":[{\"@type\":\"SearchAction\",\"target\":{\"@type\":\"EntryPoint\",\"urlTemplate\":\"https:\\\/\\\/piteabusiness.se\\\/pitea-business-awards\\\/?s={search_term_string}\"},\"query-input\":{\"@type\":\"PropertyValueSpecification\",\"valueRequired\":true,\"valueName\":\"search_term_string\"}}],\"inLanguage\":\"sv-SE\"},{\"@type\":\"Organization\",\"@id\":\"https:\\\/\\\/piteabusiness.se\\\/pitea-business-awards\\\/#organization\",\"name\":\"Pite\u00e5 Business Awards\",\"url\":\"https:\\\/\\\/piteabusiness.se\\\/pitea-business-awards\\\/\",\"logo\":{\"@type\":\"ImageObject\",\"inLanguage\":\"sv-SE\",\"@id\":\"https:\\\/\\\/piteabusiness.se\\\/pitea-business-awards\\\/#\\\/schema\\\/logo\\\/image\\\/\",\"url\":\"https:\\\/\\\/piteabusiness.se\\\/wp-content\\\/uploads\\\/sites\\\/3\\\/2024\\\/11\\\/og3.jpg\",\"contentUrl\":\"https:\\\/\\\/piteabusiness.se\\\/wp-content\\\/uploads\\\/sites\\\/3\\\/2024\\\/11\\\/og3.jpg\",\"width\":1200,\"height\":630,\"caption\":\"Pite\u00e5 Business Awards\"},\"image\":{\"@id\":\"https:\\\/\\\/piteabusiness.se\\\/pitea-business-awards\\\/#\\\/schema\\\/logo\\\/image\\\/\"},\"sameAs\":[\"https:\\\/\\\/www.facebook.com\\\/PiteaBusiness\\\/\"]}]}<\/script>\n<!-- \/ Yoast SEO plugin. -->","yoast_head_json":{"title":"Nominerade (presentation) - Pite\u00e5 Business Awards","robots":{"index":"index","follow":"follow","max-snippet":"max-snippet:-1","max-image-preview":"max-image-preview:large","max-video-preview":"max-video-preview:-1"},"canonical":"https:\/\/piteabusiness.se\/pitea-business-awards\/nominerade-2\/","og_locale":"sv_SE","og_type":"article","og_title":"Nominerade (presentation) - Pite\u00e5 Business Awards","og_url":"https:\/\/piteabusiness.se\/pitea-business-awards\/nominerade-2\/","og_site_name":"Pite\u00e5 Business Awards","article_publisher":"https:\/\/www.facebook.com\/PiteaBusiness\/","article_modified_time":"2026-02-06T08:17:36+00:00","twitter_card":"summary_large_image","schema":{"@context":"https:\/\/schema.org","@graph":[{"@type":"WebPage","@id":"https:\/\/piteabusiness.se\/pitea-business-awards\/nominerade-2\/","url":"https:\/\/piteabusiness.se\/pitea-business-awards\/nominerade-2\/","name":"Nominerade (presentation) - Pite\u00e5 Business Awards","isPartOf":{"@id":"https:\/\/piteabusiness.se\/pitea-business-awards\/#website"},"datePublished":"2025-01-29T16:01:30+00:00","dateModified":"2026-02-06T08:17:36+00:00","breadcrumb":{"@id":"https:\/\/piteabusiness.se\/pitea-business-awards\/nominerade-2\/#breadcrumb"},"inLanguage":"sv-SE","potentialAction":[{"@type":"ReadAction","target":["https:\/\/piteabusiness.se\/pitea-business-awards\/nominerade-2\/"]}]},{"@type":"BreadcrumbList","@id":"https:\/\/piteabusiness.se\/pitea-business-awards\/nominerade-2\/#breadcrumb","itemListElement":[{"@type":"ListItem","position":1,"name":"Home","item":"https:\/\/piteabusiness.se\/pitea-business-awards\/"},{"@type":"ListItem","position":2,"name":"Nominerade (presentation)"}]},{"@type":"WebSite","@id":"https:\/\/piteabusiness.se\/pitea-business-awards\/#website","url":"https:\/\/piteabusiness.se\/pitea-business-awards\/","name":"Pite\u00e5 Business Awards","description":"","publisher":{"@id":"https:\/\/piteabusiness.se\/pitea-business-awards\/#organization"},"potentialAction":[{"@type":"SearchAction","target":{"@type":"EntryPoint","urlTemplate":"https:\/\/piteabusiness.se\/pitea-business-awards\/?s={search_term_string}"},"query-input":{"@type":"PropertyValueSpecification","valueRequired":true,"valueName":"search_term_string"}}],"inLanguage":"sv-SE"},{"@type":"Organization","@id":"https:\/\/piteabusiness.se\/pitea-business-awards\/#organization","name":"Pite\u00e5 Business Awards","url":"https:\/\/piteabusiness.se\/pitea-business-awards\/","logo":{"@type":"ImageObject","inLanguage":"sv-SE","@id":"https:\/\/piteabusiness.se\/pitea-business-awards\/#\/schema\/logo\/image\/","url":"https:\/\/piteabusiness.se\/wp-content\/uploads\/sites\/3\/2024\/11\/og3.jpg","contentUrl":"https:\/\/piteabusiness.se\/wp-content\/uploads\/sites\/3\/2024\/11\/og3.jpg","width":1200,"height":630,"caption":"Pite\u00e5 Business Awards"},"image":{"@id":"https:\/\/piteabusiness.se\/pitea-business-awards\/#\/schema\/logo\/image\/"},"sameAs":["https:\/\/www.facebook.com\/PiteaBusiness\/"]}]}},"acf":[],"_links":{"self":[{"href":"https:\/\/piteabusiness.se\/pitea-business-awards\/wp-json\/wp\/v2\/pages\/217","targetHints":{"allow":["GET"]}}],"collection":[{"href":"https:\/\/piteabusiness.se\/pitea-business-awards\/wp-json\/wp\/v2\/pages"}],"about":[{"href":"https:\/\/piteabusiness.se\/pitea-business-awards\/wp-json\/wp\/v2\/types\/page"}],"author":[{"embeddable":true,"href":"https:\/\/piteabusiness.se\/pitea-business-awards\/wp-json\/wp\/v2\/users\/2"}],"replies":[{"embeddable":true,"href":"https:\/\/piteabusiness.se\/pitea-business-awards\/wp-json\/wp\/v2\/comments?post=217"}],"version-history":[{"count":32,"href":"https:\/\/piteabusiness.se\/pitea-business-awards\/wp-json\/wp\/v2\/pages\/217\/revisions"}],"predecessor-version":[{"id":531,"href":"https:\/\/piteabusiness.se\/pitea-business-awards\/wp-json\/wp\/v2\/pages\/217\/revisions\/531"}],"wp:attachment":[{"href":"https:\/\/piteabusiness.se\/pitea-business-awards\/wp-json\/wp\/v2\/media?parent=217"}],"curies":[{"name":"wp","href":"https:\/\/api.w.org\/{rel}","templated":true}]}}