{"id":268,"date":"2025-01-29T14:47:08","date_gmt":"2025-01-29T14:47:08","guid":{"rendered":"https:\/\/piteabusiness.se\/pitea-business-awards\/?page_id=268"},"modified":"2026-02-24T09:34:32","modified_gmt":"2026-02-24T09:34:32","slug":"arets-sakerhetspris","status":"publish","type":"page","link":"https:\/\/piteabusiness.se\/pitea-business-awards\/arets-sakerhetspris\/","title":{"rendered":"\u00c5rets S\u00e4kerhetspris"},"content":{"rendered":"\n<section class=\"pt-8 md:pt-8 lg:pt-8 pb-8 md:pb-8 lg:pb-8\">\n    <div class=\"holder\">\n        <div class=\"wysiwyg\">\n            <h2>\u00c5rets S\u00e4kerhetspris 2025<\/h2>\n        <\/div>\n    <\/div>\n<\/section>\n\n<section class=\"pt-8 md:pt-8 lg:pt-8 pb-8 md:pb-8 lg:pb-8\">\n    <div class=\"holder\">\n        <picture class=\"w-full\"><img decoding=\"async\" src=\"https:\/\/images.ohmyhosting.se\/urEUiQ8ub9T0Q0ReBYbnJz974uE=\/1312x738\/smart\/filters:quality(85)\/https%3A%2F%2Fpiteabusiness.se%2Fwp-content%2Fuploads%2Fsites%2F3%2F2026%2F02%2FSakerhetspris_02-scaled.jpg\" srcset=\"https:\/\/images.ohmyhosting.se\/urEUiQ8ub9T0Q0ReBYbnJz974uE=\/1312x738\/smart\/filters:quality(85)\/https%3A%2F%2Fpiteabusiness.se%2Fwp-content%2Fuploads%2Fsites%2F3%2F2026%2F02%2FSakerhetspris_02-scaled.jpg 1x, https:\/\/images.ohmyhosting.se\/n-ueoW7QUqNnnp2I6IaJsETyn4A=\/2624x1476\/smart\/filters:quality(85)\/https%3A%2F%2Fpiteabusiness.se%2Fwp-content%2Fuploads%2Fsites%2F3%2F2026%2F02%2FSakerhetspris_02-scaled.jpg 2x\" alt=\"\" class=\"w-full object-cover h-full w-full\" \/><\/picture>    <\/div>\n<\/section>\n\n\n<section class=\"pt-8 md:pt-8 lg:pt-8 pb-8 md:pb-8 lg:pb-8\">\n    <div class=\"holder\">\n        <div class=\"wysiwyg\">\n            <h3><strong>Vinnare &#8211; Fj\u00e4rrtek<\/strong><\/h3>\n<p><em>Hos Fj\u00e4rrtek b\u00f6rjar s\u00e4kerheten med omtanke om m\u00e4nniskor.\u00a0Varje beslut, verktyg och arbetsmoment pr\u00e4glas av ett ansvar f\u00f6r b\u00e5de medarbetarnas och kundernas trygghet. Med egna system som inkluderar s\u00e4kerhetskritiska moment i det dagliga arbetet minimerar de risker redan i planeringsfasen. Inf\u00f6r varje uppdrag g\u00f6rs noggranna riskbed\u00f6mningar och egenkontroller f\u00f6r att skydda b\u00e5de medarbetare och omgivning.<\/em><\/p>\n<p><em>S\u00e4kerhetsarbetet stannar inte vid checklistor. Det genomsyrar f\u00f6retagets kultur \u2013 fr\u00e5n h\u00e4lsokontroller och l\u00e5g personaloms\u00e4ttning till en arbetsmilj\u00f6 d\u00e4r trivsel, delaktighet och utveckling st\u00e5r i fokus. Genom ISO-certifierade ledningssystem (ISO 9001 och 14001) har Fj\u00e4rrtek byggt upp robusta rutiner f\u00f6r avvikelsehantering och f\u00f6rb\u00e4ttringsarbete.<\/em><\/p>\n<p><em>Med tydliga v\u00e4rderingar, h\u00f6gt engagemang och en \u00f6ppen kommunikation visar Fj\u00e4rrtek att trygghet skapas tillsammans \u2013 genom ansvar, lyh\u00f6rdhet och ett genuint fokus p\u00e5 att varje arbetsdag ska vara b\u00e5de s\u00e4ker och h\u00e5llbar.<\/em><\/p>\n        <\/div>\n    <\/div>\n<\/section>\n\n\n<section class=\"pt-8 md:pt-8 lg:pt-8 pb-8 md:pb-8 lg:pb-8\">\n    <div class=\"holder\">\n        <div class=\"wysiwyg\">\n            <h2>\u00d6vriga nominerade<\/h2>\n        <\/div>\n    <\/div>\n<\/section>\n\n\n<section class=\"pt-8 md:pt-8 lg:pt-8 pb-8 md:pb-8 lg:pb-8\">\n    <div class=\"holder\">\n        <div class=\"wysiwyg\">\n            <h3><strong>Ansa Bygg<\/strong><\/h3>\n<p><em>Ansa Bygg visar att ett starkt s\u00e4kerhetsarbete handlar om mer \u00e4n att f\u00f6lja regler \u2013 det handlar om att ta ansvar, vara \u00f6dmjuk inf\u00f6r risker och hela tiden vilja bli b\u00e4ttre. I en bransch d\u00e4r s\u00e4kerhetsutmaningar \u00e4r en del av vardagen arbetar f\u00f6retaget aktivt och strukturerat f\u00f6r att skapa trygga arbetsplatser f\u00f6r b\u00e5de medarbetare och omgivning.<\/em><\/p>\n<p><em>Genom certifiering enligt BKMA, regelbundna interna och externa revisioner samt ett aktivt KMA-arbete s\u00e4kerst\u00e4ller Ansa Bygg att riskbed\u00f6mningar, arbetss\u00e4kerhetsanalyser och metoder h\u00e5ller h\u00f6g kvalitet och efterlevs i praktiken.<\/em><\/p>\n<p><em>F\u00f6retaget pr\u00e4glas av en \u00f6ppen och utvecklingsinriktad s\u00e4kerhetskultur, d\u00e4r dialog, l\u00e4rande och f\u00f6rebyggande arbete st\u00e5r i fokus. Ansa Bygg tar ansvar \u2013 b\u00e5de f\u00f6r sina medarbetare och f\u00f6r sin omgivning \u2013 och visar i handling att s\u00e4kerhet \u00e4r en prioriterad och sj\u00e4lvklar del av verksamheten.<\/em><\/p>\n        <\/div>\n    <\/div>\n<\/section>\n\n\n<section class=\"pt-8 md:pt-8 lg:pt-8 pb-8 md:pb-8 lg:pb-8\">\n    <div class=\"holder\">\n        <div class=\"wysiwyg\">\n            <h3><strong>Pite\u00e5 Ridklubb<\/strong><\/h3>\n<p><em>P\u00e5 Pite\u00e5 Ridklubb genomsyras hela verksamheten av omsorg \u2013 om h\u00e4star, m\u00e4nniskor och milj\u00f6.\u00a0Genom l\u00e5ngsiktigt s\u00e4kerhetsarbete och tydliga rutiner har klubben skapat en trygg och v\u00e4lkomnande plats d\u00e4r s\u00e4kerheten alltid kommer f\u00f6rst.<\/em><\/p>\n<p><em>Sedan 2008 har ridklubben lyckats minska antalet avfallningar i verksamheten med hela 90%, mycket tack vare ett m\u00e5lmedvetet arbete med h\u00e4sth\u00e5llning, anl\u00e4ggningsutformning och pedagogik. Genom \u00f6verg\u00e5ngen till l\u00f6sdrift har h\u00e4starna f\u00e5tt ett mer naturligt liv, vilket skapat tryggare lektioner och en b\u00e4ttre arbetsmilj\u00f6 \u2013 b\u00e5de f\u00f6r personal och elever.<\/em><\/p>\n<p><em>F\u00f6reningen arbetar aktivt med riskbed\u00f6mningar f\u00f6r b\u00e5de personal och ridelever, samlar in och analyserar statistik \u00f6ver tillbud, och har ett starkt fokus p\u00e5 f\u00f6rebyggande \u00e5tg\u00e4rder. S\u00e4kerhet \u00e4r inte n\u00e5got som tas f\u00f6r givet \u2013 det genomsyrar allt fr\u00e5n utbildningsplaner till dagliga rutiner.<\/em><\/p>\n<p><em>Pite\u00e5 Ridklubb \u00e4r ett f\u00f6red\u00f6me inom s\u00e4kerhetsarbete i en bransch d\u00e4r samspelet mellan m\u00e4nniska och djur kr\u00e4ver b\u00e5de erfarenhet och stort ansvar. Med kunskap, lyh\u00f6rdhet och st\u00e4ndig f\u00f6rb\u00e4ttringsvilja skapar de en trygg milj\u00f6 f\u00f6r alla som vistas p\u00e5 anl\u00e4ggningen.<\/em><\/p>\n        <\/div>\n    <\/div>\n<\/section>\n\n\n<section class=\"pt-8 md:pt-8 lg:pt-8 pb-8 md:pb-8 lg:pb-8\">\n    <div class=\"holder\">\n        <div class=\"wysiwyg\">\n            <h2 class=\"wp-block-heading\">Kriterier &#8211; \u00c5rets S\u00e4kerhetspris<\/h2>\n<ul>\n<li>F\u00f6retaget har en bra attityd kring s\u00e4kerhetsfr\u00e5gor, och visar i handling och genom god samverkan med andra akt\u00f6rer att s\u00e4kerhet v\u00e4rderas h\u00f6gt.<\/li>\n<li>F\u00f6retaget tar ansvar f\u00f6r h\u00e4lsa och s\u00e4kerhet (arbetsmilj\u00f6) f\u00f6r sina anst\u00e4llda, liksom f\u00f6r andra personer och verksamheter som kan p\u00e5verkas av det arbete de utf\u00f6r.<\/li>\n<li>Kvaliteten p\u00e5 f\u00f6retagets riskbed\u00f6mningar, metodbeskrivningar och arbetss\u00e4kerhetsanalyser h\u00e5ller h\u00f6g klass, och s\u00e4kerhetsregler samt beslutande \u00e5tg\u00e4rder efterlevs.<\/li>\n<li>F\u00f6retaget \u00e4r \u00f6ppet f\u00f6r att rapportera och diskutera s\u00e4kerhetsfr\u00e5gor och f\u00f6rb\u00e4ttringar, samt har ett aktivt f\u00f6rebyggande arbete inom arbetsmilj\u00f6.<\/li>\n<li>F\u00f6retaget ska ej ha n\u00e5got p\u00e5g\u00e5ende \u00e4rende av allvarligare karakt\u00e4r hos Arbetsmilj\u00f6verket.<\/li>\n<\/ul>\n<p><strong>PRISUTDELARE:<\/strong><br \/>\nSMURFIT WESTROCK &amp; SCA<\/p>\n<p><strong>JURY<\/strong>:<\/p>\n<p>\u00c5sa Wellborg \u2013 S\u00e4kerhetschef, Smurfit Westrock<br \/>\nUlf \u00d6hlund \u2013 Chef Systemteknik, Smurfit Westrock<br \/>\nJohan Norrby \u2013 Chef Mekaniskt Underh\u00e5ll, Smurfit Westrock<br \/>\nSara Holm \u2013 N\u00e4ringslivsavdelningen Pite\u00e5 kommun<br \/>\nKjell Lundberg \u2013 Underh\u00e5llschef, Munksunds s\u00e5gverk. SCA Wood AB<br \/>\nLinus Lidman \u2013 Produktionsplanerare, Munksund.\u00a0SCA Skog AB<br \/>\nThomas Westerlund \u2013 Underh\u00e5llschef, Munksunds pappersbruk. SCA Munksund AB<\/p>\n        <\/div>\n    <\/div>\n<\/section>\n\n\n<section class=\"pt-8 md:pt-8 lg:pt-8 pb-8 md:pb-8 lg:pb-8\">\n    <div class=\"holder\">\n        <div class=\"relative py-24\">\n            <div class=\"absolute top-0 left-0 right-0 w-full h-full\">\n                <picture class=\"w-full\"><source media=\"(max-width:639px)\" srcset=\"https:\/\/images.ohmyhosting.se\/NQk8wm4DZC2SopI7OtNFKJrfHog=\/400x400\/smart\/filters:quality(85)\/https%3A%2F%2Fpiteabusiness.se%2Fwp-content%2Fuploads%2Fsites%2F3%2F2025%2F01%2Fbakgrund-CTA-3.png 1x, https:\/\/images.ohmyhosting.se\/7SR0aoR2W4lie4gpmjI0zWXF9RQ=\/800x800\/smart\/filters:quality(85)\/https%3A%2F%2Fpiteabusiness.se%2Fwp-content%2Fuploads%2Fsites%2F3%2F2025%2F01%2Fbakgrund-CTA-3.png 2x\"><source media=\"(max-width:1022px)\" srcset=\"https:\/\/images.ohmyhosting.se\/Z1eapLGIlGYf5JaJXYCjEv3Cgf8=\/820x820\/smart\/filters:quality(85)\/https%3A%2F%2Fpiteabusiness.se%2Fwp-content%2Fuploads%2Fsites%2F3%2F2025%2F01%2Fbakgrund-CTA-3.png 1x, https:\/\/images.ohmyhosting.se\/b1RJ6-Genu21JjYiHxT1o04yjAU=\/1640x1640\/smart\/filters:quality(85)\/https%3A%2F%2Fpiteabusiness.se%2Fwp-content%2Fuploads%2Fsites%2F3%2F2025%2F01%2Fbakgrund-CTA-3.png 2x\"><source media=\"(max-width:1920px)\" srcset=\"https:\/\/images.ohmyhosting.se\/9MUEq3M57V97sA3Zjnho7SV6ng8=\/2560x746\/smart\/filters:quality(85)\/https%3A%2F%2Fpiteabusiness.se%2Fwp-content%2Fuploads%2Fsites%2F3%2F2025%2F01%2Fbakgrund-CTA-3.png 1x, https:\/\/images.ohmyhosting.se\/sPFfBYTXgRpndYXmciQ2dqBWdfo=\/5120x1492\/smart\/filters:quality(85)\/https%3A%2F%2Fpiteabusiness.se%2Fwp-content%2Fuploads%2Fsites%2F3%2F2025%2F01%2Fbakgrund-CTA-3.png 2x\"><img decoding=\"async\" src=\"https:\/\/images.ohmyhosting.se\/KTLTVFB90NneNdszB9iN0KboxtM=\/1440x587\/smart\/filters:quality(85)\/https%3A%2F%2Fpiteabusiness.se%2Fwp-content%2Fuploads%2Fsites%2F3%2F2025%2F01%2Fbakgrund-CTA-3.png\" srcset=\"https:\/\/images.ohmyhosting.se\/KTLTVFB90NneNdszB9iN0KboxtM=\/1440x587\/smart\/filters:quality(85)\/https%3A%2F%2Fpiteabusiness.se%2Fwp-content%2Fuploads%2Fsites%2F3%2F2025%2F01%2Fbakgrund-CTA-3.png 1x, https:\/\/images.ohmyhosting.se\/pbFCFVtrepZTWiJmNp0_6FVO0EU=\/2880x1174\/smart\/filters:quality(85)\/https%3A%2F%2Fpiteabusiness.se%2Fwp-content%2Fuploads%2Fsites%2F3%2F2025%2F01%2Fbakgrund-CTA-3.png 2x\" alt=\"\" class=\"w-full object-cover h-full w-full rounded-2xl\" \/><\/picture>            <\/div>\n            <div class=\"lg:max-w-[545px] mx-auto text-center relative z-10 p-4 lg:p-0\">\n                <h2 class=\"heading-md text-white mb-3 lg:mb-6\">\u00d6vriga vinnare<\/h2>\n                <p class=\"body-l text-white mb-6\">Pite\u00e5 Business Awards delas ut i totalt \u00e5tta kategorier. H\u00e4r hittar du nominerade och vinnare i samtliga kategorier.<br> <br><\/p>\n                                    <div>\n                        <a class=\"btn white inline-block\" href=\"https:\/\/piteabusiness.se\/pitea-business-awards\/arets-vinnare-2025\/\" target=\"\">\u00c5rets vinnare 2025<\/a>\n                    <\/div>\n                            <\/div>\n        <\/div>\n    <\/div>\n<\/section>","protected":false},"excerpt":{"rendered":"","protected":false},"author":2,"featured_media":0,"parent":0,"menu_order":0,"comment_status":"closed","ping_status":"closed","template":"","meta":{"_acf_changed":false,"footnotes":""},"class_list":["post-268","page","type-page","status-publish","hentry"],"yoast_head":"<!-- This site is optimized with the Yoast SEO plugin v27.5 - https:\/\/yoast.com\/product\/yoast-seo-wordpress\/ -->\n<title>\u00c5rets S\u00e4kerhetspris - Pite\u00e5 Business Awards<\/title>\n<meta name=\"robots\" content=\"index, follow, max-snippet:-1, max-image-preview:large, max-video-preview:-1\" \/>\n<link rel=\"canonical\" href=\"https:\/\/piteabusiness.se\/pitea-business-awards\/arets-sakerhetspris\/\" \/>\n<meta property=\"og:locale\" content=\"sv_SE\" \/>\n<meta property=\"og:type\" content=\"article\" \/>\n<meta property=\"og:title\" content=\"\u00c5rets S\u00e4kerhetspris - Pite\u00e5 Business Awards\" \/>\n<meta property=\"og:url\" content=\"https:\/\/piteabusiness.se\/pitea-business-awards\/arets-sakerhetspris\/\" \/>\n<meta property=\"og:site_name\" content=\"Pite\u00e5 Business Awards\" \/>\n<meta property=\"article:publisher\" content=\"https:\/\/www.facebook.com\/PiteaBusiness\/\" \/>\n<meta property=\"article:modified_time\" content=\"2026-02-24T09:34:32+00:00\" \/>\n<meta name=\"twitter:card\" content=\"summary_large_image\" \/>\n<script type=\"application\/ld+json\" class=\"yoast-schema-graph\">{\"@context\":\"https:\\\/\\\/schema.org\",\"@graph\":[{\"@type\":\"WebPage\",\"@id\":\"https:\\\/\\\/piteabusiness.se\\\/pitea-business-awards\\\/arets-sakerhetspris\\\/\",\"url\":\"https:\\\/\\\/piteabusiness.se\\\/pitea-business-awards\\\/arets-sakerhetspris\\\/\",\"name\":\"\u00c5rets S\u00e4kerhetspris - Pite\u00e5 Business Awards\",\"isPartOf\":{\"@id\":\"https:\\\/\\\/piteabusiness.se\\\/pitea-business-awards\\\/#website\"},\"datePublished\":\"2025-01-29T14:47:08+00:00\",\"dateModified\":\"2026-02-24T09:34:32+00:00\",\"breadcrumb\":{\"@id\":\"https:\\\/\\\/piteabusiness.se\\\/pitea-business-awards\\\/arets-sakerhetspris\\\/#breadcrumb\"},\"inLanguage\":\"sv-SE\",\"potentialAction\":[{\"@type\":\"ReadAction\",\"target\":[\"https:\\\/\\\/piteabusiness.se\\\/pitea-business-awards\\\/arets-sakerhetspris\\\/\"]}]},{\"@type\":\"BreadcrumbList\",\"@id\":\"https:\\\/\\\/piteabusiness.se\\\/pitea-business-awards\\\/arets-sakerhetspris\\\/#breadcrumb\",\"itemListElement\":[{\"@type\":\"ListItem\",\"position\":1,\"name\":\"Home\",\"item\":\"https:\\\/\\\/piteabusiness.se\\\/pitea-business-awards\\\/\"},{\"@type\":\"ListItem\",\"position\":2,\"name\":\"\u00c5rets S\u00e4kerhetspris\"}]},{\"@type\":\"WebSite\",\"@id\":\"https:\\\/\\\/piteabusiness.se\\\/pitea-business-awards\\\/#website\",\"url\":\"https:\\\/\\\/piteabusiness.se\\\/pitea-business-awards\\\/\",\"name\":\"Pite\u00e5 Business Awards\",\"description\":\"\",\"publisher\":{\"@id\":\"https:\\\/\\\/piteabusiness.se\\\/pitea-business-awards\\\/#organization\"},\"potentialAction\":[{\"@type\":\"SearchAction\",\"target\":{\"@type\":\"EntryPoint\",\"urlTemplate\":\"https:\\\/\\\/piteabusiness.se\\\/pitea-business-awards\\\/?s={search_term_string}\"},\"query-input\":{\"@type\":\"PropertyValueSpecification\",\"valueRequired\":true,\"valueName\":\"search_term_string\"}}],\"inLanguage\":\"sv-SE\"},{\"@type\":\"Organization\",\"@id\":\"https:\\\/\\\/piteabusiness.se\\\/pitea-business-awards\\\/#organization\",\"name\":\"Pite\u00e5 Business Awards\",\"url\":\"https:\\\/\\\/piteabusiness.se\\\/pitea-business-awards\\\/\",\"logo\":{\"@type\":\"ImageObject\",\"inLanguage\":\"sv-SE\",\"@id\":\"https:\\\/\\\/piteabusiness.se\\\/pitea-business-awards\\\/#\\\/schema\\\/logo\\\/image\\\/\",\"url\":\"https:\\\/\\\/piteabusiness.se\\\/wp-content\\\/uploads\\\/sites\\\/3\\\/2024\\\/11\\\/og3.jpg\",\"contentUrl\":\"https:\\\/\\\/piteabusiness.se\\\/wp-content\\\/uploads\\\/sites\\\/3\\\/2024\\\/11\\\/og3.jpg\",\"width\":1200,\"height\":630,\"caption\":\"Pite\u00e5 Business Awards\"},\"image\":{\"@id\":\"https:\\\/\\\/piteabusiness.se\\\/pitea-business-awards\\\/#\\\/schema\\\/logo\\\/image\\\/\"},\"sameAs\":[\"https:\\\/\\\/www.facebook.com\\\/PiteaBusiness\\\/\"]}]}<\/script>\n<!-- \/ Yoast SEO plugin. -->","yoast_head_json":{"title":"\u00c5rets S\u00e4kerhetspris - Pite\u00e5 Business Awards","robots":{"index":"index","follow":"follow","max-snippet":"max-snippet:-1","max-image-preview":"max-image-preview:large","max-video-preview":"max-video-preview:-1"},"canonical":"https:\/\/piteabusiness.se\/pitea-business-awards\/arets-sakerhetspris\/","og_locale":"sv_SE","og_type":"article","og_title":"\u00c5rets S\u00e4kerhetspris - Pite\u00e5 Business Awards","og_url":"https:\/\/piteabusiness.se\/pitea-business-awards\/arets-sakerhetspris\/","og_site_name":"Pite\u00e5 Business Awards","article_publisher":"https:\/\/www.facebook.com\/PiteaBusiness\/","article_modified_time":"2026-02-24T09:34:32+00:00","twitter_card":"summary_large_image","schema":{"@context":"https:\/\/schema.org","@graph":[{"@type":"WebPage","@id":"https:\/\/piteabusiness.se\/pitea-business-awards\/arets-sakerhetspris\/","url":"https:\/\/piteabusiness.se\/pitea-business-awards\/arets-sakerhetspris\/","name":"\u00c5rets S\u00e4kerhetspris - Pite\u00e5 Business Awards","isPartOf":{"@id":"https:\/\/piteabusiness.se\/pitea-business-awards\/#website"},"datePublished":"2025-01-29T14:47:08+00:00","dateModified":"2026-02-24T09:34:32+00:00","breadcrumb":{"@id":"https:\/\/piteabusiness.se\/pitea-business-awards\/arets-sakerhetspris\/#breadcrumb"},"inLanguage":"sv-SE","potentialAction":[{"@type":"ReadAction","target":["https:\/\/piteabusiness.se\/pitea-business-awards\/arets-sakerhetspris\/"]}]},{"@type":"BreadcrumbList","@id":"https:\/\/piteabusiness.se\/pitea-business-awards\/arets-sakerhetspris\/#breadcrumb","itemListElement":[{"@type":"ListItem","position":1,"name":"Home","item":"https:\/\/piteabusiness.se\/pitea-business-awards\/"},{"@type":"ListItem","position":2,"name":"\u00c5rets S\u00e4kerhetspris"}]},{"@type":"WebSite","@id":"https:\/\/piteabusiness.se\/pitea-business-awards\/#website","url":"https:\/\/piteabusiness.se\/pitea-business-awards\/","name":"Pite\u00e5 Business Awards","description":"","publisher":{"@id":"https:\/\/piteabusiness.se\/pitea-business-awards\/#organization"},"potentialAction":[{"@type":"SearchAction","target":{"@type":"EntryPoint","urlTemplate":"https:\/\/piteabusiness.se\/pitea-business-awards\/?s={search_term_string}"},"query-input":{"@type":"PropertyValueSpecification","valueRequired":true,"valueName":"search_term_string"}}],"inLanguage":"sv-SE"},{"@type":"Organization","@id":"https:\/\/piteabusiness.se\/pitea-business-awards\/#organization","name":"Pite\u00e5 Business Awards","url":"https:\/\/piteabusiness.se\/pitea-business-awards\/","logo":{"@type":"ImageObject","inLanguage":"sv-SE","@id":"https:\/\/piteabusiness.se\/pitea-business-awards\/#\/schema\/logo\/image\/","url":"https:\/\/piteabusiness.se\/wp-content\/uploads\/sites\/3\/2024\/11\/og3.jpg","contentUrl":"https:\/\/piteabusiness.se\/wp-content\/uploads\/sites\/3\/2024\/11\/og3.jpg","width":1200,"height":630,"caption":"Pite\u00e5 Business Awards"},"image":{"@id":"https:\/\/piteabusiness.se\/pitea-business-awards\/#\/schema\/logo\/image\/"},"sameAs":["https:\/\/www.facebook.com\/PiteaBusiness\/"]}]}},"acf":[],"_links":{"self":[{"href":"https:\/\/piteabusiness.se\/pitea-business-awards\/wp-json\/wp\/v2\/pages\/268","targetHints":{"allow":["GET"]}}],"collection":[{"href":"https:\/\/piteabusiness.se\/pitea-business-awards\/wp-json\/wp\/v2\/pages"}],"about":[{"href":"https:\/\/piteabusiness.se\/pitea-business-awards\/wp-json\/wp\/v2\/types\/page"}],"author":[{"embeddable":true,"href":"https:\/\/piteabusiness.se\/pitea-business-awards\/wp-json\/wp\/v2\/users\/2"}],"replies":[{"embeddable":true,"href":"https:\/\/piteabusiness.se\/pitea-business-awards\/wp-json\/wp\/v2\/comments?post=268"}],"version-history":[{"count":11,"href":"https:\/\/piteabusiness.se\/pitea-business-awards\/wp-json\/wp\/v2\/pages\/268\/revisions"}],"predecessor-version":[{"id":727,"href":"https:\/\/piteabusiness.se\/pitea-business-awards\/wp-json\/wp\/v2\/pages\/268\/revisions\/727"}],"wp:attachment":[{"href":"https:\/\/piteabusiness.se\/pitea-business-awards\/wp-json\/wp\/v2\/media?parent=268"}],"curies":[{"name":"wp","href":"https:\/\/api.w.org\/{rel}","templated":true}]}}