{"id":270,"date":"2025-01-29T14:46:56","date_gmt":"2025-01-29T14:46:56","guid":{"rendered":"https:\/\/piteabusiness.se\/pitea-business-awards\/?page_id=270"},"modified":"2026-02-24T09:27:23","modified_gmt":"2026-02-24T09:27:23","slug":"arets-nyforetagare","status":"publish","type":"page","link":"https:\/\/piteabusiness.se\/pitea-business-awards\/arets-nyforetagare\/","title":{"rendered":"\u00c5rets Nyf\u00f6retagare"},"content":{"rendered":"\n<section class=\"pt-8 md:pt-8 lg:pt-8 pb-8 md:pb-8 lg:pb-8\">\n    <div class=\"holder\">\n        <div class=\"wysiwyg\">\n            <h2>\u00c5rets Nyf\u00f6retagare 2025<\/h2>\n        <\/div>\n    <\/div>\n<\/section>\n\n<section class=\"pt-8 md:pt-8 lg:pt-8 pb-8 md:pb-8 lg:pb-8\">\n    <div class=\"holder\">\n        <picture class=\"w-full\"><img decoding=\"async\" src=\"https:\/\/images.ohmyhosting.se\/2M-VOpTXplZIPWpjEQW3OyRW1qo=\/1312x738\/smart\/filters:quality(85)\/https%3A%2F%2Fpiteabusiness.se%2Fwp-content%2Fuploads%2Fsites%2F3%2F2026%2F02%2FNyforetagare_02-scaled.jpg\" srcset=\"https:\/\/images.ohmyhosting.se\/2M-VOpTXplZIPWpjEQW3OyRW1qo=\/1312x738\/smart\/filters:quality(85)\/https%3A%2F%2Fpiteabusiness.se%2Fwp-content%2Fuploads%2Fsites%2F3%2F2026%2F02%2FNyforetagare_02-scaled.jpg 1x, https:\/\/images.ohmyhosting.se\/wcdrDmxrO23fJKuTOhzil5qtD5I=\/2624x1476\/smart\/filters:quality(85)\/https%3A%2F%2Fpiteabusiness.se%2Fwp-content%2Fuploads%2Fsites%2F3%2F2026%2F02%2FNyforetagare_02-scaled.jpg 2x\" alt=\"\" class=\"w-full object-cover h-full w-full\" \/><\/picture>    <\/div>\n<\/section>\n\n\n<section class=\"pt-8 md:pt-8 lg:pt-8 pb-8 md:pb-8 lg:pb-8\">\n    <div class=\"holder\">\n        <div class=\"wysiwyg\">\n            <h3><strong>Vinnare &#8211; Eikab El och Industrikonsult AB<\/strong><\/h3>\n<p><em>EIKAB har snabbt blivit en framst\u00e5ende akt\u00f6r inom el- och automationskonsulttj\u00e4nster. Med verksamhet p\u00e5 fyra orter fr\u00e5n \u00d6stersund till G\u00e4llivare har de visat hur man kan expandera med kvalitet och engagemang.<\/em><\/p>\n<p><em>EIKAB:s vision handlar om att vara en ansvarsfull partner f\u00f6r sina kunder samtidigt som de bidrar till positiv samh\u00e4llsutveckling. EIKAB visar hur man kan kombinera aff\u00e4rsframg\u00e5ng med samh\u00e4llsansvar och d\u00e4rmed g\u00f6ra skillnad!<\/em><\/p>\n        <\/div>\n    <\/div>\n<\/section>\n\n\n<section class=\"pt-8 md:pt-8 lg:pt-8 pb-8 md:pb-8 lg:pb-8\">\n    <div class=\"holder\">\n        <div class=\"wysiwyg\">\n            <h2>\u00d6vriga nominerade<\/h2>\n        <\/div>\n    <\/div>\n<\/section>\n\n\n<section class=\"pt-8 md:pt-8 lg:pt-8 pb-8 md:pb-8 lg:pb-8\">\n    <div class=\"holder\">\n        <div class=\"wysiwyg\">\n            <h3><strong>Villan i Pite\u00e5 AB<\/strong><\/h3>\n<p><em>Restaurang Villan i Pite\u00e5 erbjuder en plats d\u00e4r fina stunder med n\u00e4ra och k\u00e4ra blomstrar. Med m\u00e5ngsidiga rum kan de erbjuda allt fr\u00e5n sm\u00e5 vinprovningar till stora br\u00f6llop, vilket g\u00f6r varje bes\u00f6k unikt. Ut\u00f6ver \u00e0 la carte-servering arrangerar de evenemang f\u00f6r b\u00e5de sm\u00e5 och stora s\u00e4llskap i sin vackra inne- och utemilj\u00f6.<\/em><\/p>\n<p><em>Villan nysatsar \u00e4ven p\u00e5 lunchservering i den intilliggande Borgen, vilket breddar deras erbjudande ytterligare. De arbetar med lokal- och n\u00e4rproducerad mat, vilket visar deras engagemang f\u00f6r h\u00e5llbarhet. N\u00e4r det blir mat \u00f6ver packar de &#8221;r\u00e4dda maten&#8221;-l\u00e5dor som s\u00e4ljs till f\u00f6rm\u00e5nliga priser, vilket bidrar till minskat matsvinn.<\/em><\/p>\n<p><em>Deras flexibilitet och \u00f6ppna attityd till nya id\u00e9er g\u00f6r dem till ett utm\u00e4rkt val f\u00f6r \u00c5rets Nyf\u00f6retagare, d\u00e4r gemenskap och njutning st\u00e5r i centrum tillsammans med ett starkt fokus p\u00e5 lokalt engagemang.<\/em><\/p>\n        <\/div>\n    <\/div>\n<\/section>\n\n\n<section class=\"pt-8 md:pt-8 lg:pt-8 pb-8 md:pb-8 lg:pb-8\">\n    <div class=\"holder\">\n        <div class=\"wysiwyg\">\n            <h3><strong>WME Rail AB<\/strong><\/h3>\n<p><em>WME Rail AB, grundat av unga och drivna entrepren\u00f6rer, har verkligen gjort en snabb och imponerande resa! P\u00e5 relativt kort tid har de byggt upp ett starkt f\u00f6retag med stora tillv\u00e4xtambitioner, med h\u00e5llbarhet som fokus.<\/em><\/p>\n<p><em>WME Rail AB \u00e4r ett lysande exempel p\u00e5 hur man skapar n\u00e5got stort fr\u00e5n grunden \u2013 med passion, innovation och blicken mot framtiden!<\/em><\/p>\n<p><em>Det finns inga tvivel om att vi kommer se mycket mer av grundaren fram\u00f6ver.<\/em><\/p>\n        <\/div>\n    <\/div>\n<\/section>\n\n\n<section class=\"pt-8 md:pt-8 lg:pt-8 pb-8 md:pb-8 lg:pb-8\">\n    <div class=\"holder\">\n        <div class=\"wysiwyg\">\n            <h2 class=\"wp-block-heading\">Kriterier &#8211; \u00c5rets Nyf\u00f6retagare<\/h2>\n<p class=\"x_MsoNormal\"><b data-olk-copy-source=\"MessageBody\">Om \u00c5rets Nyf\u00f6retagare<br \/>\n<\/b>Ges till ett f\u00f6retag som varit verksam i h\u00f6gst fem \u00e5r, f\u00f6retaget har en unik produkt eller tj\u00e4nst och har potential till l\u00e5ngsiktig l\u00f6nsamhet och framg\u00e5ng. Den eller de som driver f\u00f6retaget ska vara goda f\u00f6rebilder f\u00f6r andra som startar f\u00f6retag. Andra faktorer som v\u00e4gs in kan vara export utanf\u00f6r kommunen\/l\u00e4net\/landet och f\u00f6retagarens \u00e5lder.<\/p>\n<p class=\"x_MsoNormal\"><b>Om priset<br \/>\n<\/b>\u00c5rets Nyf\u00f6retagare delas ut till en f\u00f6retagare som nyligen startat sitt f\u00f6retag och som genom mod och stark drivkraft kommit l\u00e5ngt p\u00e5 sin f\u00f6retagarresa under kort tid.<\/p>\n<p class=\"x_MsoNormal\"><b>Syfte<br \/>\n<\/b>Att st\u00e4rka och lyfta fram goda exempel p\u00e5 f\u00f6retagare som \u00e4r modiga och genom sin egen drivkraft utvecklar f\u00f6retag och ide\u00e9r som andra inte lyckas med.<\/p>\n<p class=\"x_MsoNormal\"><b>Kriterier<br \/>\n<\/b>Vinnaren ska uppfylla nedanst\u00e5ende kriterier<\/p>\n<ul type=\"disc\">\n<li class=\"x_MsoNormal\">En person eller en \u00e4gargrupp som med sin nuvarande verksamhetsinriktning funnits mer \u00e4n sex m\u00e5nader men inte funnits mer \u00e4n<b>\u00a0fem<\/b>\u00a0\u00e5r (vid ing\u00e5ngen av det \u00e5r som priset avser)<\/li>\n<li class=\"x_MsoNormal\">Ska erbjuda en unik, disruptiv eller p\u00e5 annat s\u00e4tt nyt\u00e4nkande produkt eller tj\u00e4nst.<\/li>\n<li class=\"x_MsoNormal\">Ska ha potential till l\u00e5ngsiktig l\u00f6nsamhet och framg\u00e5ng.<\/li>\n<li class=\"x_MsoNormal\">Ska ha en \u00e4garbild d\u00e4r alla inblandade ses som goda f\u00f6rebilder f\u00f6r andra som startar f\u00f6retag.<\/li>\n<li class=\"x_MsoNormal\">Ska ha sitt fasta driftsst\u00e4lle inom Pite\u00e5 kommun.<\/li>\n<\/ul>\n<p><strong>PRISUTDELARE:<br \/>\n<\/strong>SPARBANKEN NORD<\/p>\n<p><strong>JURY:<\/strong><br \/>\n<b><\/b>Erik Nystr\u00f6m, Norrlandsfonden<br \/>\nAnna M\u00f6rtberg, Almi<br \/>\nStina Eriksson, Pite\u00e5 Kommun<br \/>\nAnnika Sandberg, Sparbanken Nord<\/p>\n        <\/div>\n    <\/div>\n<\/section>\n\n\n<section class=\"pt-8 md:pt-8 lg:pt-8 pb-8 md:pb-8 lg:pb-8\">\n    <div class=\"holder\">\n        <div class=\"relative py-24\">\n            <div class=\"absolute top-0 left-0 right-0 w-full h-full\">\n                <picture class=\"w-full\"><source media=\"(max-width:639px)\" srcset=\"https:\/\/images.ohmyhosting.se\/NQk8wm4DZC2SopI7OtNFKJrfHog=\/400x400\/smart\/filters:quality(85)\/https%3A%2F%2Fpiteabusiness.se%2Fwp-content%2Fuploads%2Fsites%2F3%2F2025%2F01%2Fbakgrund-CTA-3.png 1x, https:\/\/images.ohmyhosting.se\/7SR0aoR2W4lie4gpmjI0zWXF9RQ=\/800x800\/smart\/filters:quality(85)\/https%3A%2F%2Fpiteabusiness.se%2Fwp-content%2Fuploads%2Fsites%2F3%2F2025%2F01%2Fbakgrund-CTA-3.png 2x\"><source media=\"(max-width:1022px)\" srcset=\"https:\/\/images.ohmyhosting.se\/Z1eapLGIlGYf5JaJXYCjEv3Cgf8=\/820x820\/smart\/filters:quality(85)\/https%3A%2F%2Fpiteabusiness.se%2Fwp-content%2Fuploads%2Fsites%2F3%2F2025%2F01%2Fbakgrund-CTA-3.png 1x, https:\/\/images.ohmyhosting.se\/b1RJ6-Genu21JjYiHxT1o04yjAU=\/1640x1640\/smart\/filters:quality(85)\/https%3A%2F%2Fpiteabusiness.se%2Fwp-content%2Fuploads%2Fsites%2F3%2F2025%2F01%2Fbakgrund-CTA-3.png 2x\"><source media=\"(max-width:1920px)\" srcset=\"https:\/\/images.ohmyhosting.se\/9MUEq3M57V97sA3Zjnho7SV6ng8=\/2560x746\/smart\/filters:quality(85)\/https%3A%2F%2Fpiteabusiness.se%2Fwp-content%2Fuploads%2Fsites%2F3%2F2025%2F01%2Fbakgrund-CTA-3.png 1x, https:\/\/images.ohmyhosting.se\/sPFfBYTXgRpndYXmciQ2dqBWdfo=\/5120x1492\/smart\/filters:quality(85)\/https%3A%2F%2Fpiteabusiness.se%2Fwp-content%2Fuploads%2Fsites%2F3%2F2025%2F01%2Fbakgrund-CTA-3.png 2x\"><img decoding=\"async\" src=\"https:\/\/images.ohmyhosting.se\/KTLTVFB90NneNdszB9iN0KboxtM=\/1440x587\/smart\/filters:quality(85)\/https%3A%2F%2Fpiteabusiness.se%2Fwp-content%2Fuploads%2Fsites%2F3%2F2025%2F01%2Fbakgrund-CTA-3.png\" srcset=\"https:\/\/images.ohmyhosting.se\/KTLTVFB90NneNdszB9iN0KboxtM=\/1440x587\/smart\/filters:quality(85)\/https%3A%2F%2Fpiteabusiness.se%2Fwp-content%2Fuploads%2Fsites%2F3%2F2025%2F01%2Fbakgrund-CTA-3.png 1x, https:\/\/images.ohmyhosting.se\/pbFCFVtrepZTWiJmNp0_6FVO0EU=\/2880x1174\/smart\/filters:quality(85)\/https%3A%2F%2Fpiteabusiness.se%2Fwp-content%2Fuploads%2Fsites%2F3%2F2025%2F01%2Fbakgrund-CTA-3.png 2x\" alt=\"\" class=\"w-full object-cover h-full w-full rounded-2xl\" \/><\/picture>            <\/div>\n            <div class=\"lg:max-w-[545px] mx-auto text-center relative z-10 p-4 lg:p-0\">\n                <h2 class=\"heading-md text-white mb-3 lg:mb-6\">\u00d6vriga vinnare<\/h2>\n                <p class=\"body-l text-white mb-6\">Pite\u00e5 Business Awards delas ut i totalt \u00e5tta kategorier. H\u00e4r hittar du nominerade och vinnare i samtliga kategorier.<br> <br><\/p>\n                                    <div>\n                        <a class=\"btn white inline-block\" href=\"https:\/\/piteabusiness.se\/pitea-business-awards\/arets-vinnare-2025\/\" target=\"\">\u00c5rets vinnare 2025<\/a>\n                    <\/div>\n                            <\/div>\n        <\/div>\n    <\/div>\n<\/section>","protected":false},"excerpt":{"rendered":"","protected":false},"author":2,"featured_media":0,"parent":0,"menu_order":0,"comment_status":"closed","ping_status":"closed","template":"","meta":{"_acf_changed":false,"footnotes":""},"class_list":["post-270","page","type-page","status-publish","hentry"],"yoast_head":"<!-- This site is optimized with the Yoast SEO plugin v27.5 - https:\/\/yoast.com\/product\/yoast-seo-wordpress\/ -->\n<title>\u00c5rets Nyf\u00f6retagare - Pite\u00e5 Business Awards<\/title>\n<meta name=\"robots\" content=\"index, follow, max-snippet:-1, max-image-preview:large, max-video-preview:-1\" \/>\n<link rel=\"canonical\" href=\"https:\/\/piteabusiness.se\/pitea-business-awards\/arets-nyforetagare\/\" \/>\n<meta property=\"og:locale\" content=\"sv_SE\" \/>\n<meta property=\"og:type\" content=\"article\" \/>\n<meta property=\"og:title\" content=\"\u00c5rets Nyf\u00f6retagare - Pite\u00e5 Business Awards\" \/>\n<meta property=\"og:url\" content=\"https:\/\/piteabusiness.se\/pitea-business-awards\/arets-nyforetagare\/\" \/>\n<meta property=\"og:site_name\" content=\"Pite\u00e5 Business Awards\" \/>\n<meta property=\"article:publisher\" content=\"https:\/\/www.facebook.com\/PiteaBusiness\/\" \/>\n<meta property=\"article:modified_time\" content=\"2026-02-24T09:27:23+00:00\" \/>\n<meta name=\"twitter:card\" content=\"summary_large_image\" \/>\n<script type=\"application\/ld+json\" class=\"yoast-schema-graph\">{\"@context\":\"https:\\\/\\\/schema.org\",\"@graph\":[{\"@type\":\"WebPage\",\"@id\":\"https:\\\/\\\/piteabusiness.se\\\/pitea-business-awards\\\/arets-nyforetagare\\\/\",\"url\":\"https:\\\/\\\/piteabusiness.se\\\/pitea-business-awards\\\/arets-nyforetagare\\\/\",\"name\":\"\u00c5rets Nyf\u00f6retagare - Pite\u00e5 Business Awards\",\"isPartOf\":{\"@id\":\"https:\\\/\\\/piteabusiness.se\\\/pitea-business-awards\\\/#website\"},\"datePublished\":\"2025-01-29T14:46:56+00:00\",\"dateModified\":\"2026-02-24T09:27:23+00:00\",\"breadcrumb\":{\"@id\":\"https:\\\/\\\/piteabusiness.se\\\/pitea-business-awards\\\/arets-nyforetagare\\\/#breadcrumb\"},\"inLanguage\":\"sv-SE\",\"potentialAction\":[{\"@type\":\"ReadAction\",\"target\":[\"https:\\\/\\\/piteabusiness.se\\\/pitea-business-awards\\\/arets-nyforetagare\\\/\"]}]},{\"@type\":\"BreadcrumbList\",\"@id\":\"https:\\\/\\\/piteabusiness.se\\\/pitea-business-awards\\\/arets-nyforetagare\\\/#breadcrumb\",\"itemListElement\":[{\"@type\":\"ListItem\",\"position\":1,\"name\":\"Home\",\"item\":\"https:\\\/\\\/piteabusiness.se\\\/pitea-business-awards\\\/\"},{\"@type\":\"ListItem\",\"position\":2,\"name\":\"\u00c5rets Nyf\u00f6retagare\"}]},{\"@type\":\"WebSite\",\"@id\":\"https:\\\/\\\/piteabusiness.se\\\/pitea-business-awards\\\/#website\",\"url\":\"https:\\\/\\\/piteabusiness.se\\\/pitea-business-awards\\\/\",\"name\":\"Pite\u00e5 Business Awards\",\"description\":\"\",\"publisher\":{\"@id\":\"https:\\\/\\\/piteabusiness.se\\\/pitea-business-awards\\\/#organization\"},\"potentialAction\":[{\"@type\":\"SearchAction\",\"target\":{\"@type\":\"EntryPoint\",\"urlTemplate\":\"https:\\\/\\\/piteabusiness.se\\\/pitea-business-awards\\\/?s={search_term_string}\"},\"query-input\":{\"@type\":\"PropertyValueSpecification\",\"valueRequired\":true,\"valueName\":\"search_term_string\"}}],\"inLanguage\":\"sv-SE\"},{\"@type\":\"Organization\",\"@id\":\"https:\\\/\\\/piteabusiness.se\\\/pitea-business-awards\\\/#organization\",\"name\":\"Pite\u00e5 Business Awards\",\"url\":\"https:\\\/\\\/piteabusiness.se\\\/pitea-business-awards\\\/\",\"logo\":{\"@type\":\"ImageObject\",\"inLanguage\":\"sv-SE\",\"@id\":\"https:\\\/\\\/piteabusiness.se\\\/pitea-business-awards\\\/#\\\/schema\\\/logo\\\/image\\\/\",\"url\":\"https:\\\/\\\/piteabusiness.se\\\/wp-content\\\/uploads\\\/sites\\\/3\\\/2024\\\/11\\\/og3.jpg\",\"contentUrl\":\"https:\\\/\\\/piteabusiness.se\\\/wp-content\\\/uploads\\\/sites\\\/3\\\/2024\\\/11\\\/og3.jpg\",\"width\":1200,\"height\":630,\"caption\":\"Pite\u00e5 Business Awards\"},\"image\":{\"@id\":\"https:\\\/\\\/piteabusiness.se\\\/pitea-business-awards\\\/#\\\/schema\\\/logo\\\/image\\\/\"},\"sameAs\":[\"https:\\\/\\\/www.facebook.com\\\/PiteaBusiness\\\/\"]}]}<\/script>\n<!-- \/ Yoast SEO plugin. -->","yoast_head_json":{"title":"\u00c5rets Nyf\u00f6retagare - Pite\u00e5 Business Awards","robots":{"index":"index","follow":"follow","max-snippet":"max-snippet:-1","max-image-preview":"max-image-preview:large","max-video-preview":"max-video-preview:-1"},"canonical":"https:\/\/piteabusiness.se\/pitea-business-awards\/arets-nyforetagare\/","og_locale":"sv_SE","og_type":"article","og_title":"\u00c5rets Nyf\u00f6retagare - Pite\u00e5 Business Awards","og_url":"https:\/\/piteabusiness.se\/pitea-business-awards\/arets-nyforetagare\/","og_site_name":"Pite\u00e5 Business Awards","article_publisher":"https:\/\/www.facebook.com\/PiteaBusiness\/","article_modified_time":"2026-02-24T09:27:23+00:00","twitter_card":"summary_large_image","schema":{"@context":"https:\/\/schema.org","@graph":[{"@type":"WebPage","@id":"https:\/\/piteabusiness.se\/pitea-business-awards\/arets-nyforetagare\/","url":"https:\/\/piteabusiness.se\/pitea-business-awards\/arets-nyforetagare\/","name":"\u00c5rets Nyf\u00f6retagare - Pite\u00e5 Business Awards","isPartOf":{"@id":"https:\/\/piteabusiness.se\/pitea-business-awards\/#website"},"datePublished":"2025-01-29T14:46:56+00:00","dateModified":"2026-02-24T09:27:23+00:00","breadcrumb":{"@id":"https:\/\/piteabusiness.se\/pitea-business-awards\/arets-nyforetagare\/#breadcrumb"},"inLanguage":"sv-SE","potentialAction":[{"@type":"ReadAction","target":["https:\/\/piteabusiness.se\/pitea-business-awards\/arets-nyforetagare\/"]}]},{"@type":"BreadcrumbList","@id":"https:\/\/piteabusiness.se\/pitea-business-awards\/arets-nyforetagare\/#breadcrumb","itemListElement":[{"@type":"ListItem","position":1,"name":"Home","item":"https:\/\/piteabusiness.se\/pitea-business-awards\/"},{"@type":"ListItem","position":2,"name":"\u00c5rets Nyf\u00f6retagare"}]},{"@type":"WebSite","@id":"https:\/\/piteabusiness.se\/pitea-business-awards\/#website","url":"https:\/\/piteabusiness.se\/pitea-business-awards\/","name":"Pite\u00e5 Business Awards","description":"","publisher":{"@id":"https:\/\/piteabusiness.se\/pitea-business-awards\/#organization"},"potentialAction":[{"@type":"SearchAction","target":{"@type":"EntryPoint","urlTemplate":"https:\/\/piteabusiness.se\/pitea-business-awards\/?s={search_term_string}"},"query-input":{"@type":"PropertyValueSpecification","valueRequired":true,"valueName":"search_term_string"}}],"inLanguage":"sv-SE"},{"@type":"Organization","@id":"https:\/\/piteabusiness.se\/pitea-business-awards\/#organization","name":"Pite\u00e5 Business Awards","url":"https:\/\/piteabusiness.se\/pitea-business-awards\/","logo":{"@type":"ImageObject","inLanguage":"sv-SE","@id":"https:\/\/piteabusiness.se\/pitea-business-awards\/#\/schema\/logo\/image\/","url":"https:\/\/piteabusiness.se\/wp-content\/uploads\/sites\/3\/2024\/11\/og3.jpg","contentUrl":"https:\/\/piteabusiness.se\/wp-content\/uploads\/sites\/3\/2024\/11\/og3.jpg","width":1200,"height":630,"caption":"Pite\u00e5 Business Awards"},"image":{"@id":"https:\/\/piteabusiness.se\/pitea-business-awards\/#\/schema\/logo\/image\/"},"sameAs":["https:\/\/www.facebook.com\/PiteaBusiness\/"]}]}},"acf":[],"_links":{"self":[{"href":"https:\/\/piteabusiness.se\/pitea-business-awards\/wp-json\/wp\/v2\/pages\/270","targetHints":{"allow":["GET"]}}],"collection":[{"href":"https:\/\/piteabusiness.se\/pitea-business-awards\/wp-json\/wp\/v2\/pages"}],"about":[{"href":"https:\/\/piteabusiness.se\/pitea-business-awards\/wp-json\/wp\/v2\/types\/page"}],"author":[{"embeddable":true,"href":"https:\/\/piteabusiness.se\/pitea-business-awards\/wp-json\/wp\/v2\/users\/2"}],"replies":[{"embeddable":true,"href":"https:\/\/piteabusiness.se\/pitea-business-awards\/wp-json\/wp\/v2\/comments?post=270"}],"version-history":[{"count":10,"href":"https:\/\/piteabusiness.se\/pitea-business-awards\/wp-json\/wp\/v2\/pages\/270\/revisions"}],"predecessor-version":[{"id":720,"href":"https:\/\/piteabusiness.se\/pitea-business-awards\/wp-json\/wp\/v2\/pages\/270\/revisions\/720"}],"wp:attachment":[{"href":"https:\/\/piteabusiness.se\/pitea-business-awards\/wp-json\/wp\/v2\/media?parent=270"}],"curies":[{"name":"wp","href":"https:\/\/api.w.org\/{rel}","templated":true}]}}