{"id":274,"date":"2025-01-29T14:46:30","date_gmt":"2025-01-29T14:46:30","guid":{"rendered":"https:\/\/piteabusiness.se\/pitea-business-awards\/?page_id=274"},"modified":"2026-02-24T09:34:54","modified_gmt":"2026-02-24T09:34:54","slug":"arets-vardskap","status":"publish","type":"page","link":"https:\/\/piteabusiness.se\/pitea-business-awards\/arets-vardskap\/","title":{"rendered":"\u00c5rets V\u00e4rdskap"},"content":{"rendered":"\n<section class=\"pt-8 md:pt-8 lg:pt-8 pb-8 md:pb-8 lg:pb-8\">\n    <div class=\"holder\">\n        <div class=\"wysiwyg\">\n            <h2>\u00c5rets V\u00e4rdskap 2025<\/h2>\n        <\/div>\n    <\/div>\n<\/section>\n\n<section class=\"pt-8 md:pt-8 lg:pt-8 pb-8 md:pb-8 lg:pb-8\">\n    <div class=\"holder\">\n        <picture class=\"w-full\"><img decoding=\"async\" src=\"https:\/\/images.ohmyhosting.se\/eeNXAK7JTfdHq5Z1q8Y3xIfwf70=\/1312x738\/smart\/filters:quality(85)\/https%3A%2F%2Fpiteabusiness.se%2Fwp-content%2Fuploads%2Fsites%2F3%2F2026%2F02%2FPBA98.jpg\" srcset=\"https:\/\/images.ohmyhosting.se\/eeNXAK7JTfdHq5Z1q8Y3xIfwf70=\/1312x738\/smart\/filters:quality(85)\/https%3A%2F%2Fpiteabusiness.se%2Fwp-content%2Fuploads%2Fsites%2F3%2F2026%2F02%2FPBA98.jpg 1x, https:\/\/images.ohmyhosting.se\/QjaPBMFuoSIl2UMIzd4e21Yh3G4=\/2624x1476\/smart\/filters:quality(85)\/https%3A%2F%2Fpiteabusiness.se%2Fwp-content%2Fuploads%2Fsites%2F3%2F2026%2F02%2FPBA98.jpg 2x\" alt=\"\" class=\"w-full object-cover h-full w-full\" \/><\/picture>    <\/div>\n<\/section>\n\n\n<section class=\"pt-8 md:pt-8 lg:pt-8 pb-8 md:pb-8 lg:pb-8\">\n    <div class=\"holder\">\n        <div class=\"wysiwyg\">\n            <h3><strong>Vinnare &#8211; Mirjam Wikman \/ Shop Intim<\/strong><\/h3>\n<p><em>Mirjam Wikman personifierar ett gott v\u00e4rdskap genom sin unika kombination av professionalism, v\u00e4rme och djupa omtanke. I sin butik Shop Intim har hon skapat en trygg och naturlig plats d\u00e4r kvinnor k\u00e4nner sig sedda, lyssnade p\u00e5 och omh\u00e4ndertagna \u2013 ofta i fr\u00e5gor som kan upplevas som b\u00e5de personliga och k\u00e4nsliga.<\/em><\/p>\n<p><em>Med en enast\u00e5ende yrkeskunskap, fingertoppsk\u00e4nsla och genuint engagemang m\u00f6ter Mirjam varje kund i stunden. Hennes personliga service \u00e4r s\u00e5 stark att kunder reser fr\u00e5n hela Norr- och V\u00e4sterbotten f\u00f6r att f\u00e5 hennes hj\u00e4lp. Hon minns inte alltid namn \u2013 men exakt vad kunden beh\u00f6ver, vilken storlek som fungerar och hur r\u00e4tt passform kan g\u00f6ra skillnad i vardagen.<\/em><\/p>\n<p><em>Mirjam brinner f\u00f6r lokal handel och relationer som bygger f\u00f6rtroende \u00f6ver tid. Hennes v\u00e4rdskap handlar inte om snabba aff\u00e4rer, utan om att skapa trygghet, kvalitet och l\u00e5ngsiktiga relationer. Ett lysande exempel p\u00e5 hur ett professionellt och m\u00e4nskligt v\u00e4rdskap kan bli ett starkt varum\u00e4rke \u2013 b\u00e5de f\u00f6r f\u00f6retaget och f\u00f6r Pite\u00e5.<\/em><\/p>\n        <\/div>\n    <\/div>\n<\/section>\n\n\n<section class=\"pt-8 md:pt-8 lg:pt-8 pb-8 md:pb-8 lg:pb-8\">\n    <div class=\"holder\">\n        <div class=\"wysiwyg\">\n            <h2>\u00d6vriga nominerade<\/h2>\n        <\/div>\n    <\/div>\n<\/section>\n\n\n<section class=\"pt-8 md:pt-8 lg:pt-8 pb-8 md:pb-8 lg:pb-8\">\n    <div class=\"holder\">\n        <div class=\"wysiwyg\">\n            <h3><strong>Josef Eriksson och Linn K\u00e5relind \/ Kajman<\/strong><\/h3>\n<p><em>Josef Eriksson och Linn K\u00e5relind \u00e4r tv\u00e5 kulturb\u00e4rare som genom den ideella kulturf\u00f6reningen Kajman har skapat en inkluderande kulturell plats d\u00e4r alla k\u00e4nner sig v\u00e4lkomna. Kajman \u00e4r idag en av mycket f\u00e5 mindre scener i Norrbotten och en ov\u00e4rderlig plattform f\u00f6r b\u00e5de unga, lokala och nationella kulturut\u00f6vare.<\/em><\/p>\n<p><em>Med ett starkt engagemang och helt ideellt arbete har Josef och Linn, trots tuffa tider f\u00f6r kulturen, st\u00e5tt stadigt och fortsatt att utveckla verksamheten. Under 2025 genomf\u00f6rdes en totalrenovering och kapaciteten ut\u00f6kades f\u00f6r att m\u00f6ta ett v\u00e4xande intresse. Sedan starten 2021 har \u00f6ver 100 konserter arrangerats \u2013 alltid med v\u00e4rdskapet och m\u00f6tet i centrum.<\/em><\/p>\n<p><em>Josef och Linn visar att v\u00e4rdskap kan handla om mer \u00e4n service: om att bygga gemenskap, skapa utrymme f\u00f6r kreativitet och ge m\u00e4nniskor en plats att h\u00f6ra till. Kajman \u00e4r inte bara en scen \u2013 det \u00e4r ett levande bevis p\u00e5 vad engagemang, inkludering och k\u00e4rlek till platsen Pite\u00e5 kan \u00e5stadkomma.<\/em><\/p>\n        <\/div>\n    <\/div>\n<\/section>\n\n\n<section class=\"pt-8 md:pt-8 lg:pt-8 pb-8 md:pb-8 lg:pb-8\">\n    <div class=\"holder\">\n        <div class=\"wysiwyg\">\n            <h3><strong>Lina Vikberg \/ Malmgatan 5, Storstrand<\/strong><\/h3>\n<p><em>Lina Vikberg har en drivkraft med ett exceptionellt gott v\u00e4rdskap och ett djupt engagemang f\u00f6r m\u00e4nniskor. Genom Malmgatan 5 har hon skapat en trygg och inkluderande m\u00f6tesplats f\u00f6r Pite\u00e5s ungdomar \u2013 ett vardagsrum d\u00e4r unga k\u00e4nner sig sedda, v\u00e4lkomna och betydelsefulla. H\u00e4r finns m\u00f6jlighet att umg\u00e5s, studera, spela, fika och bara f\u00e5 vara.<\/em><\/p>\n<p><em>Parallellt driver Lina \u00e4ven Storstrand med h\u00f6g serviceniv\u00e5, n\u00f6jda g\u00e4ster och ett v\u00e4rdskap som m\u00e4rks tydligt i de starka omd\u00f6mena och den stora andelen \u00e5terkommande bes\u00f6kare. Hon utvecklar verksamheten l\u00f6pande, investerar f\u00f6r framtiden och g\u00f6r alltid det lilla extra \u2013 oavsett om g\u00e4sten \u00e4r ungdom, Pite\u00e5bo eller turist.<\/em><\/p>\n<p><em>Med ett varmt, inkluderande och h\u00e5llbart ledarskap visar Lina hur v\u00e4rdskap kan f\u00f6r\u00e4ndra liv, st\u00e4rka gemenskap och bidra till ett attraktivt Pite\u00e5. Hon skapar inte bara platser \u2013 hon skapar tillh\u00f6righet.<\/em><\/p>\n        <\/div>\n    <\/div>\n<\/section>\n\n\n<section class=\"pt-8 md:pt-8 lg:pt-8 pb-8 md:pb-8 lg:pb-8\">\n    <div class=\"holder\">\n        <div class=\"wysiwyg\">\n            <h2 class=\"wp-block-heading\">Kriterier &#8211; \u00c5rets V\u00e4rdskap<\/h2>\n<p><b>En minnesv\u00e4rd upplevelse<br \/>\n<\/b>Hur v\u00e4l f\u00f6retaget, f\u00f6reningen eller organisationen f\u00e5r g\u00e4ster, kunder eller bes\u00f6kare att k\u00e4nna sig v\u00e4lkomna och omh\u00e4ndertagna.<b><br \/>\n<\/b><\/p>\n<p><b>Respekt och \u00f6ppenhet<\/b><br \/>\nHur v\u00e4rdskapet visar omtanke och respekt f\u00f6r alla m\u00e4nniskor, och bidrar till en k\u00e4nsla av inkludering, stolthet och gl\u00e4dje.<\/p>\n<p><b>Fram\u00e5tanda och h\u00e5llbarhet<\/b><br \/>\nHur f\u00f6retaget, f\u00f6reningen eller organisationen hittar nya s\u00e4tt att utveckla sitt v\u00e4rdskap, samtidigt som man t\u00e4nker l\u00e5ngsiktigt f\u00f6r framtiden.<br \/>\n.<\/p>\n<div class=\"x_elementToProof\"><strong>PRISUTDELARE:<\/strong><br \/>\nPITE\u00c5TIDNINGEN &amp; PITE\u00c5 KOMMUN<\/div>\n<div>.<\/div>\n<div><\/div>\n<div class=\"x_elementToProof\"><strong>JURY:<br \/>\n<\/strong>David Wellborg, Sunpine<br \/>\nMari Berglund, Pite\u00e5tidningen<br \/>\nMathilda Mattsson, Pite\u00e5tidningen<br \/>\nMarie Lindgren Berglund, Pite\u00e5 kommun<br \/>\nKatarina Johansson, Pite\u00e5 kommun<\/div>\n        <\/div>\n    <\/div>\n<\/section>\n\n\n<section class=\"pt-8 md:pt-8 lg:pt-8 pb-8 md:pb-8 lg:pb-8\">\n    <div class=\"holder\">\n        <div class=\"relative py-24\">\n            <div class=\"absolute top-0 left-0 right-0 w-full h-full\">\n                <picture class=\"w-full\"><source media=\"(max-width:639px)\" srcset=\"https:\/\/images.ohmyhosting.se\/NQk8wm4DZC2SopI7OtNFKJrfHog=\/400x400\/smart\/filters:quality(85)\/https%3A%2F%2Fpiteabusiness.se%2Fwp-content%2Fuploads%2Fsites%2F3%2F2025%2F01%2Fbakgrund-CTA-3.png 1x, https:\/\/images.ohmyhosting.se\/7SR0aoR2W4lie4gpmjI0zWXF9RQ=\/800x800\/smart\/filters:quality(85)\/https%3A%2F%2Fpiteabusiness.se%2Fwp-content%2Fuploads%2Fsites%2F3%2F2025%2F01%2Fbakgrund-CTA-3.png 2x\"><source media=\"(max-width:1022px)\" srcset=\"https:\/\/images.ohmyhosting.se\/Z1eapLGIlGYf5JaJXYCjEv3Cgf8=\/820x820\/smart\/filters:quality(85)\/https%3A%2F%2Fpiteabusiness.se%2Fwp-content%2Fuploads%2Fsites%2F3%2F2025%2F01%2Fbakgrund-CTA-3.png 1x, https:\/\/images.ohmyhosting.se\/b1RJ6-Genu21JjYiHxT1o04yjAU=\/1640x1640\/smart\/filters:quality(85)\/https%3A%2F%2Fpiteabusiness.se%2Fwp-content%2Fuploads%2Fsites%2F3%2F2025%2F01%2Fbakgrund-CTA-3.png 2x\"><source media=\"(max-width:1920px)\" srcset=\"https:\/\/images.ohmyhosting.se\/9MUEq3M57V97sA3Zjnho7SV6ng8=\/2560x746\/smart\/filters:quality(85)\/https%3A%2F%2Fpiteabusiness.se%2Fwp-content%2Fuploads%2Fsites%2F3%2F2025%2F01%2Fbakgrund-CTA-3.png 1x, https:\/\/images.ohmyhosting.se\/sPFfBYTXgRpndYXmciQ2dqBWdfo=\/5120x1492\/smart\/filters:quality(85)\/https%3A%2F%2Fpiteabusiness.se%2Fwp-content%2Fuploads%2Fsites%2F3%2F2025%2F01%2Fbakgrund-CTA-3.png 2x\"><img decoding=\"async\" src=\"https:\/\/images.ohmyhosting.se\/KTLTVFB90NneNdszB9iN0KboxtM=\/1440x587\/smart\/filters:quality(85)\/https%3A%2F%2Fpiteabusiness.se%2Fwp-content%2Fuploads%2Fsites%2F3%2F2025%2F01%2Fbakgrund-CTA-3.png\" srcset=\"https:\/\/images.ohmyhosting.se\/KTLTVFB90NneNdszB9iN0KboxtM=\/1440x587\/smart\/filters:quality(85)\/https%3A%2F%2Fpiteabusiness.se%2Fwp-content%2Fuploads%2Fsites%2F3%2F2025%2F01%2Fbakgrund-CTA-3.png 1x, https:\/\/images.ohmyhosting.se\/pbFCFVtrepZTWiJmNp0_6FVO0EU=\/2880x1174\/smart\/filters:quality(85)\/https%3A%2F%2Fpiteabusiness.se%2Fwp-content%2Fuploads%2Fsites%2F3%2F2025%2F01%2Fbakgrund-CTA-3.png 2x\" alt=\"\" class=\"w-full object-cover h-full w-full rounded-2xl\" \/><\/picture>            <\/div>\n            <div class=\"lg:max-w-[545px] mx-auto text-center relative z-10 p-4 lg:p-0\">\n                <h2 class=\"heading-md text-white mb-3 lg:mb-6\">\u00d6vriga vinnare<\/h2>\n                <p class=\"body-l text-white mb-6\">Pite\u00e5 Business Awards delas ut i totalt \u00e5tta kategorier. H\u00e4r hittar du nominerade och vinnare i samtliga kategorier.<br> <br><\/p>\n                                    <div>\n                        <a class=\"btn white inline-block\" href=\"https:\/\/piteabusiness.se\/pitea-business-awards\/arets-vinnare-2025\/\" target=\"\">\u00c5rets vinnare 2025<\/a>\n                    <\/div>\n                            <\/div>\n        <\/div>\n    <\/div>\n<\/section>","protected":false},"excerpt":{"rendered":"","protected":false},"author":2,"featured_media":0,"parent":0,"menu_order":0,"comment_status":"closed","ping_status":"closed","template":"","meta":{"_acf_changed":false,"footnotes":""},"class_list":["post-274","page","type-page","status-publish","hentry"],"yoast_head":"<!-- This site is optimized with the Yoast SEO plugin v27.4 - https:\/\/yoast.com\/product\/yoast-seo-wordpress\/ -->\n<title>\u00c5rets V\u00e4rdskap - Pite\u00e5 Business Awards<\/title>\n<meta name=\"robots\" content=\"index, follow, max-snippet:-1, max-image-preview:large, max-video-preview:-1\" \/>\n<link rel=\"canonical\" href=\"https:\/\/piteabusiness.se\/pitea-business-awards\/arets-vardskap\/\" \/>\n<meta property=\"og:locale\" content=\"sv_SE\" \/>\n<meta property=\"og:type\" content=\"article\" \/>\n<meta property=\"og:title\" content=\"\u00c5rets V\u00e4rdskap - Pite\u00e5 Business Awards\" \/>\n<meta property=\"og:url\" content=\"https:\/\/piteabusiness.se\/pitea-business-awards\/arets-vardskap\/\" \/>\n<meta property=\"og:site_name\" content=\"Pite\u00e5 Business Awards\" \/>\n<meta property=\"article:publisher\" content=\"https:\/\/www.facebook.com\/PiteaBusiness\/\" \/>\n<meta property=\"article:modified_time\" content=\"2026-02-24T09:34:54+00:00\" \/>\n<meta name=\"twitter:card\" content=\"summary_large_image\" \/>\n<script type=\"application\/ld+json\" class=\"yoast-schema-graph\">{\"@context\":\"https:\\\/\\\/schema.org\",\"@graph\":[{\"@type\":\"WebPage\",\"@id\":\"https:\\\/\\\/piteabusiness.se\\\/pitea-business-awards\\\/arets-vardskap\\\/\",\"url\":\"https:\\\/\\\/piteabusiness.se\\\/pitea-business-awards\\\/arets-vardskap\\\/\",\"name\":\"\u00c5rets V\u00e4rdskap - Pite\u00e5 Business Awards\",\"isPartOf\":{\"@id\":\"https:\\\/\\\/piteabusiness.se\\\/pitea-business-awards\\\/#website\"},\"datePublished\":\"2025-01-29T14:46:30+00:00\",\"dateModified\":\"2026-02-24T09:34:54+00:00\",\"breadcrumb\":{\"@id\":\"https:\\\/\\\/piteabusiness.se\\\/pitea-business-awards\\\/arets-vardskap\\\/#breadcrumb\"},\"inLanguage\":\"sv-SE\",\"potentialAction\":[{\"@type\":\"ReadAction\",\"target\":[\"https:\\\/\\\/piteabusiness.se\\\/pitea-business-awards\\\/arets-vardskap\\\/\"]}]},{\"@type\":\"BreadcrumbList\",\"@id\":\"https:\\\/\\\/piteabusiness.se\\\/pitea-business-awards\\\/arets-vardskap\\\/#breadcrumb\",\"itemListElement\":[{\"@type\":\"ListItem\",\"position\":1,\"name\":\"Home\",\"item\":\"https:\\\/\\\/piteabusiness.se\\\/pitea-business-awards\\\/\"},{\"@type\":\"ListItem\",\"position\":2,\"name\":\"\u00c5rets V\u00e4rdskap\"}]},{\"@type\":\"WebSite\",\"@id\":\"https:\\\/\\\/piteabusiness.se\\\/pitea-business-awards\\\/#website\",\"url\":\"https:\\\/\\\/piteabusiness.se\\\/pitea-business-awards\\\/\",\"name\":\"Pite\u00e5 Business Awards\",\"description\":\"\",\"publisher\":{\"@id\":\"https:\\\/\\\/piteabusiness.se\\\/pitea-business-awards\\\/#organization\"},\"potentialAction\":[{\"@type\":\"SearchAction\",\"target\":{\"@type\":\"EntryPoint\",\"urlTemplate\":\"https:\\\/\\\/piteabusiness.se\\\/pitea-business-awards\\\/?s={search_term_string}\"},\"query-input\":{\"@type\":\"PropertyValueSpecification\",\"valueRequired\":true,\"valueName\":\"search_term_string\"}}],\"inLanguage\":\"sv-SE\"},{\"@type\":\"Organization\",\"@id\":\"https:\\\/\\\/piteabusiness.se\\\/pitea-business-awards\\\/#organization\",\"name\":\"Pite\u00e5 Business Awards\",\"url\":\"https:\\\/\\\/piteabusiness.se\\\/pitea-business-awards\\\/\",\"logo\":{\"@type\":\"ImageObject\",\"inLanguage\":\"sv-SE\",\"@id\":\"https:\\\/\\\/piteabusiness.se\\\/pitea-business-awards\\\/#\\\/schema\\\/logo\\\/image\\\/\",\"url\":\"https:\\\/\\\/piteabusiness.se\\\/wp-content\\\/uploads\\\/sites\\\/3\\\/2024\\\/11\\\/og3.jpg\",\"contentUrl\":\"https:\\\/\\\/piteabusiness.se\\\/wp-content\\\/uploads\\\/sites\\\/3\\\/2024\\\/11\\\/og3.jpg\",\"width\":1200,\"height\":630,\"caption\":\"Pite\u00e5 Business Awards\"},\"image\":{\"@id\":\"https:\\\/\\\/piteabusiness.se\\\/pitea-business-awards\\\/#\\\/schema\\\/logo\\\/image\\\/\"},\"sameAs\":[\"https:\\\/\\\/www.facebook.com\\\/PiteaBusiness\\\/\"]}]}<\/script>\n<!-- \/ Yoast SEO plugin. -->","yoast_head_json":{"title":"\u00c5rets V\u00e4rdskap - Pite\u00e5 Business Awards","robots":{"index":"index","follow":"follow","max-snippet":"max-snippet:-1","max-image-preview":"max-image-preview:large","max-video-preview":"max-video-preview:-1"},"canonical":"https:\/\/piteabusiness.se\/pitea-business-awards\/arets-vardskap\/","og_locale":"sv_SE","og_type":"article","og_title":"\u00c5rets V\u00e4rdskap - Pite\u00e5 Business Awards","og_url":"https:\/\/piteabusiness.se\/pitea-business-awards\/arets-vardskap\/","og_site_name":"Pite\u00e5 Business Awards","article_publisher":"https:\/\/www.facebook.com\/PiteaBusiness\/","article_modified_time":"2026-02-24T09:34:54+00:00","twitter_card":"summary_large_image","schema":{"@context":"https:\/\/schema.org","@graph":[{"@type":"WebPage","@id":"https:\/\/piteabusiness.se\/pitea-business-awards\/arets-vardskap\/","url":"https:\/\/piteabusiness.se\/pitea-business-awards\/arets-vardskap\/","name":"\u00c5rets V\u00e4rdskap - Pite\u00e5 Business Awards","isPartOf":{"@id":"https:\/\/piteabusiness.se\/pitea-business-awards\/#website"},"datePublished":"2025-01-29T14:46:30+00:00","dateModified":"2026-02-24T09:34:54+00:00","breadcrumb":{"@id":"https:\/\/piteabusiness.se\/pitea-business-awards\/arets-vardskap\/#breadcrumb"},"inLanguage":"sv-SE","potentialAction":[{"@type":"ReadAction","target":["https:\/\/piteabusiness.se\/pitea-business-awards\/arets-vardskap\/"]}]},{"@type":"BreadcrumbList","@id":"https:\/\/piteabusiness.se\/pitea-business-awards\/arets-vardskap\/#breadcrumb","itemListElement":[{"@type":"ListItem","position":1,"name":"Home","item":"https:\/\/piteabusiness.se\/pitea-business-awards\/"},{"@type":"ListItem","position":2,"name":"\u00c5rets V\u00e4rdskap"}]},{"@type":"WebSite","@id":"https:\/\/piteabusiness.se\/pitea-business-awards\/#website","url":"https:\/\/piteabusiness.se\/pitea-business-awards\/","name":"Pite\u00e5 Business Awards","description":"","publisher":{"@id":"https:\/\/piteabusiness.se\/pitea-business-awards\/#organization"},"potentialAction":[{"@type":"SearchAction","target":{"@type":"EntryPoint","urlTemplate":"https:\/\/piteabusiness.se\/pitea-business-awards\/?s={search_term_string}"},"query-input":{"@type":"PropertyValueSpecification","valueRequired":true,"valueName":"search_term_string"}}],"inLanguage":"sv-SE"},{"@type":"Organization","@id":"https:\/\/piteabusiness.se\/pitea-business-awards\/#organization","name":"Pite\u00e5 Business Awards","url":"https:\/\/piteabusiness.se\/pitea-business-awards\/","logo":{"@type":"ImageObject","inLanguage":"sv-SE","@id":"https:\/\/piteabusiness.se\/pitea-business-awards\/#\/schema\/logo\/image\/","url":"https:\/\/piteabusiness.se\/wp-content\/uploads\/sites\/3\/2024\/11\/og3.jpg","contentUrl":"https:\/\/piteabusiness.se\/wp-content\/uploads\/sites\/3\/2024\/11\/og3.jpg","width":1200,"height":630,"caption":"Pite\u00e5 Business Awards"},"image":{"@id":"https:\/\/piteabusiness.se\/pitea-business-awards\/#\/schema\/logo\/image\/"},"sameAs":["https:\/\/www.facebook.com\/PiteaBusiness\/"]}]}},"acf":[],"_links":{"self":[{"href":"https:\/\/piteabusiness.se\/pitea-business-awards\/wp-json\/wp\/v2\/pages\/274","targetHints":{"allow":["GET"]}}],"collection":[{"href":"https:\/\/piteabusiness.se\/pitea-business-awards\/wp-json\/wp\/v2\/pages"}],"about":[{"href":"https:\/\/piteabusiness.se\/pitea-business-awards\/wp-json\/wp\/v2\/types\/page"}],"author":[{"embeddable":true,"href":"https:\/\/piteabusiness.se\/pitea-business-awards\/wp-json\/wp\/v2\/users\/2"}],"replies":[{"embeddable":true,"href":"https:\/\/piteabusiness.se\/pitea-business-awards\/wp-json\/wp\/v2\/comments?post=274"}],"version-history":[{"count":18,"href":"https:\/\/piteabusiness.se\/pitea-business-awards\/wp-json\/wp\/v2\/pages\/274\/revisions"}],"predecessor-version":[{"id":728,"href":"https:\/\/piteabusiness.se\/pitea-business-awards\/wp-json\/wp\/v2\/pages\/274\/revisions\/728"}],"wp:attachment":[{"href":"https:\/\/piteabusiness.se\/pitea-business-awards\/wp-json\/wp\/v2\/media?parent=274"}],"curies":[{"name":"wp","href":"https:\/\/api.w.org\/{rel}","templated":true}]}}