{"id":276,"date":"2025-01-29T14:46:39","date_gmt":"2025-01-29T14:46:39","guid":{"rendered":"https:\/\/piteabusiness.se\/pitea-business-awards\/?page_id=276"},"modified":"2026-02-24T09:22:32","modified_gmt":"2026-02-24T09:22:32","slug":"arets-foretagare","status":"publish","type":"page","link":"https:\/\/piteabusiness.se\/pitea-business-awards\/arets-foretagare\/","title":{"rendered":"\u00c5rets F\u00f6retagare"},"content":{"rendered":"\n<section class=\"pt-8 md:pt-8 lg:pt-8 pb-8 md:pb-8 lg:pb-8\">\n    <div class=\"holder\">\n        <div class=\"wysiwyg\">\n            <h2>\u00c5rets F\u00f6retagare 2025<\/h2>\n        <\/div>\n    <\/div>\n<\/section>\n\n<section class=\"pt-8 md:pt-8 lg:pt-8 pb-8 md:pb-8 lg:pb-8\">\n    <div class=\"holder\">\n        <picture class=\"w-full\"><img decoding=\"async\" src=\"https:\/\/images.ohmyhosting.se\/qlAeyAmKbH4YMdRCOFkB1FlJtG4=\/1312x738\/smart\/filters:quality(85)\/https%3A%2F%2Fpiteabusiness.se%2Fwp-content%2Fuploads%2Fsites%2F3%2F2026%2F02%2FForetagare_02-scaled.jpg\" srcset=\"https:\/\/images.ohmyhosting.se\/qlAeyAmKbH4YMdRCOFkB1FlJtG4=\/1312x738\/smart\/filters:quality(85)\/https%3A%2F%2Fpiteabusiness.se%2Fwp-content%2Fuploads%2Fsites%2F3%2F2026%2F02%2FForetagare_02-scaled.jpg 1x, https:\/\/images.ohmyhosting.se\/PCG-FZr7ZW1XOpRyI-vZNegLPHE=\/2624x1476\/smart\/filters:quality(85)\/https%3A%2F%2Fpiteabusiness.se%2Fwp-content%2Fuploads%2Fsites%2F3%2F2026%2F02%2FForetagare_02-scaled.jpg 2x\" alt=\"\" class=\"w-full object-cover h-full w-full\" \/><\/picture>    <\/div>\n<\/section>\n\n\n<section class=\"pt-8 md:pt-8 lg:pt-8 pb-8 md:pb-8 lg:pb-8\">\n    <div class=\"holder\">\n        <div class=\"wysiwyg\">\n            <h3><strong>Vinnare &#8211; Kristofer Lundstr\u00f6m &amp; Tobias Lindfors<\/strong><\/h3>\n<p><strong>Pite Havsbad<\/strong><\/p>\n<p><em>PiteHavsbad har under decennier varit en sj\u00e4lvklar destination f\u00f6r b\u00e5de turister och lokalbor, men den senaste tidens enorma utveckling och nu \u00e4ven satsningar p\u00e5 vinterturism har skapat en f\u00f6rflyttning som p\u00e5verkar bes\u00f6ksn\u00e4ringen i hela norra Sverige.<\/em><\/p>\n<p><em>Genom st\u00e4ndig utveckling, nyt\u00e4nkande och stora satsningar p\u00e5 b\u00e5de upplevelser och h\u00e5llbarhet har <strong>f\u00f6retagarna<\/strong> bakom Pite Havsbad lyckats kombinera attraktion med mycket god l\u00f6nsamhet.<\/em><\/p>\n<p><em>Bolaget, som \u00e4gs och drivs av <strong>Tobias Lindfors<\/strong> och <strong>Kristofer Lundstr\u00f6m,<\/strong> har utvecklats till Nordens st\u00f6rsta turist\u2011 och konferensanl\u00e4ggning. 2025 har Pite Havsbad en imponerande oms\u00e4ttning p\u00e5 <strong>187 miljoner kronor<\/strong> vilket \u00e4r 26 % mer \u00e4n f\u00f6reg\u00e5ende \u00e5r. Resultatet f\u00f6re skatt uppg\u00e5r till n\u00e4stan <strong>47 miljoner kronor<\/strong> vilket \u00e4r toppklass f\u00f6r branschen.<\/em><\/p>\n<p><em>Genom strategiska satsningar p\u00e5 <strong>vinterturism<\/strong> och internationella g\u00e4ster, bland annat chartrade flyg fr\u00e5n Frankrike som genererar ca <strong>40<\/strong><strong>\u202f<\/strong><strong>000 g\u00e4stn\u00e4tter<\/strong> per vinter, har Pite Havsbad visat p\u00e5 innovationskraft och st\u00e4rkt hela regionens attraktionskraft och bes\u00f6ksn\u00e4ring. M\u00e5nga mindre bolag som tex turoperat\u00f6rer, turistf\u00f6retag och andra underleverant\u00f6rer g\u00f6r nya och b\u00e4ttre aff\u00e4rer tack vara Pite Havsbads utveckling. Platsen och f\u00f6retaget har genom \u00e5ren ocks\u00e5 bidragit till staden Pite\u00e5s tillv\u00e4xt och attraktionskraft.<\/em><\/p>\n<p><em>Tobias Lindfors och Kristofer Lundstr\u00f6m har med sitt mod, sina visioner, sitt nyt\u00e4nkande och sitt starka entrepren\u00f6rskap lyckats kombinera l\u00f6nsamhet med lokal nytta.\u00a0 Under de senaste \u00e5ren har investeringar i anl\u00e4ggningen gjorts med \u00f6ver 150 miljoner kronor, bland annat milj\u00f6satsningar p\u00e5 ett v\u00e4rmesystem som g\u00f6r att anl\u00e4ggningen v\u00e4rms upp till 95 % av ren spillv\u00e4rme med egen kulvert som \u00e4r byggt fr\u00e5n SCA.<\/em><\/p>\n<p><em>Sammanfattningsvis \u00e4r Pite Havsbad som viktig destination och arbetsgivare, med inspirerande och lysande f\u00f6retagare vid rodret en mycket v\u00e4rdig kandidat till \u00c5rets F\u00f6retagare.<\/em><\/p>\n        <\/div>\n    <\/div>\n<\/section>\n\n\n<section class=\"pt-8 md:pt-8 lg:pt-8 pb-8 md:pb-8 lg:pb-8\">\n    <div class=\"holder\">\n        <div class=\"wysiwyg\">\n            <h2>\u00d6vriga nominerade<\/h2>\n        <\/div>\n    <\/div>\n<\/section>\n\n\n<section class=\"pt-8 md:pt-8 lg:pt-8 pb-8 md:pb-8 lg:pb-8\">\n    <div class=\"holder\">\n        <div class=\"wysiwyg\">\n            <h3>Erik Westman<\/h3>\n<p><strong>Bilf\u00e4rgsspecialisten i Pite\u00e5 AB <\/strong><\/p>\n<p><em>Bilf\u00e4rgsspecialisten i Pite\u00e5 och grundaren Erik Westman \u00e4r ett mycket gott f\u00f6red\u00f6me inom sitt omr\u00e5de och en mycket v\u00e4rdig kandidat till \u00c5rets F\u00f6retagare. Genom m\u00e5lmedvetet arbete, h\u00f6g yrkesskicklighet och ett starkt kundfokus har f\u00f6retaget uppn\u00e5tt mycket goda resultat och byggt upp ett starkt f\u00f6rtroende p\u00e5 marknaden.<\/em><\/p>\n<p><em>F\u00f6retaget \u00e4r grundat och uppbyggt av <strong>Erik Westman<\/strong>, f\u00f6dd och uppvuxen i Rosvik, som p\u00e5 egen hand utvecklat verksamheten. Bolaget har sen starten haft en stabil oms\u00e4ttnings\u00f6kning. F\u00f6retaget visar dessutom p\u00e5 en god f\u00f6rm\u00e5ga att skapa vinst i takt med att f\u00f6retaget v\u00e4xer. Under det senaste r\u00e4kenskaps\u00e5ret uppn\u00e5dde bolaget en <strong>oms\u00e4ttning p\u00e5 31,5 miljoner kronor<\/strong> och med en <strong>vinstmarginal p\u00e5 n\u00e4ra 20 %<\/strong> \u00e4r f\u00f6retaget ett tydligt tecken p\u00e5 sund och effektiv verksamhetsstyrning.<\/em><\/p>\n<p><em>Under 2025 f\u00f6rv\u00e4rvade Bilf\u00e4rgsspecialisten en av sina st\u00f6rsta underleverant\u00f6rer av f\u00e4rg, Mipa Henrikson AB i G\u00f6teborg. Under samma \u00e5r har oms\u00e4ttningen \u00f6kat med ytterligare ca 15 % och minst f\u00f6rdubblat resultatet j\u00e4mf\u00f6rt med 2024.<\/em><\/p>\n<p><em>Ut\u00f6ver tillv\u00e4xt och l\u00f6nsamhet pr\u00e4glas f\u00f6retaget av <strong>starka finanser med god soliditet och kassalikviditet<\/strong>, vilket visar p\u00e5 en stabil grund f\u00f6r fortsatt utveckling och investeringar i framtiden.<\/em><\/p>\n<p><em>Genom ett tydligt \u00a0ledarskap och aff\u00e4rsfokus har Erik lyckats l\u00e5ta <strong>l\u00f6nsamheten f\u00f6lja tillv\u00e4xten<\/strong>, vilket vittnar om ett v\u00e4lsk\u00f6tt och l\u00e5ngsiktigt f\u00f6retagande. Idag syssels\u00e4tter bolaget cirka <strong>11 anst\u00e4llda<\/strong> och bidrar d\u00e4rmed aktivt till lokal syssels\u00e4ttning. Sammantaget \u00e4r Bilf\u00e4rgsspecialisten i Pite\u00e5 AB en mycket v\u00e4rdig kandidat till \u00c5rets F\u00f6retagare.<\/em><\/p>\n        <\/div>\n    <\/div>\n<\/section>\n\n\n<section class=\"pt-8 md:pt-8 lg:pt-8 pb-8 md:pb-8 lg:pb-8\">\n    <div class=\"holder\">\n        <div class=\"wysiwyg\">\n            <h3>Familjen Wiksten<\/h3>\n<p><strong>Fastighets AB RAWI <\/strong><\/p>\n<p><em>Fastighets AB RAWI \u00e4r ett gediget familje\u00e4gt fastighetsbolag med djupa r\u00f6tter i Pite\u00e5 och en sj\u00e4lvklar kandidat till \u00c5rets F\u00f6retagare. F\u00f6retaget har varit en trygg och v\u00e4lk\u00e4nd akt\u00f6r p\u00e5 den lokala fastighetsmarknaden sedan 1962 och har vuxit i takt med stadens utveckling.<\/em><\/p>\n<p><em>Grunden till verksamheten lades redan 1954 n\u00e4r Ragnar Wiksten startade sin entrepren\u00f6rsverksamhet, som med \u00e5ren utvecklades till Fastighets AB RAWI. Med ett tydligt fokus p\u00e5 att \u00e4ga, f\u00f6rvalta och utveckla fastigheter i Pite\u00e5 har bolaget byggt upp ett omfattande fastighetsbest\u00e5nd och en stabil, l\u00e5ngsiktig aff\u00e4r.<\/em><\/p>\n<p><em>Idag drivs RAWI av tredje generationen Wiksten. Trots betydande tillv\u00e4xt \u00e4r <strong>familjek\u00e4nslan fortfarande en stark och levande del av f\u00f6retaget<\/strong>. <strong>Bj\u00f6rn, Karin och Eva<\/strong> har olika roller i verksamheten, men tillsammans skapar de en helhet pr\u00e4glad av engagemang, ansvarstagande, professionalism och respekt f\u00f6r b\u00e5de fastigheterna och m\u00e4nniskorna som bor och verkar i dem.<\/em><\/p>\n<p><em>Koncernen Fastighets AB RAWIs oms\u00e4ttning har \u00f6kat med n\u00e4stan 30 % fr\u00e5n 102 till\u00a0<strong>131 mkr<\/strong>\u00a0fr\u00e5n 2022 till 2024, d\u00e4r tillv\u00e4xten fr\u00e4mst kommit genom nyproduktion av bost\u00e4der i Lule\u00e5. RAWI som g\u00f6r ett positivt resultat p\u00e5 omkring\u00a0<strong>6,1 miljoner kronor\u00a0<\/strong>2024 har blivit en tung och viktig fastighetsakt\u00f6r i regionen. En betydande del av verksamheten \u00e4r att ut\u00f6ver att ta hand om RAWIs egna fastigheter ocks\u00e5 att utveckla och f\u00f6rvalta Ulf Wiksten och Tomas Vikstens privata fastighetsbest\u00e5nd. Hela verksamheten arbetar tillsammans under varum\u00e4rket RAWI.<\/em><\/p>\n<p><em>RAWI kombinerar aff\u00e4rsm\u00e4ssighet och l\u00e5ngsiktighet med lokal f\u00f6rankring och stor samh\u00e4llsnytta. Genom sitt arbete bidrar f\u00f6retaget till attraktiva boende- och arbetsmilj\u00f6er och till en positiv utveckling av Pite\u00e5. Det \u00e4r d\u00e4rf\u00f6r naturligt att se <strong>tredje generationen och familjen bakom RAWI som nominerade<\/strong> \u2013 ett starkt exempel p\u00e5 hur familjef\u00f6retagande, entrepren\u00f6rskap och generations\u00f6verskridande ansvar skapar h\u00e5llbar framg\u00e5ng.<\/em><\/p>\n        <\/div>\n    <\/div>\n<\/section>\n\n\n<section class=\"pt-8 md:pt-8 lg:pt-8 pb-8 md:pb-8 lg:pb-8\">\n    <div class=\"holder\">\n        <div class=\"wysiwyg\">\n            <h2 class=\"wp-block-heading\">Kriterier &#8211; \u00c5rets F\u00f6retagare<\/h2>\n<p>Nedan finner du kriterierna f\u00f6r att kunna nomineras till \u00c5rets F\u00f6retagare och \u00c5rets Unga F\u00f6retagare. Kriterierna \u00e4r gemensamma f\u00f6r lokal-, regional- och riksniv\u00e5.<\/p>\n<h3 class=\"wp-block-heading\">Ledare &amp; F\u00f6rebild<\/h3>\n<p>Aspekten belyser p\u00e5 vilket s\u00e4tt som f\u00f6retaget bidrar till samh\u00e4llet genom sitt agerande. Det kan r\u00f6ra sig om till exempel;<\/p>\n<ul class=\"wp-block-list\">\n<li>Engagemang i att utveckla sitt f\u00f6retag eller sin verksamhets milj\u00f6arbete.<\/li>\n<li>St\u00f6ttar lokala verksamheter, f\u00f6reningar etc.<\/li>\n<li>Ansvar gentemot leverant\u00f6rer och kunder.<\/li>\n<li>Anst\u00e4ller personer som annars hade haft sv\u00e5rt att komma in p\u00e5 arbetsmarknaden.<\/li>\n<li>Har p\u00e5verkat politiken till godo f\u00f6r andra f\u00f6retagare i regionen och\/eller uppmuntrar m\u00e5ngfald.<\/li>\n<\/ul>\n<h3 class=\"wp-block-heading\">Kreativitet &amp; Innovation<\/h3>\n<p>Aspekten belyser p\u00e5 vilket s\u00e4tt som f\u00f6retaget arbetar p\u00e5 ett innovativt s\u00e4tt med sin vara eller tj\u00e4nst. Det kan till exempel visa sig genom;<\/p>\n<ul class=\"wp-block-list\">\n<li>F\u00f6retaget har tagit en klassisk vara eller tj\u00e4nst men s\u00e4ljer den p\u00e5 ett nytt s\u00e4tt, med ett ut\u00f6kat v\u00e4rde f\u00f6r sina kunder eller p\u00e5 n\u00e5got annat s\u00e4tt omvandlat sitt erbjudande p\u00e5 ett s\u00e4tt som f\u00e5tt dem att utveckla sin bransch.<\/li>\n<li>F\u00f6retaget har en innovativ produkt eller tj\u00e4nst som de utvecklat och som skapat nya m\u00f6jligheter inom dess bransch. Kanske har f\u00f6retaget ocks\u00e5 f\u00f6r\u00e4ndrat genom sin verksamhet? Patenterade l\u00f6sningar, forskning som omvandlats till verksamhet etc.<\/li>\n<\/ul>\n<h3 class=\"wp-block-heading\">L\u00f6nsamhet &amp; Tillv\u00e4xt<\/h3>\n<p>Med god l\u00f6nsamhet avses att den \u00e4r l\u00e5ngsiktigt stabil eller att man har \u00e5terinvesterat i f\u00f6retaget f\u00f6r fortsatt tillv\u00e4xt. F\u00f6retagets marginal ska j\u00e4mf\u00f6ras med andra i samma bransch, inte med alla andra branscher. Genom UC-rapporter har F\u00f6retagarna sammanst\u00e4llt en bild av f\u00f6retagets ekonomi de senaste fyra \u00e5ren (f\u00f6r vissa bolag d\u00e4r verksamheten inte bedrivits i fyra \u00e5r kan detta vara kortare). De delar som vi kollat djupare p\u00e5 \u00e4r; oms\u00e4ttning, antal anst\u00e4llda, \u00e5rets vinst och nettomarginal.<\/p>\n<p><strong>PRISUTDELARE:<\/strong><br \/>\nF\u00d6RETAGARNA<\/p>\n<p><strong>JURY:<\/strong><br \/>\nJan-Eric Sandberg<br \/>\nLi Skarin<br \/>\nCecilia Lindstr\u00f6m<br \/>\nAnnica Sandberg<br \/>\nG\u00f6ran Carlsson<br \/>\nUlf Fj\u00e4llstr\u00f6m<\/p>\n        <\/div>\n    <\/div>\n<\/section>\n\n\n<section class=\"pt-8 md:pt-8 lg:pt-8 pb-8 md:pb-8 lg:pb-8\">\n    <div class=\"holder\">\n        <div class=\"relative py-24\">\n            <div class=\"absolute top-0 left-0 right-0 w-full h-full\">\n                <picture class=\"w-full\"><source media=\"(max-width:639px)\" srcset=\"https:\/\/images.ohmyhosting.se\/NQk8wm4DZC2SopI7OtNFKJrfHog=\/400x400\/smart\/filters:quality(85)\/https%3A%2F%2Fpiteabusiness.se%2Fwp-content%2Fuploads%2Fsites%2F3%2F2025%2F01%2Fbakgrund-CTA-3.png 1x, https:\/\/images.ohmyhosting.se\/7SR0aoR2W4lie4gpmjI0zWXF9RQ=\/800x800\/smart\/filters:quality(85)\/https%3A%2F%2Fpiteabusiness.se%2Fwp-content%2Fuploads%2Fsites%2F3%2F2025%2F01%2Fbakgrund-CTA-3.png 2x\"><source media=\"(max-width:1022px)\" srcset=\"https:\/\/images.ohmyhosting.se\/Z1eapLGIlGYf5JaJXYCjEv3Cgf8=\/820x820\/smart\/filters:quality(85)\/https%3A%2F%2Fpiteabusiness.se%2Fwp-content%2Fuploads%2Fsites%2F3%2F2025%2F01%2Fbakgrund-CTA-3.png 1x, https:\/\/images.ohmyhosting.se\/b1RJ6-Genu21JjYiHxT1o04yjAU=\/1640x1640\/smart\/filters:quality(85)\/https%3A%2F%2Fpiteabusiness.se%2Fwp-content%2Fuploads%2Fsites%2F3%2F2025%2F01%2Fbakgrund-CTA-3.png 2x\"><source media=\"(max-width:1920px)\" srcset=\"https:\/\/images.ohmyhosting.se\/9MUEq3M57V97sA3Zjnho7SV6ng8=\/2560x746\/smart\/filters:quality(85)\/https%3A%2F%2Fpiteabusiness.se%2Fwp-content%2Fuploads%2Fsites%2F3%2F2025%2F01%2Fbakgrund-CTA-3.png 1x, https:\/\/images.ohmyhosting.se\/sPFfBYTXgRpndYXmciQ2dqBWdfo=\/5120x1492\/smart\/filters:quality(85)\/https%3A%2F%2Fpiteabusiness.se%2Fwp-content%2Fuploads%2Fsites%2F3%2F2025%2F01%2Fbakgrund-CTA-3.png 2x\"><img decoding=\"async\" src=\"https:\/\/images.ohmyhosting.se\/KTLTVFB90NneNdszB9iN0KboxtM=\/1440x587\/smart\/filters:quality(85)\/https%3A%2F%2Fpiteabusiness.se%2Fwp-content%2Fuploads%2Fsites%2F3%2F2025%2F01%2Fbakgrund-CTA-3.png\" srcset=\"https:\/\/images.ohmyhosting.se\/KTLTVFB90NneNdszB9iN0KboxtM=\/1440x587\/smart\/filters:quality(85)\/https%3A%2F%2Fpiteabusiness.se%2Fwp-content%2Fuploads%2Fsites%2F3%2F2025%2F01%2Fbakgrund-CTA-3.png 1x, https:\/\/images.ohmyhosting.se\/pbFCFVtrepZTWiJmNp0_6FVO0EU=\/2880x1174\/smart\/filters:quality(85)\/https%3A%2F%2Fpiteabusiness.se%2Fwp-content%2Fuploads%2Fsites%2F3%2F2025%2F01%2Fbakgrund-CTA-3.png 2x\" alt=\"\" class=\"w-full object-cover h-full w-full rounded-2xl\" \/><\/picture>            <\/div>\n            <div class=\"lg:max-w-[545px] mx-auto text-center relative z-10 p-4 lg:p-0\">\n                <h2 class=\"heading-md text-white mb-3 lg:mb-6\">\u00d6vriga vinnare<\/h2>\n                <p class=\"body-l text-white mb-6\">Pite\u00e5 Business Awards delas ut i totalt \u00e5tta kategorier. H\u00e4r hittar du nominerade och vinnare i samtliga kategorier.<br> <br><\/p>\n                                    <div>\n                        <a class=\"btn white inline-block\" href=\"https:\/\/piteabusiness.se\/pitea-business-awards\/arets-vinnare-2025\/\" target=\"\">\u00c5rets vinnare 2025<\/a>\n                    <\/div>\n                            <\/div>\n        <\/div>\n    <\/div>\n<\/section>","protected":false},"excerpt":{"rendered":"","protected":false},"author":2,"featured_media":0,"parent":0,"menu_order":0,"comment_status":"closed","ping_status":"closed","template":"","meta":{"_acf_changed":false,"footnotes":""},"class_list":["post-276","page","type-page","status-publish","hentry"],"yoast_head":"<!-- This site is optimized with the Yoast SEO plugin v27.4 - https:\/\/yoast.com\/product\/yoast-seo-wordpress\/ -->\n<title>\u00c5rets F\u00f6retagare - Pite\u00e5 Business Awards<\/title>\n<meta name=\"robots\" content=\"index, follow, max-snippet:-1, max-image-preview:large, max-video-preview:-1\" \/>\n<link rel=\"canonical\" href=\"https:\/\/piteabusiness.se\/pitea-business-awards\/arets-foretagare\/\" \/>\n<meta property=\"og:locale\" content=\"sv_SE\" \/>\n<meta property=\"og:type\" content=\"article\" \/>\n<meta property=\"og:title\" content=\"\u00c5rets F\u00f6retagare - Pite\u00e5 Business Awards\" \/>\n<meta property=\"og:url\" content=\"https:\/\/piteabusiness.se\/pitea-business-awards\/arets-foretagare\/\" \/>\n<meta property=\"og:site_name\" content=\"Pite\u00e5 Business Awards\" \/>\n<meta property=\"article:publisher\" content=\"https:\/\/www.facebook.com\/PiteaBusiness\/\" \/>\n<meta property=\"article:modified_time\" content=\"2026-02-24T09:22:32+00:00\" \/>\n<meta name=\"twitter:card\" content=\"summary_large_image\" \/>\n<script type=\"application\/ld+json\" class=\"yoast-schema-graph\">{\"@context\":\"https:\\\/\\\/schema.org\",\"@graph\":[{\"@type\":\"WebPage\",\"@id\":\"https:\\\/\\\/piteabusiness.se\\\/pitea-business-awards\\\/arets-foretagare\\\/\",\"url\":\"https:\\\/\\\/piteabusiness.se\\\/pitea-business-awards\\\/arets-foretagare\\\/\",\"name\":\"\u00c5rets F\u00f6retagare - Pite\u00e5 Business Awards\",\"isPartOf\":{\"@id\":\"https:\\\/\\\/piteabusiness.se\\\/pitea-business-awards\\\/#website\"},\"datePublished\":\"2025-01-29T14:46:39+00:00\",\"dateModified\":\"2026-02-24T09:22:32+00:00\",\"breadcrumb\":{\"@id\":\"https:\\\/\\\/piteabusiness.se\\\/pitea-business-awards\\\/arets-foretagare\\\/#breadcrumb\"},\"inLanguage\":\"sv-SE\",\"potentialAction\":[{\"@type\":\"ReadAction\",\"target\":[\"https:\\\/\\\/piteabusiness.se\\\/pitea-business-awards\\\/arets-foretagare\\\/\"]}]},{\"@type\":\"BreadcrumbList\",\"@id\":\"https:\\\/\\\/piteabusiness.se\\\/pitea-business-awards\\\/arets-foretagare\\\/#breadcrumb\",\"itemListElement\":[{\"@type\":\"ListItem\",\"position\":1,\"name\":\"Home\",\"item\":\"https:\\\/\\\/piteabusiness.se\\\/pitea-business-awards\\\/\"},{\"@type\":\"ListItem\",\"position\":2,\"name\":\"\u00c5rets F\u00f6retagare\"}]},{\"@type\":\"WebSite\",\"@id\":\"https:\\\/\\\/piteabusiness.se\\\/pitea-business-awards\\\/#website\",\"url\":\"https:\\\/\\\/piteabusiness.se\\\/pitea-business-awards\\\/\",\"name\":\"Pite\u00e5 Business Awards\",\"description\":\"\",\"publisher\":{\"@id\":\"https:\\\/\\\/piteabusiness.se\\\/pitea-business-awards\\\/#organization\"},\"potentialAction\":[{\"@type\":\"SearchAction\",\"target\":{\"@type\":\"EntryPoint\",\"urlTemplate\":\"https:\\\/\\\/piteabusiness.se\\\/pitea-business-awards\\\/?s={search_term_string}\"},\"query-input\":{\"@type\":\"PropertyValueSpecification\",\"valueRequired\":true,\"valueName\":\"search_term_string\"}}],\"inLanguage\":\"sv-SE\"},{\"@type\":\"Organization\",\"@id\":\"https:\\\/\\\/piteabusiness.se\\\/pitea-business-awards\\\/#organization\",\"name\":\"Pite\u00e5 Business Awards\",\"url\":\"https:\\\/\\\/piteabusiness.se\\\/pitea-business-awards\\\/\",\"logo\":{\"@type\":\"ImageObject\",\"inLanguage\":\"sv-SE\",\"@id\":\"https:\\\/\\\/piteabusiness.se\\\/pitea-business-awards\\\/#\\\/schema\\\/logo\\\/image\\\/\",\"url\":\"https:\\\/\\\/piteabusiness.se\\\/wp-content\\\/uploads\\\/sites\\\/3\\\/2024\\\/11\\\/og3.jpg\",\"contentUrl\":\"https:\\\/\\\/piteabusiness.se\\\/wp-content\\\/uploads\\\/sites\\\/3\\\/2024\\\/11\\\/og3.jpg\",\"width\":1200,\"height\":630,\"caption\":\"Pite\u00e5 Business Awards\"},\"image\":{\"@id\":\"https:\\\/\\\/piteabusiness.se\\\/pitea-business-awards\\\/#\\\/schema\\\/logo\\\/image\\\/\"},\"sameAs\":[\"https:\\\/\\\/www.facebook.com\\\/PiteaBusiness\\\/\"]}]}<\/script>\n<!-- \/ Yoast SEO plugin. -->","yoast_head_json":{"title":"\u00c5rets F\u00f6retagare - Pite\u00e5 Business Awards","robots":{"index":"index","follow":"follow","max-snippet":"max-snippet:-1","max-image-preview":"max-image-preview:large","max-video-preview":"max-video-preview:-1"},"canonical":"https:\/\/piteabusiness.se\/pitea-business-awards\/arets-foretagare\/","og_locale":"sv_SE","og_type":"article","og_title":"\u00c5rets F\u00f6retagare - Pite\u00e5 Business Awards","og_url":"https:\/\/piteabusiness.se\/pitea-business-awards\/arets-foretagare\/","og_site_name":"Pite\u00e5 Business Awards","article_publisher":"https:\/\/www.facebook.com\/PiteaBusiness\/","article_modified_time":"2026-02-24T09:22:32+00:00","twitter_card":"summary_large_image","schema":{"@context":"https:\/\/schema.org","@graph":[{"@type":"WebPage","@id":"https:\/\/piteabusiness.se\/pitea-business-awards\/arets-foretagare\/","url":"https:\/\/piteabusiness.se\/pitea-business-awards\/arets-foretagare\/","name":"\u00c5rets F\u00f6retagare - Pite\u00e5 Business Awards","isPartOf":{"@id":"https:\/\/piteabusiness.se\/pitea-business-awards\/#website"},"datePublished":"2025-01-29T14:46:39+00:00","dateModified":"2026-02-24T09:22:32+00:00","breadcrumb":{"@id":"https:\/\/piteabusiness.se\/pitea-business-awards\/arets-foretagare\/#breadcrumb"},"inLanguage":"sv-SE","potentialAction":[{"@type":"ReadAction","target":["https:\/\/piteabusiness.se\/pitea-business-awards\/arets-foretagare\/"]}]},{"@type":"BreadcrumbList","@id":"https:\/\/piteabusiness.se\/pitea-business-awards\/arets-foretagare\/#breadcrumb","itemListElement":[{"@type":"ListItem","position":1,"name":"Home","item":"https:\/\/piteabusiness.se\/pitea-business-awards\/"},{"@type":"ListItem","position":2,"name":"\u00c5rets F\u00f6retagare"}]},{"@type":"WebSite","@id":"https:\/\/piteabusiness.se\/pitea-business-awards\/#website","url":"https:\/\/piteabusiness.se\/pitea-business-awards\/","name":"Pite\u00e5 Business Awards","description":"","publisher":{"@id":"https:\/\/piteabusiness.se\/pitea-business-awards\/#organization"},"potentialAction":[{"@type":"SearchAction","target":{"@type":"EntryPoint","urlTemplate":"https:\/\/piteabusiness.se\/pitea-business-awards\/?s={search_term_string}"},"query-input":{"@type":"PropertyValueSpecification","valueRequired":true,"valueName":"search_term_string"}}],"inLanguage":"sv-SE"},{"@type":"Organization","@id":"https:\/\/piteabusiness.se\/pitea-business-awards\/#organization","name":"Pite\u00e5 Business Awards","url":"https:\/\/piteabusiness.se\/pitea-business-awards\/","logo":{"@type":"ImageObject","inLanguage":"sv-SE","@id":"https:\/\/piteabusiness.se\/pitea-business-awards\/#\/schema\/logo\/image\/","url":"https:\/\/piteabusiness.se\/wp-content\/uploads\/sites\/3\/2024\/11\/og3.jpg","contentUrl":"https:\/\/piteabusiness.se\/wp-content\/uploads\/sites\/3\/2024\/11\/og3.jpg","width":1200,"height":630,"caption":"Pite\u00e5 Business Awards"},"image":{"@id":"https:\/\/piteabusiness.se\/pitea-business-awards\/#\/schema\/logo\/image\/"},"sameAs":["https:\/\/www.facebook.com\/PiteaBusiness\/"]}]}},"acf":[],"_links":{"self":[{"href":"https:\/\/piteabusiness.se\/pitea-business-awards\/wp-json\/wp\/v2\/pages\/276","targetHints":{"allow":["GET"]}}],"collection":[{"href":"https:\/\/piteabusiness.se\/pitea-business-awards\/wp-json\/wp\/v2\/pages"}],"about":[{"href":"https:\/\/piteabusiness.se\/pitea-business-awards\/wp-json\/wp\/v2\/types\/page"}],"author":[{"embeddable":true,"href":"https:\/\/piteabusiness.se\/pitea-business-awards\/wp-json\/wp\/v2\/users\/2"}],"replies":[{"embeddable":true,"href":"https:\/\/piteabusiness.se\/pitea-business-awards\/wp-json\/wp\/v2\/comments?post=276"}],"version-history":[{"count":15,"href":"https:\/\/piteabusiness.se\/pitea-business-awards\/wp-json\/wp\/v2\/pages\/276\/revisions"}],"predecessor-version":[{"id":713,"href":"https:\/\/piteabusiness.se\/pitea-business-awards\/wp-json\/wp\/v2\/pages\/276\/revisions\/713"}],"wp:attachment":[{"href":"https:\/\/piteabusiness.se\/pitea-business-awards\/wp-json\/wp\/v2\/media?parent=276"}],"curies":[{"name":"wp","href":"https:\/\/api.w.org\/{rel}","templated":true}]}}