{"id":41,"date":"2024-10-29T10:05:25","date_gmt":"2024-10-29T10:05:25","guid":{"rendered":"https:\/\/piteabusinessawards.piteabusiness.se\/?page_id=41"},"modified":"2025-11-25T08:17:42","modified_gmt":"2025-11-25T08:17:42","slug":"priskategorier","status":"publish","type":"page","link":"https:\/\/piteabusiness.se\/pitea-business-awards\/priskategorier\/","title":{"rendered":"Priskategorier"},"content":{"rendered":"\n\n<section class=\"pt-8 md:pt-8 lg:pt-8 pb-8 md:pb-8 lg:pb-8\">\n    <div class=\"holder\">\n        <div class=\"flex flex-col-reverse lg:grid lg:grid-cols-12 lg:gap-8 bg-darkblue rounded-3xl\">\n            <div class=\"text-white lg:col-span-7 p-4 lg:p-16 flex flex-col\">\n                <h2 class=\"heading-md mb-3 lg:mb-6\">\u00c5tta priser f\u00f6r att hylla Pite\u00e5s n\u00e4ringsliv<\/h2>\n                <p class=\"body-l mb-3 lg:mb-6\">Initiativtagare och grundare av Pite\u00e5 Business Awards \u00e4r Pite\u00e5 kommun och priskategorier tas fram i samarbete med en arrang\u00f6rsgrupp best\u00e5ende av bland annat Pite\u00e5 kommun och F\u00f6retagarna. Nedan finner du kriterier f\u00f6r \u00e5rets priser. <\/p>\n                                    <a class=\"btn mr-auto\" href=\"https:\/\/forms.office.com\/e\/dce8u7MSns\" target=\"_blank\">Nominera<\/a>\n                            <\/div>\n            <div class=\"lg:col-span-5\">\n                <picture class=\"w-full\"><img decoding=\"async\" src=\"https:\/\/images.ohmyhosting.se\/CTnelCXtSVrgYQ1S-OokQzrwiHg=\/528x412\/smart\/filters:quality(85)\/https%3A%2F%2Fpiteabusiness.se%2Fwp-content%2Fuploads%2Fsites%2F3%2F2024%2F10%2FPBA-2024-generella_foto-Mikael-Sundkvist-33-1-scaled.jpg\" srcset=\"https:\/\/images.ohmyhosting.se\/CTnelCXtSVrgYQ1S-OokQzrwiHg=\/528x412\/smart\/filters:quality(85)\/https%3A%2F%2Fpiteabusiness.se%2Fwp-content%2Fuploads%2Fsites%2F3%2F2024%2F10%2FPBA-2024-generella_foto-Mikael-Sundkvist-33-1-scaled.jpg 1x, https:\/\/images.ohmyhosting.se\/ywC_PrbcrmlLP8UWuEH7rghR0NE=\/1056x824\/smart\/filters:quality(85)\/https%3A%2F%2Fpiteabusiness.se%2Fwp-content%2Fuploads%2Fsites%2F3%2F2024%2F10%2FPBA-2024-generella_foto-Mikael-Sundkvist-33-1-scaled.jpg 2x\" alt=\"\" class=\"w-full object-cover h-full w-full rounded-tr-3xl rounded-tl-3xl lg:rounded-tl-0 lg:rounded-br-3xl\" \/><\/picture>            <\/div>\n        <\/div>\n    <\/div>\n<\/section>\n\n\n<section class=\"pt-8 md:pt-8 lg:pt-8 pb-8 md:pb-8 lg:pb-8\">\n    <div class=\"holder\">\n        <div class=\"wysiwyg\">\n            <h2>\u00c5rets F\u00f6reningsfr\u00e4mjare<\/h2>\n<p>Priset \u00e4r f\u00f6reningarnas m\u00f6jlighet att nominera och lyfta fram goda exempel p\u00e5 hur n\u00e4ringslivet st\u00f6ttar f\u00f6reningsverksamheten. Fokus \u00e4r de mjuka v\u00e4rdena och kan inneb\u00e4ra mer \u00e4n ekonomisk st\u00f6ttning.<\/p>\n<ul class=\"wp-block-list\">\n<li>F\u00f6retaget ska vara verksam i Pite\u00e5.<\/li>\n<li>F\u00f6retaget bidrar till f\u00f6reningens utveckling, m\u00f6jligg\u00f6r f\u00f6rb\u00e4ttringar som ger merv\u00e4rde f\u00f6r f\u00f6reningens verksamhet, <em>och\/eller<\/em><\/li>\n<li>F\u00f6retaget bidrar med id\u00e9er och inspiration, <em>och\/eller<\/em><\/li>\n<li>F\u00f6retaget bidrar med praktiska insatser i form av arbete och engagemang.<\/li>\n<\/ul>\n<p><strong>PRISUTDELARE:<\/strong><br \/>\nHANDELSBANKEN<\/p>\n<p><strong>JURY:<\/strong><br \/>\nAnna Bogren Dalberg, Pite\u00e5 Summer Games<br \/>\nStefan Uddstr\u00f6m, Handelsbanken<br \/>\nFredrik Blom, N\u00e4ringslivsavdelningen Pite\u00e5 kommun<br \/>\nRiitta Hovinen, Tidigare anst\u00e4lld Kultur &amp; fritid, Pite\u00e5 kommun<\/p>\n        <\/div>\n    <\/div>\n<\/section>\n\n\n<section class=\"pt-8 md:pt-8 lg:pt-8 pb-8 md:pb-8 lg:pb-8\">\n    <div class=\"holder\">\n        <div class=\"wysiwyg\">\n            <h2 class=\"wp-block-heading\">\u00c5rets H\u00e5llbarhetspris<\/h2>\n<ul class=\"wp-block-list\">\n<li>Ett f\u00f6retag eller en organisation som aktivt arbetar f\u00f6r att bidra till social, ekonomisk och ekologisk h\u00e5llbarhet i Pite\u00e5 kommun, nu och f\u00f6r kommande generationer.<\/li>\n<li>F\u00f6retaget eller organisationen har under \u00e5ret genomf\u00f6rt n\u00e5gon aktivitet med naturlig koppling till n\u00e5got av m\u00e5len i Agenda 2030.<\/li>\n<\/ul>\n<p><strong>PRISUTDELARE:<br \/>\n<\/strong>PIREVA<\/p>\n<p><strong>JURY<\/strong>:<br \/>\nOrdf\u00f6rande, Josefin Lundqvist, Kommunikationsansvarig Pireva<br \/>\nJohanna Lundstr\u00f6m, Marknadschef Pireva<br \/>\nPetra Granstr\u00f6m, Ekonomichef Pireva<br \/>\nJessica Lindberg, N\u00e4ringslivsavdelningePite\u00e5 Kommun<br \/>\nMichael Bodin, \u00c5tervinningschef Pireva<br \/>\nErik Lundberg, Anl\u00e4ggningschef Pireva<br \/>\nJohn Petz\u00e4ll, Underh\u00e5llsledare Pireva<\/p>\n        <\/div>\n    <\/div>\n<\/section>\n\n\n<section class=\"pt-8 md:pt-8 lg:pt-8 pb-8 md:pb-8 lg:pb-8\">\n    <div class=\"holder\">\n        <div class=\"wysiwyg\">\n            <h2 class=\"wp-block-heading\">\u00c5rets S\u00e4kerhetspris<\/h2>\n<ul>\n<li>F\u00f6retaget har en bra attityd kring s\u00e4kerhetsfr\u00e5gor, och visar i handling och genom god samverkan med andra akt\u00f6rer att s\u00e4kerhet v\u00e4rderas h\u00f6gt.<\/li>\n<li>F\u00f6retaget tar ansvar f\u00f6r h\u00e4lsa och s\u00e4kerhet (arbetsmilj\u00f6) f\u00f6r sina anst\u00e4llda, liksom f\u00f6r andra personer och verksamheter som kan p\u00e5verkas av det arbete de utf\u00f6r.<\/li>\n<li>Kvaliteten p\u00e5 f\u00f6retagets riskbed\u00f6mningar, metodbeskrivningar och arbetss\u00e4kerhetsanalyser h\u00e5ller h\u00f6g klass, och s\u00e4kerhetsregler samt beslutande \u00e5tg\u00e4rder efterlevs.<\/li>\n<li>F\u00f6retaget \u00e4r \u00f6ppet f\u00f6r att rapportera och diskutera s\u00e4kerhetsfr\u00e5gor och f\u00f6rb\u00e4ttringar, samt har ett aktivt f\u00f6rebyggande arbete inom arbetsmilj\u00f6.<\/li>\n<li>F\u00f6retaget ska ej ha n\u00e5got p\u00e5g\u00e5ende \u00e4rende av allvarligare karakt\u00e4r hos Arbetsmilj\u00f6verket.<\/li>\n<\/ul>\n<p><strong>PRISUTDELARE:<\/strong><br \/>\nSMURFIT WESTROCK &amp; SCA<\/p>\n<p><strong>JURY<\/strong>:<\/p>\n<p>\u00c5sa Wellborg \u2013 S\u00e4kerhetschef, Smurfit Westrock<br \/>\nUlf \u00d6hlund \u2013 Chef Systemteknik, Smurfit Westrock<br \/>\nJohan Norrby \u2013 Chef Mekaniskt Underh\u00e5ll, Smurfit Westrock<br \/>\nSara Holm &#8211; N\u00e4ringslivsavdelningen Pite\u00e5 kommun<br \/>\nKjell Lundberg \u2013 Underh\u00e5llschef, Munksunds s\u00e5gverk. SCA Wood AB<br \/>\nLinus Lidman \u2013 Produktionsplanerare, Munksund.\u00a0SCA Skog AB<br \/>\nThomas Westerlund \u2013 Underh\u00e5llschef, Munksunds pappersbruk. SCA Munksund AB<\/p>\n<p>&nbsp;<\/p>\n        <\/div>\n    <\/div>\n<\/section>\n\n\n<section class=\"pt-8 md:pt-8 lg:pt-8 pb-8 md:pb-8 lg:pb-8\">\n    <div class=\"holder\">\n        <div class=\"wysiwyg\">\n            <h2 class=\"wp-block-heading\">\u00c5rets M\u00f6jligg\u00f6rare<\/h2>\n<ul>\n<li>Verksamheten ska genomsyras av god kemi p\u00e5 arbetsplatsen genom att fr\u00e4mja nyt\u00e4nkande och aktivt arbeta med insatser som leder till inkludering och icke diskriminering.<\/li>\n<\/ul>\n<ul>\n<li>F\u00f6retaget har genomf\u00f6rt praktiska \u00e5tg\u00e4rder som fr\u00e4mjar m\u00e5ngfald och motverkar diskriminering i den dagliga verksamheten.<\/li>\n<\/ul>\n<ul>\n<li>F\u00f6retaget kan visa p\u00e5 tydliga resultat av sitt arbete, till exempel genom f\u00f6rb\u00e4ttrade nyckeltal eller positiva f\u00f6r\u00e4ndringar i organisationen.<\/li>\n<\/ul>\n<ul>\n<li>F\u00f6retaget fungerar som en inspiration f\u00f6r andra och genom sitt arbetss\u00e4tt, sina resultat eller innovativa l\u00f6sningar uppmuntra fler inom Pite\u00e5s n\u00e4ringsliv att str\u00e4va efter \u201dEtt Pite\u00e5 f\u00f6r alla\u201d.<\/li>\n<\/ul>\n<p><strong>PRISUTDELARE:<br \/>\n<\/strong>WIBAX<\/p>\n<p><strong>JURY:<\/strong><br \/>\nAnnica Pettersson, Wibax<br \/>\nEmma Nystr\u00f6m, Wibax<br \/>\nHannah Degerman, Pite\u00e5 kommun<br \/>\nDaniel Stenmarck, ICA Kvantum<\/p>\n        <\/div>\n    <\/div>\n<\/section>\n\n\n<section class=\"pt-8 md:pt-8 lg:pt-8 pb-8 md:pb-8 lg:pb-8\">\n    <div class=\"holder\">\n        <div class=\"wysiwyg\">\n            <h2 class=\"wp-block-heading\">\u00c5rets V\u00e4rdskap<\/h2>\n<div class=\"x_elementToProof\">\n<p><b data-olk-copy-source=\"MessageBody\">Kriterier:<\/b><\/p>\n<\/div>\n<div class=\"x_elementToProof\"><b>En minnesv\u00e4rd upplevelse<\/b><\/div>\n<div class=\"x_elementToProof\">\n<p>Hur v\u00e4l f\u00f6retaget, f\u00f6reningen eller organisationen f\u00e5r g\u00e4ster, kunder eller bes\u00f6kare att k\u00e4nna sig v\u00e4lkomna och omh\u00e4ndertagna.<\/p>\n<\/div>\n<div class=\"x_elementToProof\"><b>Respekt och \u00f6ppenhet<\/b><br \/>\nHur v\u00e4rdskapet visar omtanke och respekt f\u00f6r alla m\u00e4nniskor, och bidrar till en k\u00e4nsla av inkludering, stolthet och gl\u00e4dje.<\/div>\n<div><\/div>\n<div class=\"x_elementToProof\"><b>Fram\u00e5tanda och h\u00e5llbarhet<\/b><br \/>\nHur f\u00f6retaget, f\u00f6reningen eller organisationen\u00a0hittar nya s\u00e4tt att utveckla sitt v\u00e4rdskap, samtidigt som man t\u00e4nker l\u00e5ngsiktigt f\u00f6r framtiden.<\/p>\n<p><strong>PRISUTDELARE:<\/strong><br \/>\nPITE\u00c5-TIDNINGEN<\/p>\n<p><strong>JURY:<br \/>\n<\/strong>David Wellborg, VD Mat och Mat<br \/>\nMari Berglund, Pite\u00e5 Tidningen<br \/>\nMatilda Mattsson, Pite\u00e5 Tidningen<br \/>\nMarie Lindgren-Berglund, Pite\u00e5 kommun<br \/>\nKatarina Johansson, Pite\u00e5 kommun<\/div>\n        <\/div>\n    <\/div>\n<\/section>\n\n\n<section class=\"pt-8 md:pt-8 lg:pt-8 pb-8 md:pb-8 lg:pb-8\">\n    <div class=\"holder\">\n        <div class=\"wysiwyg\">\n            <h2 class=\"wp-block-heading\">\u00c5rets Nyf\u00f6retagare<\/h2>\n<p class=\"x_MsoNormal\"><b data-olk-copy-source=\"MessageBody\">Om \u00c5rets Nyf\u00f6retagare<br \/>\n<\/b>Ges till ett f\u00f6retag som varit verksam i h\u00f6gst fem \u00e5r, f\u00f6retaget har en unik produkt eller tj\u00e4nst och har potential till l\u00e5ngsiktig l\u00f6nsamhet och framg\u00e5ng. Den eller de som driver f\u00f6retaget ska vara goda f\u00f6rebilder f\u00f6r andra som startar f\u00f6retag. Andra faktorer som v\u00e4gs in kan vara export utanf\u00f6r kommunen\/l\u00e4net\/landet och f\u00f6retagarens \u00e5lder.<\/p>\n<p class=\"x_MsoNormal\"><b>Om priset<br \/>\n<\/b>\u00c5rets Nyf\u00f6retagare delas ut till en f\u00f6retagare som nyligen startat sitt f\u00f6retag och som genom mod och stark drivkraft kommit l\u00e5ngt p\u00e5 sin f\u00f6retagarresa under kort tid.<\/p>\n<p class=\"x_MsoNormal\"><b>Syfte<br \/>\n<\/b>Att st\u00e4rka och lyfta fram goda exempel p\u00e5 f\u00f6retagare som \u00e4r modiga och genom sin egen drivkraft utvecklar f\u00f6retag och ide\u00e9r som andra inte lyckas med.<\/p>\n<p class=\"x_MsoNormal\"><b>Kriterier<br \/>\n<\/b>Vinnaren ska uppfylla nedanst\u00e5ende kriterier<\/p>\n<ul type=\"disc\">\n<li class=\"x_MsoNormal\">En person eller en \u00e4gargrupp som med sin nuvarande verksamhetsinriktning funnits mer \u00e4n sex m\u00e5nader men inte funnits mer \u00e4n<b>\u00a0fem<\/b>\u00a0\u00e5r (vid ing\u00e5ngen av det \u00e5r som priset avser)<\/li>\n<li class=\"x_MsoNormal\">Ska erbjuda en unik, disruptiv eller p\u00e5 annat s\u00e4tt nyt\u00e4nkande produkt eller tj\u00e4nst.<\/li>\n<li class=\"x_MsoNormal\">Ska ha potential till l\u00e5ngsiktig l\u00f6nsamhet och framg\u00e5ng.<\/li>\n<li class=\"x_MsoNormal\">Ska ha en \u00e4garbild d\u00e4r alla inblandade ses som goda f\u00f6rebilder f\u00f6r andra som startar f\u00f6retag.<\/li>\n<li class=\"x_MsoNormal\">Ska ha sitt fasta driftsst\u00e4lle inom Pite\u00e5 kommun.<\/li>\n<\/ul>\n<p><strong>PRISUTDELARE:<br \/>\n<\/strong>SPARBANKEN NORD<\/p>\n<p><strong>JURY:<\/strong><br \/>\n<b><\/b>Erik Nystr\u00f6m, Norrlandsfonden<br \/>\nAnna M\u00f6rtberg, Almi<br \/>\nStina Eriksson, Pite\u00e5 Kommun<br \/>\nAnnika Sandberg, Sparbanken Nord<\/p>\n        <\/div>\n    <\/div>\n<\/section>\n\n\n<section class=\"pt-8 md:pt-8 lg:pt-8 pb-8 md:pb-8 lg:pb-8\">\n    <div class=\"holder\">\n        <div class=\"wysiwyg\">\n            <h2 class=\"wp-block-heading\">\u00c5rets Varum\u00e4rke<\/h2>\n<ul class=\"wp-block-list\">\n<li><span data-olk-copy-source=\"MessageBody\">Ett f\u00f6retag eller en organisation som under \u00e5ret har arbetat strategiskt med att utveckla sitt varum\u00e4rke, b\u00e5de i k\u00e4nnedom och attityd.<\/span><\/li>\n<li><span data-olk-copy-source=\"MessageBody\"> Varum\u00e4rket ska ha bidragit till Pite\u00e5s ekonomiska tillv\u00e4xt genom att anv\u00e4nda lokala akt\u00f6rer och skapa en h\u00e5llbar, inkluderande kultur med god arbetsmilj\u00f6. <\/span><\/li>\n<li><span data-olk-copy-source=\"MessageBody\">F\u00f6retaget eller organisationen ska \u00e4ven ha \u00f6kat Pite\u00e5s synlighet utanf\u00f6r kommunen, vilket har satt Pite\u00e5 p\u00e5 kartan och st\u00e4rkt stadens rykte b\u00e5de nationellt och\/eller internationellt.<\/span><\/li>\n<\/ul>\n<p><strong>PRISUTDELARE:<\/strong><br \/>\nOH MY<\/p>\n<p><strong>JURY:<\/strong><br \/>\nSigne Lindgren, Oh My<br \/>\nJohan \u00d6hgren, More<br \/>\nChristoffer K\u00e4llstr\u00f6m, In The Cold<br \/>\nJimmy Nilsson, Tromb<br \/>\nJohn Wiksten, Picknick Media<br \/>\nJ\u00f6rgen Hult, Kommunikationsavdelningen Pite\u00e5 kommun<\/p>\n        <\/div>\n    <\/div>\n<\/section>\n\n\n<section class=\"pt-8 md:pt-8 lg:pt-8 pb-8 md:pb-8 lg:pb-8\">\n    <div class=\"holder\">\n        <div class=\"wysiwyg\">\n            <h2 class=\"wp-block-heading\">\u00c5rets F\u00f6retagare<\/h2>\n<p>Nedan finner du kriterierna f\u00f6r att kunna nomineras till \u00c5rets F\u00f6retagare och \u00c5rets Unga F\u00f6retagare. Kriterierna \u00e4r gemensamma f\u00f6r lokal-, regional- och riksniv\u00e5.<\/p>\n<h3 class=\"wp-block-heading\">Ledare &amp; F\u00f6rebild<\/h3>\n<p>Aspekten belyser p\u00e5 vilket s\u00e4tt som f\u00f6retaget bidrar till samh\u00e4llet genom sitt agerande. Det kan r\u00f6ra sig om till exempel;<\/p>\n<ul class=\"wp-block-list\">\n<li>Engagemang i att utveckla sitt f\u00f6retag eller sin verksamhets milj\u00f6arbete.<\/li>\n<li>St\u00f6ttar lokala verksamheter, f\u00f6reningar etc.<\/li>\n<li>Ansvar gentemot leverant\u00f6rer och kunder.<\/li>\n<li>Anst\u00e4ller personer som annars hade haft sv\u00e5rt att komma in p\u00e5 arbetsmarknaden.<\/li>\n<li>Har p\u00e5verkat politiken till godo f\u00f6r andra f\u00f6retagare i regionen och\/eller uppmuntrar m\u00e5ngfald.<\/li>\n<\/ul>\n<h3 class=\"wp-block-heading\">Kreativitet &amp; Innovation<\/h3>\n<p>Aspekten belyser p\u00e5 vilket s\u00e4tt som f\u00f6retaget arbetar p\u00e5 ett innovativt s\u00e4tt med sin vara eller tj\u00e4nst. Det kan till exempel visa sig genom;<\/p>\n<ul class=\"wp-block-list\">\n<li>F\u00f6retaget har tagit en klassisk vara eller tj\u00e4nst men s\u00e4ljer den p\u00e5 ett nytt s\u00e4tt, med ett ut\u00f6kat v\u00e4rde f\u00f6r sina kunder eller p\u00e5 n\u00e5got annat s\u00e4tt omvandlat sitt erbjudande p\u00e5 ett s\u00e4tt som f\u00e5tt dem att utveckla sin bransch.<\/li>\n<li>F\u00f6retaget har en innovativ produkt eller tj\u00e4nst som de utvecklat och som skapat nya m\u00f6jligheter inom dess bransch. Kanske har f\u00f6retaget ocks\u00e5 f\u00f6r\u00e4ndrat genom sin verksamhet? Patenterade l\u00f6sningar, forskning som omvandlats till verksamhet etc.<\/li>\n<\/ul>\n<h3 class=\"wp-block-heading\">L\u00f6nsamhet &amp; Tillv\u00e4xt<\/h3>\n<p>Med god l\u00f6nsamhet avses att den \u00e4r l\u00e5ngsiktigt stabil eller att man har \u00e5terinvesterat i f\u00f6retaget f\u00f6r fortsatt tillv\u00e4xt. F\u00f6retagets marginal ska j\u00e4mf\u00f6ras med andra i samma bransch, inte med alla andra branscher. Genom UC-rapporter har F\u00f6retagarna sammanst\u00e4llt en bild av f\u00f6retagets ekonomi de senaste fyra \u00e5ren (f\u00f6r vissa bolag d\u00e4r verksamheten inte bedrivits i fyra \u00e5r kan detta vara kortare). De delar som vi kollat djupare p\u00e5 \u00e4r; oms\u00e4ttning, antal anst\u00e4llda, \u00e5rets vinst och nettomarginal.<\/p>\n<p><strong>PRISUTDELARE:<\/strong><br \/>\nF\u00d6RETAGARNA<\/p>\n<p><strong>JURY:<\/strong><br \/>\nJan-Eric Sandberg<br \/>\nLi Skarin<br \/>\nCecilia Lindstr\u00f6m<br \/>\nG\u00f6ran Carlsson<br \/>\nAnnica Sandberg, Sparbanken Nord<br \/>\nUlf Fj\u00e4llstr\u00f6m, N\u00e4ringslivsavdelningen Pite\u00e5 kommun<\/p>\n        <\/div>\n    <\/div>\n<\/section>\n\n\n<section class=\"pt-8 md:pt-8 lg:pt-8 pb-8 md:pb-8 lg:pb-8\">\n    <div class=\"holder\">\n        <div class=\"relative py-24\">\n            <div class=\"absolute top-0 left-0 right-0 w-full h-full\">\n                <picture class=\"w-full\"><source media=\"(max-width:639px)\" srcset=\"https:\/\/images.ohmyhosting.se\/NQk8wm4DZC2SopI7OtNFKJrfHog=\/400x400\/smart\/filters:quality(85)\/https%3A%2F%2Fpiteabusiness.se%2Fwp-content%2Fuploads%2Fsites%2F3%2F2025%2F01%2Fbakgrund-CTA-3.png 1x, https:\/\/images.ohmyhosting.se\/7SR0aoR2W4lie4gpmjI0zWXF9RQ=\/800x800\/smart\/filters:quality(85)\/https%3A%2F%2Fpiteabusiness.se%2Fwp-content%2Fuploads%2Fsites%2F3%2F2025%2F01%2Fbakgrund-CTA-3.png 2x\"><source media=\"(max-width:1022px)\" srcset=\"https:\/\/images.ohmyhosting.se\/Z1eapLGIlGYf5JaJXYCjEv3Cgf8=\/820x820\/smart\/filters:quality(85)\/https%3A%2F%2Fpiteabusiness.se%2Fwp-content%2Fuploads%2Fsites%2F3%2F2025%2F01%2Fbakgrund-CTA-3.png 1x, https:\/\/images.ohmyhosting.se\/b1RJ6-Genu21JjYiHxT1o04yjAU=\/1640x1640\/smart\/filters:quality(85)\/https%3A%2F%2Fpiteabusiness.se%2Fwp-content%2Fuploads%2Fsites%2F3%2F2025%2F01%2Fbakgrund-CTA-3.png 2x\"><source media=\"(max-width:1920px)\" srcset=\"https:\/\/images.ohmyhosting.se\/9MUEq3M57V97sA3Zjnho7SV6ng8=\/2560x746\/smart\/filters:quality(85)\/https%3A%2F%2Fpiteabusiness.se%2Fwp-content%2Fuploads%2Fsites%2F3%2F2025%2F01%2Fbakgrund-CTA-3.png 1x, https:\/\/images.ohmyhosting.se\/sPFfBYTXgRpndYXmciQ2dqBWdfo=\/5120x1492\/smart\/filters:quality(85)\/https%3A%2F%2Fpiteabusiness.se%2Fwp-content%2Fuploads%2Fsites%2F3%2F2025%2F01%2Fbakgrund-CTA-3.png 2x\"><img decoding=\"async\" src=\"https:\/\/images.ohmyhosting.se\/KTLTVFB90NneNdszB9iN0KboxtM=\/1440x587\/smart\/filters:quality(85)\/https%3A%2F%2Fpiteabusiness.se%2Fwp-content%2Fuploads%2Fsites%2F3%2F2025%2F01%2Fbakgrund-CTA-3.png\" srcset=\"https:\/\/images.ohmyhosting.se\/KTLTVFB90NneNdszB9iN0KboxtM=\/1440x587\/smart\/filters:quality(85)\/https%3A%2F%2Fpiteabusiness.se%2Fwp-content%2Fuploads%2Fsites%2F3%2F2025%2F01%2Fbakgrund-CTA-3.png 1x, https:\/\/images.ohmyhosting.se\/pbFCFVtrepZTWiJmNp0_6FVO0EU=\/2880x1174\/smart\/filters:quality(85)\/https%3A%2F%2Fpiteabusiness.se%2Fwp-content%2Fuploads%2Fsites%2F3%2F2025%2F01%2Fbakgrund-CTA-3.png 2x\" alt=\"\" class=\"w-full object-cover h-full w-full rounded-2xl\" \/><\/picture>            <\/div>\n            <div class=\"lg:max-w-[545px] mx-auto text-center relative z-10 p-4 lg:p-0\">\n                <h2 class=\"heading-md text-white mb-3 lg:mb-6\">Dags att nominera!<\/h2>\n                <p class=\"body-l text-white mb-6\">Kom ih\u00e5g att nominera senast 30 november.<\/p>\n                                    <div>\n                        <a class=\"btn white inline-block\" href=\"https:\/\/forms.office.com\/e\/dce8u7MSns\" target=\"_blank\">Nominera<\/a>\n                    <\/div>\n                            <\/div>\n        <\/div>\n    <\/div>\n<\/section>","protected":false},"excerpt":{"rendered":"","protected":false},"author":2,"featured_media":0,"parent":0,"menu_order":0,"comment_status":"closed","ping_status":"closed","template":"","meta":{"_acf_changed":false,"footnotes":""},"class_list":["post-41","page","type-page","status-publish","hentry"],"yoast_head":"<!-- This site is optimized with the Yoast SEO plugin v27.5 - https:\/\/yoast.com\/product\/yoast-seo-wordpress\/ -->\n<title>Priskategorier - Pite\u00e5 Business Awards<\/title>\n<meta name=\"robots\" content=\"index, follow, max-snippet:-1, max-image-preview:large, max-video-preview:-1\" \/>\n<link rel=\"canonical\" href=\"https:\/\/piteabusiness.se\/pitea-business-awards\/priskategorier\/\" \/>\n<meta property=\"og:locale\" content=\"sv_SE\" \/>\n<meta property=\"og:type\" content=\"article\" \/>\n<meta property=\"og:title\" content=\"Priskategorier - Pite\u00e5 Business Awards\" \/>\n<meta property=\"og:url\" content=\"https:\/\/piteabusiness.se\/pitea-business-awards\/priskategorier\/\" \/>\n<meta property=\"og:site_name\" content=\"Pite\u00e5 Business Awards\" \/>\n<meta property=\"article:publisher\" content=\"https:\/\/www.facebook.com\/PiteaBusiness\/\" \/>\n<meta property=\"article:modified_time\" content=\"2025-11-25T08:17:42+00:00\" \/>\n<meta name=\"twitter:card\" content=\"summary_large_image\" \/>\n<script type=\"application\/ld+json\" class=\"yoast-schema-graph\">{\"@context\":\"https:\\\/\\\/schema.org\",\"@graph\":[{\"@type\":\"WebPage\",\"@id\":\"https:\\\/\\\/piteabusiness.se\\\/pitea-business-awards\\\/priskategorier\\\/\",\"url\":\"https:\\\/\\\/piteabusiness.se\\\/pitea-business-awards\\\/priskategorier\\\/\",\"name\":\"Priskategorier - Pite\u00e5 Business Awards\",\"isPartOf\":{\"@id\":\"https:\\\/\\\/piteabusiness.se\\\/pitea-business-awards\\\/#website\"},\"datePublished\":\"2024-10-29T10:05:25+00:00\",\"dateModified\":\"2025-11-25T08:17:42+00:00\",\"breadcrumb\":{\"@id\":\"https:\\\/\\\/piteabusiness.se\\\/pitea-business-awards\\\/priskategorier\\\/#breadcrumb\"},\"inLanguage\":\"sv-SE\",\"potentialAction\":[{\"@type\":\"ReadAction\",\"target\":[\"https:\\\/\\\/piteabusiness.se\\\/pitea-business-awards\\\/priskategorier\\\/\"]}]},{\"@type\":\"BreadcrumbList\",\"@id\":\"https:\\\/\\\/piteabusiness.se\\\/pitea-business-awards\\\/priskategorier\\\/#breadcrumb\",\"itemListElement\":[{\"@type\":\"ListItem\",\"position\":1,\"name\":\"Home\",\"item\":\"https:\\\/\\\/piteabusiness.se\\\/pitea-business-awards\\\/\"},{\"@type\":\"ListItem\",\"position\":2,\"name\":\"Priskategorier\"}]},{\"@type\":\"WebSite\",\"@id\":\"https:\\\/\\\/piteabusiness.se\\\/pitea-business-awards\\\/#website\",\"url\":\"https:\\\/\\\/piteabusiness.se\\\/pitea-business-awards\\\/\",\"name\":\"Pite\u00e5 Business Awards\",\"description\":\"\",\"publisher\":{\"@id\":\"https:\\\/\\\/piteabusiness.se\\\/pitea-business-awards\\\/#organization\"},\"potentialAction\":[{\"@type\":\"SearchAction\",\"target\":{\"@type\":\"EntryPoint\",\"urlTemplate\":\"https:\\\/\\\/piteabusiness.se\\\/pitea-business-awards\\\/?s={search_term_string}\"},\"query-input\":{\"@type\":\"PropertyValueSpecification\",\"valueRequired\":true,\"valueName\":\"search_term_string\"}}],\"inLanguage\":\"sv-SE\"},{\"@type\":\"Organization\",\"@id\":\"https:\\\/\\\/piteabusiness.se\\\/pitea-business-awards\\\/#organization\",\"name\":\"Pite\u00e5 Business Awards\",\"url\":\"https:\\\/\\\/piteabusiness.se\\\/pitea-business-awards\\\/\",\"logo\":{\"@type\":\"ImageObject\",\"inLanguage\":\"sv-SE\",\"@id\":\"https:\\\/\\\/piteabusiness.se\\\/pitea-business-awards\\\/#\\\/schema\\\/logo\\\/image\\\/\",\"url\":\"https:\\\/\\\/piteabusiness.se\\\/wp-content\\\/uploads\\\/sites\\\/3\\\/2024\\\/11\\\/og3.jpg\",\"contentUrl\":\"https:\\\/\\\/piteabusiness.se\\\/wp-content\\\/uploads\\\/sites\\\/3\\\/2024\\\/11\\\/og3.jpg\",\"width\":1200,\"height\":630,\"caption\":\"Pite\u00e5 Business Awards\"},\"image\":{\"@id\":\"https:\\\/\\\/piteabusiness.se\\\/pitea-business-awards\\\/#\\\/schema\\\/logo\\\/image\\\/\"},\"sameAs\":[\"https:\\\/\\\/www.facebook.com\\\/PiteaBusiness\\\/\"]}]}<\/script>\n<!-- \/ Yoast SEO plugin. -->","yoast_head_json":{"title":"Priskategorier - Pite\u00e5 Business Awards","robots":{"index":"index","follow":"follow","max-snippet":"max-snippet:-1","max-image-preview":"max-image-preview:large","max-video-preview":"max-video-preview:-1"},"canonical":"https:\/\/piteabusiness.se\/pitea-business-awards\/priskategorier\/","og_locale":"sv_SE","og_type":"article","og_title":"Priskategorier - Pite\u00e5 Business Awards","og_url":"https:\/\/piteabusiness.se\/pitea-business-awards\/priskategorier\/","og_site_name":"Pite\u00e5 Business Awards","article_publisher":"https:\/\/www.facebook.com\/PiteaBusiness\/","article_modified_time":"2025-11-25T08:17:42+00:00","twitter_card":"summary_large_image","schema":{"@context":"https:\/\/schema.org","@graph":[{"@type":"WebPage","@id":"https:\/\/piteabusiness.se\/pitea-business-awards\/priskategorier\/","url":"https:\/\/piteabusiness.se\/pitea-business-awards\/priskategorier\/","name":"Priskategorier - Pite\u00e5 Business Awards","isPartOf":{"@id":"https:\/\/piteabusiness.se\/pitea-business-awards\/#website"},"datePublished":"2024-10-29T10:05:25+00:00","dateModified":"2025-11-25T08:17:42+00:00","breadcrumb":{"@id":"https:\/\/piteabusiness.se\/pitea-business-awards\/priskategorier\/#breadcrumb"},"inLanguage":"sv-SE","potentialAction":[{"@type":"ReadAction","target":["https:\/\/piteabusiness.se\/pitea-business-awards\/priskategorier\/"]}]},{"@type":"BreadcrumbList","@id":"https:\/\/piteabusiness.se\/pitea-business-awards\/priskategorier\/#breadcrumb","itemListElement":[{"@type":"ListItem","position":1,"name":"Home","item":"https:\/\/piteabusiness.se\/pitea-business-awards\/"},{"@type":"ListItem","position":2,"name":"Priskategorier"}]},{"@type":"WebSite","@id":"https:\/\/piteabusiness.se\/pitea-business-awards\/#website","url":"https:\/\/piteabusiness.se\/pitea-business-awards\/","name":"Pite\u00e5 Business Awards","description":"","publisher":{"@id":"https:\/\/piteabusiness.se\/pitea-business-awards\/#organization"},"potentialAction":[{"@type":"SearchAction","target":{"@type":"EntryPoint","urlTemplate":"https:\/\/piteabusiness.se\/pitea-business-awards\/?s={search_term_string}"},"query-input":{"@type":"PropertyValueSpecification","valueRequired":true,"valueName":"search_term_string"}}],"inLanguage":"sv-SE"},{"@type":"Organization","@id":"https:\/\/piteabusiness.se\/pitea-business-awards\/#organization","name":"Pite\u00e5 Business Awards","url":"https:\/\/piteabusiness.se\/pitea-business-awards\/","logo":{"@type":"ImageObject","inLanguage":"sv-SE","@id":"https:\/\/piteabusiness.se\/pitea-business-awards\/#\/schema\/logo\/image\/","url":"https:\/\/piteabusiness.se\/wp-content\/uploads\/sites\/3\/2024\/11\/og3.jpg","contentUrl":"https:\/\/piteabusiness.se\/wp-content\/uploads\/sites\/3\/2024\/11\/og3.jpg","width":1200,"height":630,"caption":"Pite\u00e5 Business Awards"},"image":{"@id":"https:\/\/piteabusiness.se\/pitea-business-awards\/#\/schema\/logo\/image\/"},"sameAs":["https:\/\/www.facebook.com\/PiteaBusiness\/"]}]}},"acf":[],"_links":{"self":[{"href":"https:\/\/piteabusiness.se\/pitea-business-awards\/wp-json\/wp\/v2\/pages\/41","targetHints":{"allow":["GET"]}}],"collection":[{"href":"https:\/\/piteabusiness.se\/pitea-business-awards\/wp-json\/wp\/v2\/pages"}],"about":[{"href":"https:\/\/piteabusiness.se\/pitea-business-awards\/wp-json\/wp\/v2\/types\/page"}],"author":[{"embeddable":true,"href":"https:\/\/piteabusiness.se\/pitea-business-awards\/wp-json\/wp\/v2\/users\/2"}],"replies":[{"embeddable":true,"href":"https:\/\/piteabusiness.se\/pitea-business-awards\/wp-json\/wp\/v2\/comments?post=41"}],"version-history":[{"count":42,"href":"https:\/\/piteabusiness.se\/pitea-business-awards\/wp-json\/wp\/v2\/pages\/41\/revisions"}],"predecessor-version":[{"id":434,"href":"https:\/\/piteabusiness.se\/pitea-business-awards\/wp-json\/wp\/v2\/pages\/41\/revisions\/434"}],"wp:attachment":[{"href":"https:\/\/piteabusiness.se\/pitea-business-awards\/wp-json\/wp\/v2\/media?parent=41"}],"curies":[{"name":"wp","href":"https:\/\/api.w.org\/{rel}","templated":true}]}}