{"id":5,"date":"2024-08-29T07:49:52","date_gmt":"2024-08-29T07:49:52","guid":{"rendered":"https:\/\/piteabusinessawards.piteabusiness.se\/?page_id=5"},"modified":"2026-02-25T16:35:49","modified_gmt":"2026-02-25T16:35:49","slug":"startsidan","status":"publish","type":"page","link":"https:\/\/piteabusiness.se\/pitea-business-awards\/","title":{"rendered":"Startsidan"},"content":{"rendered":"\n<section class=\"hero min-h-[50vh] md:min-h-[746px] flex flex-col relative overflow-hidden hero-bg pt-0 pb-0 \">\n    <div class=\"absolute top-0 left-0 right-0 w-full h-full\">\n        <picture class=\"w-full\"><source media=\"(max-width:1023px)\" srcset=\"https:\/\/images.ohmyhosting.se\/x5BBUYuxUiu1QlYD8TDu8C6DYTs=\/2880x1492\/smart\/filters:quality(85)\/https%3A%2F%2Fpiteabusiness.se%2Fwp-content%2Fuploads%2Fsites%2F3%2F2024%2F11%2FPBA_header_2880x1492-scaled.webp 1x, https:\/\/images.ohmyhosting.se\/1s4EvD0Lv_RcDWHZKANxYUgevek=\/5760x2984\/smart\/filters:quality(85)\/https%3A%2F%2Fpiteabusiness.se%2Fwp-content%2Fuploads%2Fsites%2F3%2F2024%2F11%2FPBA_header_2880x1492-scaled.webp 2x\"><img decoding=\"async\" src=\"https:\/\/images.ohmyhosting.se\/9LWf6k-xNwUzI7PQxPpg6XQ3Vn0=\/1440x746\/smart\/filters:quality(85)\/https%3A%2F%2Fpiteabusiness.se%2Fwp-content%2Fuploads%2Fsites%2F3%2F2024%2F11%2FPBA_header_2880x1492-scaled.webp\" srcset=\"https:\/\/images.ohmyhosting.se\/9LWf6k-xNwUzI7PQxPpg6XQ3Vn0=\/1440x746\/smart\/filters:quality(85)\/https%3A%2F%2Fpiteabusiness.se%2Fwp-content%2Fuploads%2Fsites%2F3%2F2024%2F11%2FPBA_header_2880x1492-scaled.webp 1x, https:\/\/images.ohmyhosting.se\/x5BBUYuxUiu1QlYD8TDu8C6DYTs=\/2880x1492\/smart\/filters:quality(85)\/https%3A%2F%2Fpiteabusiness.se%2Fwp-content%2Fuploads%2Fsites%2F3%2F2024%2F11%2FPBA_header_2880x1492-scaled.webp 2x\" alt=\"\" class=\"w-full object-cover h-full w-full\" \/><\/picture>    <\/div>\n    <div class=\"holder text-white relative z-10 mt-auto\">\n        <div class=\"flex flex-col space-y-6 pb-10\">\n                            <h1 class=\"heading-xl\"><p><img decoding=\"async\" class=\"alignnone size-full wp-image-21\" src=\"https:\/\/piteabusiness.se\/wp-content\/uploads\/sites\/3\/2024\/08\/pba_logotype.svg\" alt=\"\" \/>Pite\u00e5 Business Awards<\/p>\n<\/h1>\n                                        <div>\n                    <a class=\"btn white inline-block\" href=\"https:\/\/forms.office.com\/e\/eD8W35vkzy\" target=\"_blank\">Var du d\u00e4r? Svara g\u00e4rna p\u00e5 enk\u00e4ten!<\/a>\n                <\/div>\n                    <\/div>\n    <\/div>\n<\/section>\n\n\n\n<section class=\"pt-8 md:pt-8 lg:pt-8 pb-8 md:pb-8 lg:pb-8\">\n    <div class=\"holder\">\n        <div class=\"flex flex-col-reverse lg:grid lg:grid-cols-12 lg:gap-8 bg-darkblue rounded-3xl\">\n            <div class=\"text-white lg:col-span-7 p-4 lg:p-16 flex flex-col\">\n                <h2 class=\"heading-md mb-3 lg:mb-6\">Vilken kv\u00e4ll det blev!<\/h2>\n                <p class=\"body-l mb-3 lg:mb-6\">Vi vill g\u00e4rna ta del av dina synpunkter f\u00f6r att g\u00f6ra Pite\u00e5 Business Awards \u00e4nnu b\u00e4ttre. Genom att svara p\u00e5 v\u00e5r enk\u00e4t bidrar du med v\u00e4rdefulla \u00e5sikter som hj\u00e4lper oss i det fortsatta utvecklingsarbetet.\r\n\r\nEnk\u00e4ten tar bara n\u00e5gon minut att besvara.<\/p>\n                                    <a class=\"btn mr-auto\" href=\"https:\/\/forms.office.com\/e\/eD8W35vkzy\" target=\"_blank\">Till enk\u00e4ten<\/a>\n                            <\/div>\n            <div class=\"lg:col-span-5\">\n                <picture class=\"w-full\"><img decoding=\"async\" src=\"https:\/\/images.ohmyhosting.se\/T-0HC5L5cwj_2HtShFayM5iWCDc=\/528x412\/smart\/filters:quality(85)\/https%3A%2F%2Fpiteabusiness.se%2Fwp-content%2Fuploads%2Fsites%2F3%2F2026%2F02%2FPBA111.jpg\" srcset=\"https:\/\/images.ohmyhosting.se\/T-0HC5L5cwj_2HtShFayM5iWCDc=\/528x412\/smart\/filters:quality(85)\/https%3A%2F%2Fpiteabusiness.se%2Fwp-content%2Fuploads%2Fsites%2F3%2F2026%2F02%2FPBA111.jpg 1x, https:\/\/images.ohmyhosting.se\/XcOJvF3dPgqyrz5RaZoYFMmdIbU=\/1056x824\/smart\/filters:quality(85)\/https%3A%2F%2Fpiteabusiness.se%2Fwp-content%2Fuploads%2Fsites%2F3%2F2026%2F02%2FPBA111.jpg 2x\" alt=\"\" class=\"w-full object-cover h-full w-full rounded-tr-3xl rounded-tl-3xl lg:rounded-tl-0 lg:rounded-br-3xl\" \/><\/picture>            <\/div>\n        <\/div>\n    <\/div>\n<\/section>\n\n\n<section class=\"pt-8 md:pt-8 lg:pt-8 pb-8 md:pb-8 lg:pb-8\">\n    <div class=\"holder\">\n        <div class=\"lg:grid grid-cols-12 gap-8\">\n            <div class=\"lg:col-span-6 lg:order-2\">\n                <picture class=\"w-full\"><img decoding=\"async\" src=\"https:\/\/images.ohmyhosting.se\/IrZS2pGrOXSJb1k33zmTfNkob2Q=\/528x412\/smart\/filters:quality(85)\/https%3A%2F%2Fpiteabusiness.se%2Fwp-content%2Fuploads%2Fsites%2F3%2F2026%2F02%2FForetagare_02-scaled.jpg\" srcset=\"https:\/\/images.ohmyhosting.se\/IrZS2pGrOXSJb1k33zmTfNkob2Q=\/528x412\/smart\/filters:quality(85)\/https%3A%2F%2Fpiteabusiness.se%2Fwp-content%2Fuploads%2Fsites%2F3%2F2026%2F02%2FForetagare_02-scaled.jpg 1x, https:\/\/images.ohmyhosting.se\/NIB3f1pqCAKpHaW_Xd-MF_-ip4g=\/1056x824\/smart\/filters:quality(85)\/https%3A%2F%2Fpiteabusiness.se%2Fwp-content%2Fuploads%2Fsites%2F3%2F2026%2F02%2FForetagare_02-scaled.jpg 2x\" alt=\"\" class=\"w-full mb-3 lg:mb-0 object-cover h-full w-full rounded-2xl\" \/><\/picture>            <\/div>\n            <div class=\"lg:col-span-6 flex flex-col items-start justify-center lg:order-1\">\n                <h2 class=\"heading-md mb-3 lg:mb-6\">Vinnarna har korats!<\/h2>\n                <p class=\"body-l mb-3 lg:mb-6\">Under en fantastisk gala p\u00e5 Pite Havsbad hyllades f\u00f6retag och entrepren\u00f6rer som genom sitt engagemang, sin innovationskraft och sina prestationer bidrar till ett starkt och livskraftigt n\u00e4ringsliv i Pite\u00e5. H\u00e4r presenteras vinnarna av Pite\u00e5 Business Awards 2025. \r\n<br><br>\r\n<\/p>\n                                    <a class=\"btn btn--blue\" href=\"https:\/\/piteabusiness.se\/pitea-business-awards\/arets-vinnare-2025\/\" target=\"\">\u00c5rets vinnare 2025<\/a>\n                            <\/div>\n        <\/div>\n    <\/div>\n<\/section>\n\n\n<section class=\"pt-8 md:pt-8 lg:pt-8 pb-8 md:pb-8 lg:pb-8\">\n    <div class=\"holder\">\n        <div class=\"lg:grid grid-cols-12 gap-8\">\n            <div class=\"lg:col-span-6 \">\n                <picture class=\"w-full\"><img decoding=\"async\" src=\"https:\/\/images.ohmyhosting.se\/uaOxR79-hzrePCUodLKJyBWlXNg=\/528x412\/smart\/filters:quality(85)\/https%3A%2F%2Fpiteabusiness.se%2Fwp-content%2Fuploads%2Fsites%2F3%2F2026%2F02%2FPBA35.jpg\" srcset=\"https:\/\/images.ohmyhosting.se\/uaOxR79-hzrePCUodLKJyBWlXNg=\/528x412\/smart\/filters:quality(85)\/https%3A%2F%2Fpiteabusiness.se%2Fwp-content%2Fuploads%2Fsites%2F3%2F2026%2F02%2FPBA35.jpg 1x, https:\/\/images.ohmyhosting.se\/C7Z7EknIEKK-SGiR4VZQqghir60=\/1056x824\/smart\/filters:quality(85)\/https%3A%2F%2Fpiteabusiness.se%2Fwp-content%2Fuploads%2Fsites%2F3%2F2026%2F02%2FPBA35.jpg 2x\" alt=\"\" class=\"w-full mb-3 lg:mb-0 object-cover h-full w-full rounded-2xl\" \/><\/picture>            <\/div>\n            <div class=\"lg:col-span-6 flex flex-col items-start justify-center \">\n                <h2 class=\"heading-md mb-3 lg:mb-6\">Ingen gala utan mingel!<\/h2>\n                <p class=\"body-l mb-3 lg:mb-6\">Nu finns mingelbilderna uppe! Scrolla, klicka och se om du fastnade p\u00e5 bild \u2013 eller om n\u00e5gon du k\u00e4nner gjorde det. \r\n<br><br>\r\n<\/p>\n                                    <a class=\"btn btn--blue\" href=\"https:\/\/piteabusiness.se\/pitea-business-awards\/mingelbilder\/\" target=\"\">Mingelbilder<\/a>\n                            <\/div>\n        <\/div>\n    <\/div>\n<\/section>\n\n\n<section class=\"pt-8 md:pt-8 lg:pt-8 pb-8 md:pb-8 lg:pb-8\">\n    <div class=\"holder\">\n        <div class=\"lg:grid grid-cols-12 gap-8\">\n            <div class=\"lg:col-span-6 lg:order-2\">\n                <picture class=\"w-full\"><img decoding=\"async\" src=\"https:\/\/images.ohmyhosting.se\/MUUE05HERdSPA3szRU58F5o4yVA=\/528x412\/smart\/filters:quality(85)\/https%3A%2F%2Fpiteabusiness.se%2Fwp-content%2Fuploads%2Fsites%2F3%2F2025%2F12%2FPBA-2023_foto-Mikael-Sundkvist-52.jpg\" srcset=\"https:\/\/images.ohmyhosting.se\/MUUE05HERdSPA3szRU58F5o4yVA=\/528x412\/smart\/filters:quality(85)\/https%3A%2F%2Fpiteabusiness.se%2Fwp-content%2Fuploads%2Fsites%2F3%2F2025%2F12%2FPBA-2023_foto-Mikael-Sundkvist-52.jpg 1x, https:\/\/images.ohmyhosting.se\/U4jLwPVq2fKI03CPkjO2l5RhND0=\/1056x824\/smart\/filters:quality(85)\/https%3A%2F%2Fpiteabusiness.se%2Fwp-content%2Fuploads%2Fsites%2F3%2F2025%2F12%2FPBA-2023_foto-Mikael-Sundkvist-52.jpg 2x\" alt=\"\" class=\"w-full mb-3 lg:mb-0 object-cover h-full w-full rounded-2xl\" \/><\/picture>            <\/div>\n            <div class=\"lg:col-span-6 flex flex-col items-start justify-center lg:order-1\">\n                <h2 class=\"heading-md mb-3 lg:mb-6\">Vill du bli partner?<\/h2>\n                <p class=\"body-l mb-3 lg:mb-6\">Festen \u00e4r \u00f6ver f\u00f6r denna g\u00e5ng, men vi laddar redan f\u00f6r Pite\u00e5 Business Awards 2027. Vi v\u00e4lkomnar alltid nya partners och samarbeten, h\u00f6r av dig till oss om du \u00e4r intresserad!\r\n<br><br>\r\n<\/p>\n                                    <a class=\"btn btn--blue\" href=\"https:\/\/piteabusiness.se\/pitea-business-awards\/partners\/\" target=\"\">Partnerskap<\/a>\n                            <\/div>\n        <\/div>\n    <\/div>\n<\/section>\n\n\n<section class=\"pt-8 md:pt-8 lg:pt-8 pb-8 md:pb-8 lg:pb-8\">\n    <div class=\"holder\">\n        <div class=\"relative py-24\">\n            <div class=\"absolute top-0 left-0 right-0 w-full h-full\">\n                <picture class=\"w-full\"><source media=\"(max-width:639px)\" srcset=\"https:\/\/images.ohmyhosting.se\/kSXEC1Z3Bvbw4dfGBZMAVeXJjEo=\/400x400\/smart\/filters:quality(85)\/https%3A%2F%2Fpiteabusiness.se%2Fwp-content%2Fuploads%2Fsites%2F3%2F2026%2F01%2FTest-kalendern-scaled.jpg 1x, https:\/\/images.ohmyhosting.se\/biljcJuL8wArgsXWkhNQXcxVeeU=\/800x800\/smart\/filters:quality(85)\/https%3A%2F%2Fpiteabusiness.se%2Fwp-content%2Fuploads%2Fsites%2F3%2F2026%2F01%2FTest-kalendern-scaled.jpg 2x\"><source media=\"(max-width:1022px)\" srcset=\"https:\/\/images.ohmyhosting.se\/B9Aahurl2DfGD-B2uZYrWgT96ZU=\/820x820\/smart\/filters:quality(85)\/https%3A%2F%2Fpiteabusiness.se%2Fwp-content%2Fuploads%2Fsites%2F3%2F2026%2F01%2FTest-kalendern-scaled.jpg 1x, https:\/\/images.ohmyhosting.se\/-CbXcqrq4GUdWt7Yl2FVeLkbrv8=\/1640x1640\/smart\/filters:quality(85)\/https%3A%2F%2Fpiteabusiness.se%2Fwp-content%2Fuploads%2Fsites%2F3%2F2026%2F01%2FTest-kalendern-scaled.jpg 2x\"><source media=\"(max-width:1920px)\" srcset=\"https:\/\/images.ohmyhosting.se\/zFbSuL8N9Y-0v5ZORQZRjesTZ80=\/2560x746\/smart\/filters:quality(85)\/https%3A%2F%2Fpiteabusiness.se%2Fwp-content%2Fuploads%2Fsites%2F3%2F2026%2F01%2FTest-kalendern-scaled.jpg 1x, https:\/\/images.ohmyhosting.se\/xrgmkqKX1ocoaMd-NEqN5DkFDfI=\/5120x1492\/smart\/filters:quality(85)\/https%3A%2F%2Fpiteabusiness.se%2Fwp-content%2Fuploads%2Fsites%2F3%2F2026%2F01%2FTest-kalendern-scaled.jpg 2x\"><img decoding=\"async\" src=\"https:\/\/images.ohmyhosting.se\/46_VIf2ZETiiMoJhsjHA2tDS2NE=\/1440x587\/smart\/filters:quality(85)\/https%3A%2F%2Fpiteabusiness.se%2Fwp-content%2Fuploads%2Fsites%2F3%2F2026%2F01%2FTest-kalendern-scaled.jpg\" srcset=\"https:\/\/images.ohmyhosting.se\/46_VIf2ZETiiMoJhsjHA2tDS2NE=\/1440x587\/smart\/filters:quality(85)\/https%3A%2F%2Fpiteabusiness.se%2Fwp-content%2Fuploads%2Fsites%2F3%2F2026%2F01%2FTest-kalendern-scaled.jpg 1x, https:\/\/images.ohmyhosting.se\/8VwXyj6gGK8MRTEPhPJUA5Pw4zs=\/2880x1174\/smart\/filters:quality(85)\/https%3A%2F%2Fpiteabusiness.se%2Fwp-content%2Fuploads%2Fsites%2F3%2F2026%2F01%2FTest-kalendern-scaled.jpg 2x\" alt=\"\" class=\"w-full object-cover h-full w-full rounded-2xl\" \/><\/picture>            <\/div>\n            <div class=\"lg:max-w-[545px] mx-auto text-center relative z-10 p-4 lg:p-0\">\n                <h2 class=\"heading-md text-white mb-3 lg:mb-6\">H\u00e5ll koll p\u00e5 kalendern!<\/h2>\n                <p class=\"body-l text-white mb-6\">N\u00e4ringslivskalendern ger dig en samlad bild av vad som h\u00e4nder inom Pite\u00e5s n\u00e4ringsliv. H\u00e4r publiceras aktiviteter och evenemang som arrangeras av kommunen och andra akt\u00f6rer, med fokus p\u00e5 samverkan, utveckling och tillv\u00e4xt. <br><br><\/p>\n                                    <div>\n                        <a class=\"btn white inline-block\" href=\"https:\/\/www.pitea.se\/Naringsliv\/naringslivsevenemang\/\" target=\"_blank\">N\u00e4ringslivskalendern<\/a>\n                    <\/div>\n                            <\/div>\n        <\/div>\n    <\/div>\n<\/section>\n\n\n\n<section class=\"pt-16 md:pt-16 lg:pt-16 pb-0 \">\n\n    \n    <div class=\"holder\">\n        <div class=\"grid lg:grid-cols-12 lg:gap-8\">\n                                                                                                <a class=\"mb-6 lg:mb-0 lg:col-span-3 relative group\" href=\"http:\/\/piteabusiness.se\/naringslivsfrukost\">\n                                                            <picture class=\"w-full\"><img decoding=\"async\" src=\"https:\/\/images.ohmyhosting.se\/C8WQs9jOg0MuERJQxMuXdLhP2rc=\/416x459\/smart\/filters:quality(85)\/https%3A%2F%2Fpiteabusiness.se%2Fwp-content%2Fuploads%2Fsites%2F4%2F2026%2F01%2FGroup-15467.jpg\" srcset=\"https:\/\/images.ohmyhosting.se\/C8WQs9jOg0MuERJQxMuXdLhP2rc=\/416x459\/smart\/filters:quality(85)\/https%3A%2F%2Fpiteabusiness.se%2Fwp-content%2Fuploads%2Fsites%2F4%2F2026%2F01%2FGroup-15467.jpg 1x, https:\/\/images.ohmyhosting.se\/Uo-2-FiiUaATrnN1RwV6_c47kIA=\/832x918\/smart\/filters:quality(85)\/https%3A%2F%2Fpiteabusiness.se%2Fwp-content%2Fuploads%2Fsites%2F4%2F2026%2F01%2FGroup-15467.jpg 2x\" alt=\"\" class=\"w-full object-cover h-full w-full rounded-tr-3xl rounded-tl-3xl transition-transform duration-200 group-hover:-translate-y-2\" \/><\/picture>                                                        <div class=\"absolute bottom-0 left-0 right-0\">\n                                <div class=\"bg-white mx-3 rounded-tr-3xl rounded-tl-3xl p-6\">\n                                    <h3 class=\"text-center font-black text-[18px] group-hover:underline\">Pite\u00e5 Business Breakfast<\/h3>\n                                <\/div>\n                            <\/div>\n                        <\/a>\n                                                                                                                            <a class=\"mb-6 lg:mb-0 lg:col-span-3 relative group\" href=\"http:\/\/piteabusiness.se\/pitea-business-tour\">\n                                                            <picture class=\"w-full\"><img decoding=\"async\" src=\"https:\/\/images.ohmyhosting.se\/aBDd9Vc5WjFE3D0W4tnDinHdvEI=\/416x459\/smart\/filters:quality(85)\/https%3A%2F%2Fpiteabusiness.se%2Fwp-content%2Fuploads%2Fsites%2F2%2F2026%2F01%2FGroup-15468.jpg\" srcset=\"https:\/\/images.ohmyhosting.se\/aBDd9Vc5WjFE3D0W4tnDinHdvEI=\/416x459\/smart\/filters:quality(85)\/https%3A%2F%2Fpiteabusiness.se%2Fwp-content%2Fuploads%2Fsites%2F2%2F2026%2F01%2FGroup-15468.jpg 1x, https:\/\/images.ohmyhosting.se\/5AwD-jPqd0farnnsoYYUBN0xYHM=\/832x918\/smart\/filters:quality(85)\/https%3A%2F%2Fpiteabusiness.se%2Fwp-content%2Fuploads%2Fsites%2F2%2F2026%2F01%2FGroup-15468.jpg 2x\" alt=\"\" class=\"w-full object-cover h-full w-full rounded-tr-3xl rounded-tl-3xl transition-transform duration-200 group-hover:-translate-y-2\" \/><\/picture>                                                        <div class=\"absolute bottom-0 left-0 right-0\">\n                                <div class=\"bg-white mx-3 rounded-tr-3xl rounded-tl-3xl p-6\">\n                                    <h3 class=\"text-center font-black text-[18px] group-hover:underline\">Pite\u00e5 Business Tour<\/h3>\n                                <\/div>\n                            <\/div>\n                        <\/a>\n                                                                                                                            <a class=\"mb-6 lg:mb-0 lg:col-span-3 relative group\" href=\"http:\/\/piteabusiness.se\/pitea-business-awards\">\n                                                            <picture class=\"w-full\"><img decoding=\"async\" src=\"https:\/\/images.ohmyhosting.se\/xOjTAqd2OZ9dgR7ObI5WQGNAiVM=\/416x459\/smart\/filters:quality(85)\/https%3A%2F%2Fpiteabusiness.se%2Fwp-content%2Fuploads%2Fsites%2F3%2F2024%2F10%2FFrame-2.jpg\" srcset=\"https:\/\/images.ohmyhosting.se\/xOjTAqd2OZ9dgR7ObI5WQGNAiVM=\/416x459\/smart\/filters:quality(85)\/https%3A%2F%2Fpiteabusiness.se%2Fwp-content%2Fuploads%2Fsites%2F3%2F2024%2F10%2FFrame-2.jpg 1x, https:\/\/images.ohmyhosting.se\/Miovq9JYioHjcssOiQEyu7JhLMg=\/832x918\/smart\/filters:quality(85)\/https%3A%2F%2Fpiteabusiness.se%2Fwp-content%2Fuploads%2Fsites%2F3%2F2024%2F10%2FFrame-2.jpg 2x\" alt=\"\" class=\"w-full object-cover h-full w-full rounded-tr-3xl rounded-tl-3xl transition-transform duration-200 group-hover:-translate-y-2\" \/><\/picture>                                                        <div class=\"absolute bottom-0 left-0 right-0\">\n                                <div class=\"bg-white mx-3 rounded-tr-3xl rounded-tl-3xl p-6\">\n                                    <h3 class=\"text-center font-black text-[18px] group-hover:underline\">Pite\u00e5 Business Awards<\/h3>\n                                <\/div>\n                            <\/div>\n                        <\/a>\n                                                                                                                                                                                    <a class=\"mb-6 lg:mb-0 lg:col-span-3 relative group\" href=\"https:\/\/piteabusiness.se\/pitea-business-talks\">\n                                                            <picture class=\"w-full\"><img decoding=\"async\" src=\"https:\/\/images.ohmyhosting.se\/C2cJF7lgI4D04hbFdo-6I5TObFM=\/416x459\/smart\/filters:quality(85)\/https%3A%2F%2Fpiteabusiness.se%2Fwp-content%2Fuploads%2Fsites%2F5%2F2026%2F01%2FGroup-15466.jpg\" srcset=\"https:\/\/images.ohmyhosting.se\/C2cJF7lgI4D04hbFdo-6I5TObFM=\/416x459\/smart\/filters:quality(85)\/https%3A%2F%2Fpiteabusiness.se%2Fwp-content%2Fuploads%2Fsites%2F5%2F2026%2F01%2FGroup-15466.jpg 1x, https:\/\/images.ohmyhosting.se\/oJjk-72gYh2GVQ3TsGbxAIkfmzM=\/832x918\/smart\/filters:quality(85)\/https%3A%2F%2Fpiteabusiness.se%2Fwp-content%2Fuploads%2Fsites%2F5%2F2026%2F01%2FGroup-15466.jpg 2x\" alt=\"\" class=\"w-full object-cover h-full w-full rounded-tr-3xl rounded-tl-3xl transition-transform duration-200 group-hover:-translate-y-2\" \/><\/picture>                                                        <div class=\"absolute bottom-0 left-0 right-0\">\n                                <div class=\"bg-white mx-3 rounded-tr-3xl rounded-tl-3xl p-6\">\n                                    <h3 class=\"text-center font-black text-[18px] group-hover:underline\">Pite\u00e5 Business Talks<\/h3>\n                                <\/div>\n                            <\/div>\n                        <\/a>\n                                                                            <\/div>\n    <\/div>\n\n<\/section>","protected":false},"excerpt":{"rendered":"","protected":false},"author":1,"featured_media":0,"parent":0,"menu_order":0,"comment_status":"closed","ping_status":"closed","template":"","meta":{"_acf_changed":false,"footnotes":""},"class_list":["post-5","page","type-page","status-publish","hentry"],"yoast_head":"<!-- This site is optimized with the Yoast SEO plugin v27.5 - https:\/\/yoast.com\/product\/yoast-seo-wordpress\/ -->\n<title>Startsidan - Pite\u00e5 Business Awards<\/title>\n<meta name=\"robots\" content=\"index, follow, max-snippet:-1, max-image-preview:large, max-video-preview:-1\" \/>\n<link rel=\"canonical\" href=\"https:\/\/piteabusiness.se\/pitea-business-awards\/\" \/>\n<meta property=\"og:locale\" content=\"sv_SE\" \/>\n<meta property=\"og:type\" content=\"article\" \/>\n<meta property=\"og:title\" content=\"Startsidan - Pite\u00e5 Business Awards\" \/>\n<meta property=\"og:url\" content=\"https:\/\/piteabusiness.se\/pitea-business-awards\/\" \/>\n<meta property=\"og:site_name\" content=\"Pite\u00e5 Business Awards\" \/>\n<meta property=\"article:publisher\" content=\"https:\/\/www.facebook.com\/PiteaBusiness\/\" \/>\n<meta property=\"article:modified_time\" content=\"2026-02-25T16:35:49+00:00\" \/>\n<meta name=\"twitter:card\" content=\"summary_large_image\" \/>\n<script type=\"application\/ld+json\" class=\"yoast-schema-graph\">{\"@context\":\"https:\\\/\\\/schema.org\",\"@graph\":[{\"@type\":\"WebPage\",\"@id\":\"https:\\\/\\\/piteabusiness.se\\\/pitea-business-awards\\\/\",\"url\":\"https:\\\/\\\/piteabusiness.se\\\/pitea-business-awards\\\/\",\"name\":\"Startsidan - Pite\u00e5 Business Awards\",\"isPartOf\":{\"@id\":\"https:\\\/\\\/piteabusiness.se\\\/pitea-business-awards\\\/#website\"},\"datePublished\":\"2024-08-29T07:49:52+00:00\",\"dateModified\":\"2026-02-25T16:35:49+00:00\",\"breadcrumb\":{\"@id\":\"https:\\\/\\\/piteabusiness.se\\\/pitea-business-awards\\\/#breadcrumb\"},\"inLanguage\":\"sv-SE\",\"potentialAction\":[{\"@type\":\"ReadAction\",\"target\":[\"https:\\\/\\\/piteabusiness.se\\\/pitea-business-awards\\\/\"]}]},{\"@type\":\"BreadcrumbList\",\"@id\":\"https:\\\/\\\/piteabusiness.se\\\/pitea-business-awards\\\/#breadcrumb\",\"itemListElement\":[{\"@type\":\"ListItem\",\"position\":1,\"name\":\"Home\",\"item\":\"https:\\\/\\\/piteabusiness.se\\\/pitea-business-awards\\\/\"},{\"@type\":\"ListItem\",\"position\":2,\"name\":\"Startsidan\"}]},{\"@type\":\"WebSite\",\"@id\":\"https:\\\/\\\/piteabusiness.se\\\/pitea-business-awards\\\/#website\",\"url\":\"https:\\\/\\\/piteabusiness.se\\\/pitea-business-awards\\\/\",\"name\":\"Pite\u00e5 Business Awards\",\"description\":\"\",\"publisher\":{\"@id\":\"https:\\\/\\\/piteabusiness.se\\\/pitea-business-awards\\\/#organization\"},\"potentialAction\":[{\"@type\":\"SearchAction\",\"target\":{\"@type\":\"EntryPoint\",\"urlTemplate\":\"https:\\\/\\\/piteabusiness.se\\\/pitea-business-awards\\\/?s={search_term_string}\"},\"query-input\":{\"@type\":\"PropertyValueSpecification\",\"valueRequired\":true,\"valueName\":\"search_term_string\"}}],\"inLanguage\":\"sv-SE\"},{\"@type\":\"Organization\",\"@id\":\"https:\\\/\\\/piteabusiness.se\\\/pitea-business-awards\\\/#organization\",\"name\":\"Pite\u00e5 Business Awards\",\"url\":\"https:\\\/\\\/piteabusiness.se\\\/pitea-business-awards\\\/\",\"logo\":{\"@type\":\"ImageObject\",\"inLanguage\":\"sv-SE\",\"@id\":\"https:\\\/\\\/piteabusiness.se\\\/pitea-business-awards\\\/#\\\/schema\\\/logo\\\/image\\\/\",\"url\":\"https:\\\/\\\/piteabusiness.se\\\/wp-content\\\/uploads\\\/sites\\\/3\\\/2024\\\/11\\\/og3.jpg\",\"contentUrl\":\"https:\\\/\\\/piteabusiness.se\\\/wp-content\\\/uploads\\\/sites\\\/3\\\/2024\\\/11\\\/og3.jpg\",\"width\":1200,\"height\":630,\"caption\":\"Pite\u00e5 Business Awards\"},\"image\":{\"@id\":\"https:\\\/\\\/piteabusiness.se\\\/pitea-business-awards\\\/#\\\/schema\\\/logo\\\/image\\\/\"},\"sameAs\":[\"https:\\\/\\\/www.facebook.com\\\/PiteaBusiness\\\/\"]}]}<\/script>\n<!-- \/ Yoast SEO plugin. -->","yoast_head_json":{"title":"Startsidan - Pite\u00e5 Business Awards","robots":{"index":"index","follow":"follow","max-snippet":"max-snippet:-1","max-image-preview":"max-image-preview:large","max-video-preview":"max-video-preview:-1"},"canonical":"https:\/\/piteabusiness.se\/pitea-business-awards\/","og_locale":"sv_SE","og_type":"article","og_title":"Startsidan - Pite\u00e5 Business Awards","og_url":"https:\/\/piteabusiness.se\/pitea-business-awards\/","og_site_name":"Pite\u00e5 Business Awards","article_publisher":"https:\/\/www.facebook.com\/PiteaBusiness\/","article_modified_time":"2026-02-25T16:35:49+00:00","twitter_card":"summary_large_image","schema":{"@context":"https:\/\/schema.org","@graph":[{"@type":"WebPage","@id":"https:\/\/piteabusiness.se\/pitea-business-awards\/","url":"https:\/\/piteabusiness.se\/pitea-business-awards\/","name":"Startsidan - Pite\u00e5 Business Awards","isPartOf":{"@id":"https:\/\/piteabusiness.se\/pitea-business-awards\/#website"},"datePublished":"2024-08-29T07:49:52+00:00","dateModified":"2026-02-25T16:35:49+00:00","breadcrumb":{"@id":"https:\/\/piteabusiness.se\/pitea-business-awards\/#breadcrumb"},"inLanguage":"sv-SE","potentialAction":[{"@type":"ReadAction","target":["https:\/\/piteabusiness.se\/pitea-business-awards\/"]}]},{"@type":"BreadcrumbList","@id":"https:\/\/piteabusiness.se\/pitea-business-awards\/#breadcrumb","itemListElement":[{"@type":"ListItem","position":1,"name":"Home","item":"https:\/\/piteabusiness.se\/pitea-business-awards\/"},{"@type":"ListItem","position":2,"name":"Startsidan"}]},{"@type":"WebSite","@id":"https:\/\/piteabusiness.se\/pitea-business-awards\/#website","url":"https:\/\/piteabusiness.se\/pitea-business-awards\/","name":"Pite\u00e5 Business Awards","description":"","publisher":{"@id":"https:\/\/piteabusiness.se\/pitea-business-awards\/#organization"},"potentialAction":[{"@type":"SearchAction","target":{"@type":"EntryPoint","urlTemplate":"https:\/\/piteabusiness.se\/pitea-business-awards\/?s={search_term_string}"},"query-input":{"@type":"PropertyValueSpecification","valueRequired":true,"valueName":"search_term_string"}}],"inLanguage":"sv-SE"},{"@type":"Organization","@id":"https:\/\/piteabusiness.se\/pitea-business-awards\/#organization","name":"Pite\u00e5 Business Awards","url":"https:\/\/piteabusiness.se\/pitea-business-awards\/","logo":{"@type":"ImageObject","inLanguage":"sv-SE","@id":"https:\/\/piteabusiness.se\/pitea-business-awards\/#\/schema\/logo\/image\/","url":"https:\/\/piteabusiness.se\/wp-content\/uploads\/sites\/3\/2024\/11\/og3.jpg","contentUrl":"https:\/\/piteabusiness.se\/wp-content\/uploads\/sites\/3\/2024\/11\/og3.jpg","width":1200,"height":630,"caption":"Pite\u00e5 Business Awards"},"image":{"@id":"https:\/\/piteabusiness.se\/pitea-business-awards\/#\/schema\/logo\/image\/"},"sameAs":["https:\/\/www.facebook.com\/PiteaBusiness\/"]}]}},"acf":[],"_links":{"self":[{"href":"https:\/\/piteabusiness.se\/pitea-business-awards\/wp-json\/wp\/v2\/pages\/5","targetHints":{"allow":["GET"]}}],"collection":[{"href":"https:\/\/piteabusiness.se\/pitea-business-awards\/wp-json\/wp\/v2\/pages"}],"about":[{"href":"https:\/\/piteabusiness.se\/pitea-business-awards\/wp-json\/wp\/v2\/types\/page"}],"author":[{"embeddable":true,"href":"https:\/\/piteabusiness.se\/pitea-business-awards\/wp-json\/wp\/v2\/users\/1"}],"replies":[{"embeddable":true,"href":"https:\/\/piteabusiness.se\/pitea-business-awards\/wp-json\/wp\/v2\/comments?post=5"}],"version-history":[{"count":53,"href":"https:\/\/piteabusiness.se\/pitea-business-awards\/wp-json\/wp\/v2\/pages\/5\/revisions"}],"predecessor-version":[{"id":748,"href":"https:\/\/piteabusiness.se\/pitea-business-awards\/wp-json\/wp\/v2\/pages\/5\/revisions\/748"}],"wp:attachment":[{"href":"https:\/\/piteabusiness.se\/pitea-business-awards\/wp-json\/wp\/v2\/media?parent=5"}],"curies":[{"name":"wp","href":"https:\/\/api.w.org\/{rel}","templated":true}]}}