{"id":264,"date":"2025-01-28T13:31:02","date_gmt":"2025-01-28T13:31:02","guid":{"rendered":"https:\/\/piteabusiness.se\/pitea-business-tour\/?page_id=264"},"modified":"2025-01-30T15:07:11","modified_gmt":"2025-01-30T15:07:11","slug":"pitea-summer-games-studio-acusticum","status":"publish","type":"page","link":"https:\/\/piteabusiness.se\/pitea-business-tour\/pitea-summer-games-studio-acusticum\/","title":{"rendered":"Pite\u00e5 Summer Games &amp; Studio Acusticum"},"content":{"rendered":"\n<section class=\"pt-8 md:pt-8 lg:pt-8 pb-8 md:pb-8 lg:pb-8\">\n    <div class=\"holder\">\n        <div class=\"wysiwyg\">\n            <h2 class=\"heading-md mb-2\">Evenemang \u2013 V\u00e4gen till \u00f6kad attraktivitet och tillv\u00e4xt<\/h2>\n<div class=\"flex flex-col mb-2 gap-2 lg:flex-row lg:gap-4\">\n<p><span class=\"font-extrabold\">Tid:<\/span> Onsdag 19 februari, 07.30-09.30<\/p>\n<p><span class=\"font-extrabold\">Plats:<\/span>\u00a0Studio Acusticum<\/p>\n<p><span class=\"font-extrabold\">V\u00e4rd:<\/span>\u00a0Pite\u00e5 Summer Games, Studio Acusticum<\/p>\n<\/div>\n<p><span data-olk-copy-source=\"MessageBody\">Vi bjuder in till en inspirerande frukost d\u00e4r vi tillsammans diskuterar evenemangens viktiga roll f\u00f6r b\u00e5de Pite\u00e5 och Norrbotten. Hur kan vi st\u00e4rka den lokala och regionala samverkan f\u00f6r att skapa en h\u00e5llbar och v\u00e4xande evenemangsbransch? <\/span>Till v\u00e5r hj\u00e4lp har vi en panel med deltagare som bidrar med djup kunskap och gedigen erfarenhet inom \u00e4mnet. <strong>Fredrika Johansson<\/strong>, Pite\u00e5 Science Park, leder samtalet.<\/p>\n<p>Under frukosten kommer vi att lyfta fr\u00e5gor om hur de norrbottniska kommunerna har valt att prioritera, stimulera och ta ansvar f\u00f6r evenemang, samt vilken roll n\u00e4ringslivet spelar i den h\u00e4r utvecklingen. Vad kan f\u00f6retagen vinna p\u00e5 att st\u00f6tta evenemang och vad kan vi alla f\u00f6rlora om vi inte g\u00f6r det? Vi kommer \u00e4ven att prata om hur vi bygger en l\u00e5ngsiktig och levande bes\u00f6ksn\u00e4ring och vad som kr\u00e4vs f\u00f6r att f\u00e5 unga och nya arrang\u00f6rer att ta steget och bli akt\u00f6rer i Pite\u00e5s evenemangsstad.<\/p>\n<p>Det h\u00e4r \u00e4r ett tillf\u00e4lle f\u00f6r dig att vara med i samtalet om evenemangens framtid och bidra till utvecklingen av Pite\u00e5 som en levande och attraktiv evenemangsdestination.<\/p>\n<p class=\"x_x_x_elementToProof\"><strong>Paneldeltagare:<\/strong><\/p>\n<div>\n<p class=\"x_elementToProof\" data-olk-copy-source=\"MessageBody\"><strong>AnnaCarin Johansson<\/strong>, producent Studio Acusticum<\/p>\n<p><strong>Anna Bogren Dalberg<\/strong>, VC Pite\u00e5 Summer Games<\/p>\n<p><strong>Kata Nilsson<\/strong>, V:e ordf\u00f6rande Kommunstyrelsen Pite\u00e5 Kommun<\/p>\n<p><strong>Cecilia Petz\u00e4ll<\/strong>, Sparbanken Nord \u2013 Samh\u00e4llsengagemang<\/p>\n<p><strong>Lisa Hellm\u00e9r<\/strong>, entrepren\u00f6r Pensionatet<\/p>\n<p><strong>Niclas Alm<\/strong>, entrepren\u00f6r Afterski Team AB och PDOL<\/p>\n<p><strong>Reine Sundqvist<\/strong>, Kommunikationschef Kalix Kommun samt del av Kalix Sommarkalas<\/p>\n<\/div>\n        <\/div>\n    <\/div>\n<\/section>\n\n\n\n<section class=\"pt-8 md:pt-8 lg:pt-8 pb-8 md:pb-8 lg:pb-8\">\n    <div class=\"holder\">\n        <div class=\"flex flex-col-reverse lg:grid lg:grid-cols-12 lg:gap-8 bg-darkblue rounded-3xl\">\n            <div class=\"text-white lg:col-span-7 p-4 lg:p-16 flex flex-col\">\n                <h2 class=\"heading-md mb-3 lg:mb-6\">Boka h\u00e4r!<\/h2>\n                <p class=\"body-l mb-3 lg:mb-6\">Boka din plats s\u00e5 snart som m\u00f6jligt. \u00c4r det fullbokat? Anm\u00e4l dig \u00e4nd\u00e5! Vid avbokningar eller extra platser f\u00e5r du ett mail via Simple Signup. \r\nGl\u00f6m inte att avboka vid f\u00f6rhinder, s\u00e5 fler f\u00e5r chansen att delta!  <br><br> <\/p>\n                                    <a class=\"btn mr-auto\" href=\"http:\/\/simplesignup.se\/event\/223409-evenemang-vaegen-till-oekad-attraktivitet-och-tillvaext\" target=\"_blank\">Boka plats<\/a>\n                            <\/div>\n            <div class=\"lg:col-span-5\">\n                <picture class=\"w-full\"><img decoding=\"async\" src=\"https:\/\/images.ohmyhosting.se\/4BD4dElMgvce89olFMIjtSby7mw=\/528x412\/smart\/filters:quality(85)\/https%3A%2F%2Fpiteabusiness.se%2Fwp-content%2Fuploads%2Fsites%2F2%2F2024%2F11%2FProgrammet-ar-slappt.png\" srcset=\"https:\/\/images.ohmyhosting.se\/4BD4dElMgvce89olFMIjtSby7mw=\/528x412\/smart\/filters:quality(85)\/https%3A%2F%2Fpiteabusiness.se%2Fwp-content%2Fuploads%2Fsites%2F2%2F2024%2F11%2FProgrammet-ar-slappt.png 1x, https:\/\/images.ohmyhosting.se\/wXJFMu0c43ZiGlZLfO5vi1ONPMM=\/1056x824\/smart\/filters:quality(85)\/https%3A%2F%2Fpiteabusiness.se%2Fwp-content%2Fuploads%2Fsites%2F2%2F2024%2F11%2FProgrammet-ar-slappt.png 2x\" alt=\"\" class=\"w-full object-cover h-full w-full rounded-tr-3xl rounded-tl-3xl lg:rounded-tl-0 lg:rounded-br-3xl\" \/><\/picture>            <\/div>\n        <\/div>\n    <\/div>\n<\/section>\n\n\n<section class=\"pt-8 md:pt-8 lg:pt-8 pb-8 md:pb-8 lg:pb-8\">\n    <div class=\"holder\">\n        <div class=\"relative py-24\">\n            <div class=\"absolute top-0 left-0 right-0 w-full h-full\">\n                <picture class=\"w-full\"><source media=\"(max-width:639px)\" srcset=\"https:\/\/images.ohmyhosting.se\/t3o62lxsVO2ajkl0TKFTPadee60=\/400x400\/smart\/filters:quality(85)\/https%3A%2F%2Fpiteabusiness.se%2Fwp-content%2Fuploads%2Fsites%2F2%2F2025%2F01%2Fbakgrund-CTA-2.png 1x, https:\/\/images.ohmyhosting.se\/3vY9iRMokyKlaWB9nUrCBgnl7FQ=\/800x800\/smart\/filters:quality(85)\/https%3A%2F%2Fpiteabusiness.se%2Fwp-content%2Fuploads%2Fsites%2F2%2F2025%2F01%2Fbakgrund-CTA-2.png 2x\"><source media=\"(max-width:1022px)\" srcset=\"https:\/\/images.ohmyhosting.se\/Azbt_o0F3O4O5uPcmvRsAVKTYEc=\/820x820\/smart\/filters:quality(85)\/https%3A%2F%2Fpiteabusiness.se%2Fwp-content%2Fuploads%2Fsites%2F2%2F2025%2F01%2Fbakgrund-CTA-2.png 1x, https:\/\/images.ohmyhosting.se\/_puul5SQ-BhNJ6q0WivtKPnLWAU=\/1640x1640\/smart\/filters:quality(85)\/https%3A%2F%2Fpiteabusiness.se%2Fwp-content%2Fuploads%2Fsites%2F2%2F2025%2F01%2Fbakgrund-CTA-2.png 2x\"><source media=\"(max-width:1920px)\" srcset=\"https:\/\/images.ohmyhosting.se\/gh0WVdZBCdWFGiEW3EchvmB_GRw=\/2560x746\/smart\/filters:quality(85)\/https%3A%2F%2Fpiteabusiness.se%2Fwp-content%2Fuploads%2Fsites%2F2%2F2025%2F01%2Fbakgrund-CTA-2.png 1x, https:\/\/images.ohmyhosting.se\/MEiUgVlzJkYfYErBli-sYFbqBeQ=\/5120x1492\/smart\/filters:quality(85)\/https%3A%2F%2Fpiteabusiness.se%2Fwp-content%2Fuploads%2Fsites%2F2%2F2025%2F01%2Fbakgrund-CTA-2.png 2x\"><img decoding=\"async\" src=\"https:\/\/images.ohmyhosting.se\/Ma-zRci5PesuOU10viJAxMJwGs0=\/1440x587\/smart\/filters:quality(85)\/https%3A%2F%2Fpiteabusiness.se%2Fwp-content%2Fuploads%2Fsites%2F2%2F2025%2F01%2Fbakgrund-CTA-2.png\" srcset=\"https:\/\/images.ohmyhosting.se\/Ma-zRci5PesuOU10viJAxMJwGs0=\/1440x587\/smart\/filters:quality(85)\/https%3A%2F%2Fpiteabusiness.se%2Fwp-content%2Fuploads%2Fsites%2F2%2F2025%2F01%2Fbakgrund-CTA-2.png 1x, https:\/\/images.ohmyhosting.se\/Ae7swtrx8Hx57psC4Hafg5wkDLw=\/2880x1174\/smart\/filters:quality(85)\/https%3A%2F%2Fpiteabusiness.se%2Fwp-content%2Fuploads%2Fsites%2F2%2F2025%2F01%2Fbakgrund-CTA-2.png 2x\" alt=\"\" class=\"w-full object-cover h-full w-full rounded-2xl\" \/><\/picture>            <\/div>\n            <div class=\"lg:max-w-[545px] mx-auto text-center relative z-10 p-4 lg:p-0\">\n                <h2 class=\"heading-md text-white mb-3 lg:mb-6\">Missa inte v\u00e5ra andra stopp<\/h2>\n                <p class=\"body-l text-white mb-6\">Det h\u00e4r \u00e4r bara ett av alla intressanta stopp under \u00e5rets Pite\u00e5 Business Tour. H\u00e4r hittar du hela programmet!  <br><br> <\/p>\n                                    <div>\n                        <a class=\"btn white inline-block\" href=\"https:\/\/piteabusiness.se\/pitea-business-tour\/touren-2025\/\" target=\"\">Tourprogram 2025<\/a>\n                    <\/div>\n                            <\/div>\n        <\/div>\n    <\/div>\n<\/section>","protected":false},"excerpt":{"rendered":"","protected":false},"author":2,"featured_media":0,"parent":0,"menu_order":0,"comment_status":"closed","ping_status":"closed","template":"","meta":{"_acf_changed":false,"footnotes":""},"class_list":["post-264","page","type-page","status-publish","hentry"],"yoast_head":"<!-- This site is optimized with the Yoast SEO plugin v27.4 - https:\/\/yoast.com\/product\/yoast-seo-wordpress\/ -->\n<title>Pite\u00e5 Summer Games &amp; Studio Acusticum - Pite\u00e5 Business Tour<\/title>\n<meta name=\"robots\" content=\"index, follow, max-snippet:-1, max-image-preview:large, max-video-preview:-1\" \/>\n<link rel=\"canonical\" href=\"https:\/\/piteabusiness.se\/pitea-business-tour\/pitea-summer-games-studio-acusticum\/\" \/>\n<meta property=\"og:locale\" content=\"sv_SE\" \/>\n<meta property=\"og:type\" content=\"article\" \/>\n<meta property=\"og:title\" content=\"Pite\u00e5 Summer Games &amp; Studio Acusticum - Pite\u00e5 Business Tour\" \/>\n<meta property=\"og:url\" content=\"https:\/\/piteabusiness.se\/pitea-business-tour\/pitea-summer-games-studio-acusticum\/\" \/>\n<meta property=\"og:site_name\" content=\"Pite\u00e5 Business Tour\" \/>\n<meta property=\"article:publisher\" content=\"https:\/\/www.facebook.com\/PiteaBusiness\/\" \/>\n<meta property=\"article:modified_time\" content=\"2025-01-30T15:07:11+00:00\" \/>\n<meta name=\"twitter:card\" content=\"summary_large_image\" \/>\n<script type=\"application\/ld+json\" class=\"yoast-schema-graph\">{\"@context\":\"https:\\\/\\\/schema.org\",\"@graph\":[{\"@type\":\"WebPage\",\"@id\":\"https:\\\/\\\/piteabusiness.se\\\/pitea-business-tour\\\/pitea-summer-games-studio-acusticum\\\/\",\"url\":\"https:\\\/\\\/piteabusiness.se\\\/pitea-business-tour\\\/pitea-summer-games-studio-acusticum\\\/\",\"name\":\"Pite\u00e5 Summer Games &amp; Studio Acusticum - Pite\u00e5 Business Tour\",\"isPartOf\":{\"@id\":\"https:\\\/\\\/piteabusiness.se\\\/pitea-business-tour\\\/#website\"},\"datePublished\":\"2025-01-28T13:31:02+00:00\",\"dateModified\":\"2025-01-30T15:07:11+00:00\",\"breadcrumb\":{\"@id\":\"https:\\\/\\\/piteabusiness.se\\\/pitea-business-tour\\\/pitea-summer-games-studio-acusticum\\\/#breadcrumb\"},\"inLanguage\":\"sv-SE\",\"potentialAction\":[{\"@type\":\"ReadAction\",\"target\":[\"https:\\\/\\\/piteabusiness.se\\\/pitea-business-tour\\\/pitea-summer-games-studio-acusticum\\\/\"]}]},{\"@type\":\"BreadcrumbList\",\"@id\":\"https:\\\/\\\/piteabusiness.se\\\/pitea-business-tour\\\/pitea-summer-games-studio-acusticum\\\/#breadcrumb\",\"itemListElement\":[{\"@type\":\"ListItem\",\"position\":1,\"name\":\"Home\",\"item\":\"https:\\\/\\\/piteabusiness.se\\\/pitea-business-tour\\\/\"},{\"@type\":\"ListItem\",\"position\":2,\"name\":\"Pite\u00e5 Summer Games &amp; Studio Acusticum\"}]},{\"@type\":\"WebSite\",\"@id\":\"https:\\\/\\\/piteabusiness.se\\\/pitea-business-tour\\\/#website\",\"url\":\"https:\\\/\\\/piteabusiness.se\\\/pitea-business-tour\\\/\",\"name\":\"Pite\u00e5 Business Tour\",\"description\":\"\",\"publisher\":{\"@id\":\"https:\\\/\\\/piteabusiness.se\\\/pitea-business-tour\\\/#organization\"},\"potentialAction\":[{\"@type\":\"SearchAction\",\"target\":{\"@type\":\"EntryPoint\",\"urlTemplate\":\"https:\\\/\\\/piteabusiness.se\\\/pitea-business-tour\\\/?s={search_term_string}\"},\"query-input\":{\"@type\":\"PropertyValueSpecification\",\"valueRequired\":true,\"valueName\":\"search_term_string\"}}],\"inLanguage\":\"sv-SE\"},{\"@type\":\"Organization\",\"@id\":\"https:\\\/\\\/piteabusiness.se\\\/pitea-business-tour\\\/#organization\",\"name\":\"Pite\u00e5 Business Tour\",\"url\":\"https:\\\/\\\/piteabusiness.se\\\/pitea-business-tour\\\/\",\"logo\":{\"@type\":\"ImageObject\",\"inLanguage\":\"sv-SE\",\"@id\":\"https:\\\/\\\/piteabusiness.se\\\/pitea-business-tour\\\/#\\\/schema\\\/logo\\\/image\\\/\",\"url\":\"https:\\\/\\\/piteabusiness.se\\\/wp-content\\\/uploads\\\/sites\\\/2\\\/2024\\\/11\\\/og2.jpg\",\"contentUrl\":\"https:\\\/\\\/piteabusiness.se\\\/wp-content\\\/uploads\\\/sites\\\/2\\\/2024\\\/11\\\/og2.jpg\",\"width\":1200,\"height\":630,\"caption\":\"Pite\u00e5 Business Tour\"},\"image\":{\"@id\":\"https:\\\/\\\/piteabusiness.se\\\/pitea-business-tour\\\/#\\\/schema\\\/logo\\\/image\\\/\"},\"sameAs\":[\"https:\\\/\\\/www.facebook.com\\\/PiteaBusiness\\\/\"]}]}<\/script>\n<!-- \/ Yoast SEO plugin. -->","yoast_head_json":{"title":"Pite\u00e5 Summer Games &amp; Studio Acusticum - Pite\u00e5 Business Tour","robots":{"index":"index","follow":"follow","max-snippet":"max-snippet:-1","max-image-preview":"max-image-preview:large","max-video-preview":"max-video-preview:-1"},"canonical":"https:\/\/piteabusiness.se\/pitea-business-tour\/pitea-summer-games-studio-acusticum\/","og_locale":"sv_SE","og_type":"article","og_title":"Pite\u00e5 Summer Games &amp; Studio Acusticum - Pite\u00e5 Business Tour","og_url":"https:\/\/piteabusiness.se\/pitea-business-tour\/pitea-summer-games-studio-acusticum\/","og_site_name":"Pite\u00e5 Business Tour","article_publisher":"https:\/\/www.facebook.com\/PiteaBusiness\/","article_modified_time":"2025-01-30T15:07:11+00:00","twitter_card":"summary_large_image","schema":{"@context":"https:\/\/schema.org","@graph":[{"@type":"WebPage","@id":"https:\/\/piteabusiness.se\/pitea-business-tour\/pitea-summer-games-studio-acusticum\/","url":"https:\/\/piteabusiness.se\/pitea-business-tour\/pitea-summer-games-studio-acusticum\/","name":"Pite\u00e5 Summer Games &amp; Studio Acusticum - Pite\u00e5 Business Tour","isPartOf":{"@id":"https:\/\/piteabusiness.se\/pitea-business-tour\/#website"},"datePublished":"2025-01-28T13:31:02+00:00","dateModified":"2025-01-30T15:07:11+00:00","breadcrumb":{"@id":"https:\/\/piteabusiness.se\/pitea-business-tour\/pitea-summer-games-studio-acusticum\/#breadcrumb"},"inLanguage":"sv-SE","potentialAction":[{"@type":"ReadAction","target":["https:\/\/piteabusiness.se\/pitea-business-tour\/pitea-summer-games-studio-acusticum\/"]}]},{"@type":"BreadcrumbList","@id":"https:\/\/piteabusiness.se\/pitea-business-tour\/pitea-summer-games-studio-acusticum\/#breadcrumb","itemListElement":[{"@type":"ListItem","position":1,"name":"Home","item":"https:\/\/piteabusiness.se\/pitea-business-tour\/"},{"@type":"ListItem","position":2,"name":"Pite\u00e5 Summer Games &amp; Studio Acusticum"}]},{"@type":"WebSite","@id":"https:\/\/piteabusiness.se\/pitea-business-tour\/#website","url":"https:\/\/piteabusiness.se\/pitea-business-tour\/","name":"Pite\u00e5 Business Tour","description":"","publisher":{"@id":"https:\/\/piteabusiness.se\/pitea-business-tour\/#organization"},"potentialAction":[{"@type":"SearchAction","target":{"@type":"EntryPoint","urlTemplate":"https:\/\/piteabusiness.se\/pitea-business-tour\/?s={search_term_string}"},"query-input":{"@type":"PropertyValueSpecification","valueRequired":true,"valueName":"search_term_string"}}],"inLanguage":"sv-SE"},{"@type":"Organization","@id":"https:\/\/piteabusiness.se\/pitea-business-tour\/#organization","name":"Pite\u00e5 Business Tour","url":"https:\/\/piteabusiness.se\/pitea-business-tour\/","logo":{"@type":"ImageObject","inLanguage":"sv-SE","@id":"https:\/\/piteabusiness.se\/pitea-business-tour\/#\/schema\/logo\/image\/","url":"https:\/\/piteabusiness.se\/wp-content\/uploads\/sites\/2\/2024\/11\/og2.jpg","contentUrl":"https:\/\/piteabusiness.se\/wp-content\/uploads\/sites\/2\/2024\/11\/og2.jpg","width":1200,"height":630,"caption":"Pite\u00e5 Business Tour"},"image":{"@id":"https:\/\/piteabusiness.se\/pitea-business-tour\/#\/schema\/logo\/image\/"},"sameAs":["https:\/\/www.facebook.com\/PiteaBusiness\/"]}]}},"acf":[],"_links":{"self":[{"href":"https:\/\/piteabusiness.se\/pitea-business-tour\/wp-json\/wp\/v2\/pages\/264","targetHints":{"allow":["GET"]}}],"collection":[{"href":"https:\/\/piteabusiness.se\/pitea-business-tour\/wp-json\/wp\/v2\/pages"}],"about":[{"href":"https:\/\/piteabusiness.se\/pitea-business-tour\/wp-json\/wp\/v2\/types\/page"}],"author":[{"embeddable":true,"href":"https:\/\/piteabusiness.se\/pitea-business-tour\/wp-json\/wp\/v2\/users\/2"}],"replies":[{"embeddable":true,"href":"https:\/\/piteabusiness.se\/pitea-business-tour\/wp-json\/wp\/v2\/comments?post=264"}],"version-history":[{"count":5,"href":"https:\/\/piteabusiness.se\/pitea-business-tour\/wp-json\/wp\/v2\/pages\/264\/revisions"}],"predecessor-version":[{"id":290,"href":"https:\/\/piteabusiness.se\/pitea-business-tour\/wp-json\/wp\/v2\/pages\/264\/revisions\/290"}],"wp:attachment":[{"href":"https:\/\/piteabusiness.se\/pitea-business-tour\/wp-json\/wp\/v2\/media?parent=264"}],"curies":[{"name":"wp","href":"https:\/\/api.w.org\/{rel}","templated":true}]}}