{"id":339,"date":"2026-01-12T16:29:02","date_gmt":"2026-01-12T16:29:02","guid":{"rendered":"https:\/\/piteabusiness.se\/pitea-business-tour\/?page_id=339"},"modified":"2026-01-12T16:29:02","modified_gmt":"2026-01-12T16:29:02","slug":"digital-framtid-for-piteas-foretag-fran-insikt-till-handling","status":"publish","type":"page","link":"https:\/\/piteabusiness.se\/pitea-business-tour\/digital-framtid-for-piteas-foretag-fran-insikt-till-handling\/","title":{"rendered":"Digital framtid f\u00f6r Pite\u00e5s f\u00f6retag \u2013 fr\u00e5n insikt till handling"},"content":{"rendered":"\n<section class=\"pt-8 md:pt-8 lg:pt-8 pb-8 md:pb-8 lg:pb-8\">\n    <div class=\"holder\">\n        <div class=\"wysiwyg\">\n                    <\/div>\n    <\/div>\n<\/section>\n\n\n<section class=\"pt-8 md:pt-8 lg:pt-8 pb-8 md:pb-8 lg:pb-8\">\n    <div class=\"holder\">\n        <div class=\"wysiwyg\">\n                    <\/div>\n    <\/div>\n<\/section>\n\n\n<section class=\"pt-8 md:pt-8 lg:pt-8 pb-8 md:pb-8 lg:pb-8\">\n    <div class=\"holder\">\n        <div class=\"wysiwyg\">\n            <h2 class=\"heading-md mb-2\">Digital framtid f\u00f6r Pite\u00e5s f\u00f6retag \u2013 fr\u00e5n insikt till handling<\/h2>\n<div class=\"flex flex-col mb-2 gap-2 lg:flex-row lg:gap-4\">\n<p><span class=\"font-extrabold\">Tid:<\/span> M\u00e5ndag 16 februari, kl 07.00-09.00<\/p>\n<p><span class=\"font-extrabold\">Plats:<\/span> In the Cold, Aronsgatan 12<\/p>\n<p><span class=\"font-extrabold\">V\u00e4rd:<\/span> In the Cold<\/p>\n<\/div>\n<p>Hur redo \u00e4r ditt f\u00f6retag f\u00f6r framtidens digitala krav? \u00d6ver en frukost granskar vi nul\u00e4get f\u00f6r deltagande f\u00f6retag och visar p\u00e5 konkreta m\u00f6jligheter inom AI, tillg\u00e4nglighet, och s\u00e4kerhet. En interaktiv session d\u00e4r analys m\u00f6ter inspiration \u2013 f\u00f6r ett starkare digitalt Pite\u00e5.<\/p>\n<p>P\u00e5 plats m\u00f6ter du Jan Wimander (strateg och en av In The Colds grundare) som tillsammans med Kalle Gustavson (utvecklare och tillg\u00e4nglighetsexpert) med flera lotsar dig fram genom digitala sn\u00e5r f\u00f6r att hitta l\u00f6sningar som ger verklig effekt f\u00f6r dig.<\/p>\n<p>In The Cold \u00e4r en effektdriven digitalbyr\u00e5 som hj\u00e4lper f\u00f6retag och organisationer att kommunicera och utveckla sina kanaler och aff\u00e4rer. Vi g\u00f6r strategier, design,<br \/>\nwebbplatser, applikationer och digitala kampanjer. Vi har \u00f6ver 15 \u00e5rs erfarenhet i branschen och har utvecklat, f\u00f6rvaltat och vidareutvecklat l\u00f6sningar till v\u00e4letablerade kunder med h\u00f6ga krav.<\/p>\n<p>Morgonen inleds med frukost och mingel fr\u00e5n 07.00. Programmet startar 07.40.<\/p>\n        <\/div>\n    <\/div>\n<\/section>\n\n\n\n<section class=\"pt-8 md:pt-8 lg:pt-8 pb-8 md:pb-8 lg:pb-8\">\n    <div class=\"holder\">\n        <div class=\"flex flex-col-reverse lg:grid lg:grid-cols-12 lg:gap-8 bg-darkblue rounded-3xl\">\n            <div class=\"text-white lg:col-span-7 p-4 lg:p-16 flex flex-col\">\n                <h2 class=\"heading-md mb-3 lg:mb-6\">Boka h\u00e4r!<\/h2>\n                <p class=\"body-l mb-3 lg:mb-6\">Boka din plats s\u00e5 snart som m\u00f6jligt. \u00c4r det fullbokat? Anm\u00e4l dig \u00e4nd\u00e5! Vid avbokningar eller extra platser f\u00e5r du ett mail via Simple Signup. \r\nGl\u00f6m inte att avboka vid f\u00f6rhinder, s\u00e5 fler f\u00e5r chansen att delta! (vid avbokning maila jenni.kempelindberg@pitea.se)  <br><br> <\/p>\n                                    <a class=\"btn mr-auto\" href=\"https:\/\/simplesignup.se\/event\/232896-digital-framtid-foer-piteaas-foeretag-fraan-insikt-till-handling\" target=\"_blank\">Boka plats<\/a>\n                            <\/div>\n            <div class=\"lg:col-span-5\">\n                <picture class=\"w-full\"><img decoding=\"async\" src=\"https:\/\/images.ohmyhosting.se\/4BD4dElMgvce89olFMIjtSby7mw=\/528x412\/smart\/filters:quality(85)\/https%3A%2F%2Fpiteabusiness.se%2Fwp-content%2Fuploads%2Fsites%2F2%2F2024%2F11%2FProgrammet-ar-slappt.png\" srcset=\"https:\/\/images.ohmyhosting.se\/4BD4dElMgvce89olFMIjtSby7mw=\/528x412\/smart\/filters:quality(85)\/https%3A%2F%2Fpiteabusiness.se%2Fwp-content%2Fuploads%2Fsites%2F2%2F2024%2F11%2FProgrammet-ar-slappt.png 1x, https:\/\/images.ohmyhosting.se\/wXJFMu0c43ZiGlZLfO5vi1ONPMM=\/1056x824\/smart\/filters:quality(85)\/https%3A%2F%2Fpiteabusiness.se%2Fwp-content%2Fuploads%2Fsites%2F2%2F2024%2F11%2FProgrammet-ar-slappt.png 2x\" alt=\"\" class=\"w-full object-cover h-full w-full rounded-tr-3xl rounded-tl-3xl lg:rounded-tl-0 lg:rounded-br-3xl\" \/><\/picture>            <\/div>\n        <\/div>\n    <\/div>\n<\/section>","protected":false},"excerpt":{"rendered":"","protected":false},"author":2,"featured_media":0,"parent":0,"menu_order":0,"comment_status":"closed","ping_status":"closed","template":"","meta":{"_acf_changed":false,"footnotes":""},"class_list":["post-339","page","type-page","status-publish","hentry"],"yoast_head":"<!-- This site is optimized with the Yoast SEO plugin v27.4 - https:\/\/yoast.com\/product\/yoast-seo-wordpress\/ -->\n<title>Digital framtid f\u00f6r Pite\u00e5s f\u00f6retag \u2013 fr\u00e5n insikt till handling - Pite\u00e5 Business Tour<\/title>\n<meta name=\"robots\" content=\"index, follow, max-snippet:-1, max-image-preview:large, max-video-preview:-1\" \/>\n<link rel=\"canonical\" href=\"https:\/\/piteabusiness.se\/pitea-business-tour\/digital-framtid-for-piteas-foretag-fran-insikt-till-handling\/\" \/>\n<meta property=\"og:locale\" content=\"sv_SE\" \/>\n<meta property=\"og:type\" content=\"article\" \/>\n<meta property=\"og:title\" content=\"Digital framtid f\u00f6r Pite\u00e5s f\u00f6retag \u2013 fr\u00e5n insikt till handling - Pite\u00e5 Business Tour\" \/>\n<meta property=\"og:url\" content=\"https:\/\/piteabusiness.se\/pitea-business-tour\/digital-framtid-for-piteas-foretag-fran-insikt-till-handling\/\" \/>\n<meta property=\"og:site_name\" content=\"Pite\u00e5 Business Tour\" \/>\n<meta property=\"article:publisher\" content=\"https:\/\/www.facebook.com\/PiteaBusiness\/\" \/>\n<meta name=\"twitter:card\" content=\"summary_large_image\" \/>\n<script type=\"application\/ld+json\" class=\"yoast-schema-graph\">{\"@context\":\"https:\\\/\\\/schema.org\",\"@graph\":[{\"@type\":\"WebPage\",\"@id\":\"https:\\\/\\\/piteabusiness.se\\\/pitea-business-tour\\\/digital-framtid-for-piteas-foretag-fran-insikt-till-handling\\\/\",\"url\":\"https:\\\/\\\/piteabusiness.se\\\/pitea-business-tour\\\/digital-framtid-for-piteas-foretag-fran-insikt-till-handling\\\/\",\"name\":\"Digital framtid f\u00f6r Pite\u00e5s f\u00f6retag \u2013 fr\u00e5n insikt till handling - Pite\u00e5 Business Tour\",\"isPartOf\":{\"@id\":\"https:\\\/\\\/piteabusiness.se\\\/pitea-business-tour\\\/#website\"},\"datePublished\":\"2026-01-12T16:29:02+00:00\",\"breadcrumb\":{\"@id\":\"https:\\\/\\\/piteabusiness.se\\\/pitea-business-tour\\\/digital-framtid-for-piteas-foretag-fran-insikt-till-handling\\\/#breadcrumb\"},\"inLanguage\":\"sv-SE\",\"potentialAction\":[{\"@type\":\"ReadAction\",\"target\":[\"https:\\\/\\\/piteabusiness.se\\\/pitea-business-tour\\\/digital-framtid-for-piteas-foretag-fran-insikt-till-handling\\\/\"]}]},{\"@type\":\"BreadcrumbList\",\"@id\":\"https:\\\/\\\/piteabusiness.se\\\/pitea-business-tour\\\/digital-framtid-for-piteas-foretag-fran-insikt-till-handling\\\/#breadcrumb\",\"itemListElement\":[{\"@type\":\"ListItem\",\"position\":1,\"name\":\"Home\",\"item\":\"https:\\\/\\\/piteabusiness.se\\\/pitea-business-tour\\\/\"},{\"@type\":\"ListItem\",\"position\":2,\"name\":\"Digital framtid f\u00f6r Pite\u00e5s f\u00f6retag \u2013 fr\u00e5n insikt till handling\"}]},{\"@type\":\"WebSite\",\"@id\":\"https:\\\/\\\/piteabusiness.se\\\/pitea-business-tour\\\/#website\",\"url\":\"https:\\\/\\\/piteabusiness.se\\\/pitea-business-tour\\\/\",\"name\":\"Pite\u00e5 Business Tour\",\"description\":\"\",\"publisher\":{\"@id\":\"https:\\\/\\\/piteabusiness.se\\\/pitea-business-tour\\\/#organization\"},\"potentialAction\":[{\"@type\":\"SearchAction\",\"target\":{\"@type\":\"EntryPoint\",\"urlTemplate\":\"https:\\\/\\\/piteabusiness.se\\\/pitea-business-tour\\\/?s={search_term_string}\"},\"query-input\":{\"@type\":\"PropertyValueSpecification\",\"valueRequired\":true,\"valueName\":\"search_term_string\"}}],\"inLanguage\":\"sv-SE\"},{\"@type\":\"Organization\",\"@id\":\"https:\\\/\\\/piteabusiness.se\\\/pitea-business-tour\\\/#organization\",\"name\":\"Pite\u00e5 Business Tour\",\"url\":\"https:\\\/\\\/piteabusiness.se\\\/pitea-business-tour\\\/\",\"logo\":{\"@type\":\"ImageObject\",\"inLanguage\":\"sv-SE\",\"@id\":\"https:\\\/\\\/piteabusiness.se\\\/pitea-business-tour\\\/#\\\/schema\\\/logo\\\/image\\\/\",\"url\":\"https:\\\/\\\/piteabusiness.se\\\/wp-content\\\/uploads\\\/sites\\\/2\\\/2024\\\/11\\\/og2.jpg\",\"contentUrl\":\"https:\\\/\\\/piteabusiness.se\\\/wp-content\\\/uploads\\\/sites\\\/2\\\/2024\\\/11\\\/og2.jpg\",\"width\":1200,\"height\":630,\"caption\":\"Pite\u00e5 Business Tour\"},\"image\":{\"@id\":\"https:\\\/\\\/piteabusiness.se\\\/pitea-business-tour\\\/#\\\/schema\\\/logo\\\/image\\\/\"},\"sameAs\":[\"https:\\\/\\\/www.facebook.com\\\/PiteaBusiness\\\/\"]}]}<\/script>\n<!-- \/ Yoast SEO plugin. -->","yoast_head_json":{"title":"Digital framtid f\u00f6r Pite\u00e5s f\u00f6retag \u2013 fr\u00e5n insikt till handling - Pite\u00e5 Business Tour","robots":{"index":"index","follow":"follow","max-snippet":"max-snippet:-1","max-image-preview":"max-image-preview:large","max-video-preview":"max-video-preview:-1"},"canonical":"https:\/\/piteabusiness.se\/pitea-business-tour\/digital-framtid-for-piteas-foretag-fran-insikt-till-handling\/","og_locale":"sv_SE","og_type":"article","og_title":"Digital framtid f\u00f6r Pite\u00e5s f\u00f6retag \u2013 fr\u00e5n insikt till handling - Pite\u00e5 Business Tour","og_url":"https:\/\/piteabusiness.se\/pitea-business-tour\/digital-framtid-for-piteas-foretag-fran-insikt-till-handling\/","og_site_name":"Pite\u00e5 Business Tour","article_publisher":"https:\/\/www.facebook.com\/PiteaBusiness\/","twitter_card":"summary_large_image","schema":{"@context":"https:\/\/schema.org","@graph":[{"@type":"WebPage","@id":"https:\/\/piteabusiness.se\/pitea-business-tour\/digital-framtid-for-piteas-foretag-fran-insikt-till-handling\/","url":"https:\/\/piteabusiness.se\/pitea-business-tour\/digital-framtid-for-piteas-foretag-fran-insikt-till-handling\/","name":"Digital framtid f\u00f6r Pite\u00e5s f\u00f6retag \u2013 fr\u00e5n insikt till handling - Pite\u00e5 Business Tour","isPartOf":{"@id":"https:\/\/piteabusiness.se\/pitea-business-tour\/#website"},"datePublished":"2026-01-12T16:29:02+00:00","breadcrumb":{"@id":"https:\/\/piteabusiness.se\/pitea-business-tour\/digital-framtid-for-piteas-foretag-fran-insikt-till-handling\/#breadcrumb"},"inLanguage":"sv-SE","potentialAction":[{"@type":"ReadAction","target":["https:\/\/piteabusiness.se\/pitea-business-tour\/digital-framtid-for-piteas-foretag-fran-insikt-till-handling\/"]}]},{"@type":"BreadcrumbList","@id":"https:\/\/piteabusiness.se\/pitea-business-tour\/digital-framtid-for-piteas-foretag-fran-insikt-till-handling\/#breadcrumb","itemListElement":[{"@type":"ListItem","position":1,"name":"Home","item":"https:\/\/piteabusiness.se\/pitea-business-tour\/"},{"@type":"ListItem","position":2,"name":"Digital framtid f\u00f6r Pite\u00e5s f\u00f6retag \u2013 fr\u00e5n insikt till handling"}]},{"@type":"WebSite","@id":"https:\/\/piteabusiness.se\/pitea-business-tour\/#website","url":"https:\/\/piteabusiness.se\/pitea-business-tour\/","name":"Pite\u00e5 Business Tour","description":"","publisher":{"@id":"https:\/\/piteabusiness.se\/pitea-business-tour\/#organization"},"potentialAction":[{"@type":"SearchAction","target":{"@type":"EntryPoint","urlTemplate":"https:\/\/piteabusiness.se\/pitea-business-tour\/?s={search_term_string}"},"query-input":{"@type":"PropertyValueSpecification","valueRequired":true,"valueName":"search_term_string"}}],"inLanguage":"sv-SE"},{"@type":"Organization","@id":"https:\/\/piteabusiness.se\/pitea-business-tour\/#organization","name":"Pite\u00e5 Business Tour","url":"https:\/\/piteabusiness.se\/pitea-business-tour\/","logo":{"@type":"ImageObject","inLanguage":"sv-SE","@id":"https:\/\/piteabusiness.se\/pitea-business-tour\/#\/schema\/logo\/image\/","url":"https:\/\/piteabusiness.se\/wp-content\/uploads\/sites\/2\/2024\/11\/og2.jpg","contentUrl":"https:\/\/piteabusiness.se\/wp-content\/uploads\/sites\/2\/2024\/11\/og2.jpg","width":1200,"height":630,"caption":"Pite\u00e5 Business Tour"},"image":{"@id":"https:\/\/piteabusiness.se\/pitea-business-tour\/#\/schema\/logo\/image\/"},"sameAs":["https:\/\/www.facebook.com\/PiteaBusiness\/"]}]}},"acf":[],"_links":{"self":[{"href":"https:\/\/piteabusiness.se\/pitea-business-tour\/wp-json\/wp\/v2\/pages\/339","targetHints":{"allow":["GET"]}}],"collection":[{"href":"https:\/\/piteabusiness.se\/pitea-business-tour\/wp-json\/wp\/v2\/pages"}],"about":[{"href":"https:\/\/piteabusiness.se\/pitea-business-tour\/wp-json\/wp\/v2\/types\/page"}],"author":[{"embeddable":true,"href":"https:\/\/piteabusiness.se\/pitea-business-tour\/wp-json\/wp\/v2\/users\/2"}],"replies":[{"embeddable":true,"href":"https:\/\/piteabusiness.se\/pitea-business-tour\/wp-json\/wp\/v2\/comments?post=339"}],"version-history":[{"count":8,"href":"https:\/\/piteabusiness.se\/pitea-business-tour\/wp-json\/wp\/v2\/pages\/339\/revisions"}],"predecessor-version":[{"id":366,"href":"https:\/\/piteabusiness.se\/pitea-business-tour\/wp-json\/wp\/v2\/pages\/339\/revisions\/366"}],"wp:attachment":[{"href":"https:\/\/piteabusiness.se\/pitea-business-tour\/wp-json\/wp\/v2\/media?parent=339"}],"curies":[{"name":"wp","href":"https:\/\/api.w.org\/{rel}","templated":true}]}}