{"id":362,"date":"2026-01-12T16:29:11","date_gmt":"2026-01-12T16:29:11","guid":{"rendered":"https:\/\/piteabusiness.se\/pitea-business-tour\/?page_id=362"},"modified":"2026-01-12T16:29:11","modified_gmt":"2026-01-12T16:29:11","slug":"lokalt-naringsliv-i-ett-nationellt-och-internationellt-sakerhetsperspektiv","status":"publish","type":"page","link":"https:\/\/piteabusiness.se\/pitea-business-tour\/lokalt-naringsliv-i-ett-nationellt-och-internationellt-sakerhetsperspektiv\/","title":{"rendered":"Lokalt n\u00e4ringsliv i ett nationellt och internationellt s\u00e4kerhetsperspektiv"},"content":{"rendered":"\n<section class=\"pt-8 md:pt-8 lg:pt-8 pb-8 md:pb-8 lg:pb-8\">\n    <div class=\"holder\">\n        <div class=\"wysiwyg\">\n            <h2 class=\"heading-md mb-2\">Lokalt n\u00e4ringsliv i ett nationellt och internationellt s\u00e4kerhetsperspektiv<\/h2>\n<div class=\"flex flex-col mb-2 gap-2 lg:flex-row lg:gap-4\">\n<p><span class=\"font-extrabold\">Tid:<\/span> Tisdag 17 februari, kl 07.15-09.00<\/p>\n<p><span class=\"font-extrabold\">Plats:<\/span>\u00a0W5 Box Modul, Kabelgatan 9<\/p>\n<p><span class=\"font-extrabold\">V\u00e4rd:<\/span>\u00a0W5 Box Modul<\/p>\n<\/div>\n<p>Vi befinner oss i en mycket orolig tid. Framf\u00f6r allt har Ukrainakriget inneburit ett stort fokus p\u00e5 upprustning av europeisk f\u00f6rsvarsindustri, men det har \u00e4ven satt samh\u00e4llets s\u00e5rbarhet p\u00e5 agendan.<\/p>\n<p>Hur kan ett mindre industrif\u00f6retag i Pite\u00e5 vara en del av utvecklingen av nationella och internationella s\u00e4kerhets- och f\u00f6rsvarssystem? Under detta frukoststopp belyser vi hur lokala f\u00f6retag och n\u00e4tverk kan bidra i en tid pr\u00e4glad av \u00f6kad os\u00e4kerhet, d\u00e4r relationer, kvalitet och aff\u00e4rsm\u00e4ssig tillf\u00f6rlitlighet \u00e4r centrala faktorer.<\/p>\n<p>Fokus ligger p\u00e5 betydelsen av ett konkurrenskraftigt och engagerat lokalt n\u00e4ringsliv samt hur samverkan mellan f\u00f6retag, plats och region skapar f\u00f6ruts\u00e4ttningar f\u00f6r l\u00e5ngsiktig utveckling. Pite\u00e5s roll som etableringsort och dess n\u00e4ringslivsstruktur s\u00e4tts i ett st\u00f6rre sammanhang kopplat till s\u00e4kerhet, f\u00f6rs\u00f6rjningskedjor och industriell kapacitet.<\/p>\n<p>W5 Box Modul \u00e4r v\u00e4rd och bjuder p\u00e5 frukost fr\u00e5n 07.15. Scenprogrammet b\u00f6rjar 07.45, d\u00e4refter guidad tur i fabriken f\u00f6r de som vill.<\/p>\n        <\/div>\n    <\/div>\n<\/section>\n\n\n\n<section class=\"pt-8 md:pt-8 lg:pt-8 pb-8 md:pb-8 lg:pb-8\">\n    <div class=\"holder\">\n        <div class=\"flex flex-col-reverse lg:grid lg:grid-cols-12 lg:gap-8 bg-darkblue rounded-3xl\">\n            <div class=\"text-white lg:col-span-7 p-4 lg:p-16 flex flex-col\">\n                <h2 class=\"heading-md mb-3 lg:mb-6\">Boka h\u00e4r!<\/h2>\n                <p class=\"body-l mb-3 lg:mb-6\">Boka din plats s\u00e5 snart som m\u00f6jligt. \u00c4r det fullbokat? Anm\u00e4l dig \u00e4nd\u00e5! Vid avbokningar eller extra platser f\u00e5r du ett mail via Simple Signup. \r\nGl\u00f6m inte att avboka vid f\u00f6rhinder, s\u00e5 fler f\u00e5r chansen att delta! (vid avbokning maila jenni.kempelindberg@pitea.se)  <br><br> <\/p>\n                                    <a class=\"btn mr-auto\" href=\"https:\/\/simplesignup.se\/event\/232964-lokalt-naeringsliv-i-ett-nationellt-och-internationellt-saekerhetsperspektiv\" target=\"_blank\">Boka plats<\/a>\n                            <\/div>\n            <div class=\"lg:col-span-5\">\n                <picture class=\"w-full\"><img decoding=\"async\" src=\"https:\/\/images.ohmyhosting.se\/4BD4dElMgvce89olFMIjtSby7mw=\/528x412\/smart\/filters:quality(85)\/https%3A%2F%2Fpiteabusiness.se%2Fwp-content%2Fuploads%2Fsites%2F2%2F2024%2F11%2FProgrammet-ar-slappt.png\" srcset=\"https:\/\/images.ohmyhosting.se\/4BD4dElMgvce89olFMIjtSby7mw=\/528x412\/smart\/filters:quality(85)\/https%3A%2F%2Fpiteabusiness.se%2Fwp-content%2Fuploads%2Fsites%2F2%2F2024%2F11%2FProgrammet-ar-slappt.png 1x, https:\/\/images.ohmyhosting.se\/wXJFMu0c43ZiGlZLfO5vi1ONPMM=\/1056x824\/smart\/filters:quality(85)\/https%3A%2F%2Fpiteabusiness.se%2Fwp-content%2Fuploads%2Fsites%2F2%2F2024%2F11%2FProgrammet-ar-slappt.png 2x\" alt=\"\" class=\"w-full object-cover h-full w-full rounded-tr-3xl rounded-tl-3xl lg:rounded-tl-0 lg:rounded-br-3xl\" \/><\/picture>            <\/div>\n        <\/div>\n    <\/div>\n<\/section>","protected":false},"excerpt":{"rendered":"","protected":false},"author":2,"featured_media":0,"parent":0,"menu_order":0,"comment_status":"closed","ping_status":"closed","template":"","meta":{"_acf_changed":false,"footnotes":""},"class_list":["post-362","page","type-page","status-publish","hentry"],"yoast_head":"<!-- This site is optimized with the Yoast SEO plugin v27.4 - https:\/\/yoast.com\/product\/yoast-seo-wordpress\/ -->\n<title>Lokalt n\u00e4ringsliv i ett nationellt och internationellt s\u00e4kerhetsperspektiv - Pite\u00e5 Business Tour<\/title>\n<meta name=\"robots\" content=\"index, follow, max-snippet:-1, max-image-preview:large, max-video-preview:-1\" \/>\n<link rel=\"canonical\" href=\"https:\/\/piteabusiness.se\/pitea-business-tour\/lokalt-naringsliv-i-ett-nationellt-och-internationellt-sakerhetsperspektiv\/\" \/>\n<meta property=\"og:locale\" content=\"sv_SE\" \/>\n<meta property=\"og:type\" content=\"article\" \/>\n<meta property=\"og:title\" content=\"Lokalt n\u00e4ringsliv i ett nationellt och internationellt s\u00e4kerhetsperspektiv - Pite\u00e5 Business Tour\" \/>\n<meta property=\"og:url\" content=\"https:\/\/piteabusiness.se\/pitea-business-tour\/lokalt-naringsliv-i-ett-nationellt-och-internationellt-sakerhetsperspektiv\/\" \/>\n<meta property=\"og:site_name\" content=\"Pite\u00e5 Business Tour\" \/>\n<meta property=\"article:publisher\" content=\"https:\/\/www.facebook.com\/PiteaBusiness\/\" \/>\n<meta name=\"twitter:card\" content=\"summary_large_image\" \/>\n<script type=\"application\/ld+json\" class=\"yoast-schema-graph\">{\"@context\":\"https:\\\/\\\/schema.org\",\"@graph\":[{\"@type\":\"WebPage\",\"@id\":\"https:\\\/\\\/piteabusiness.se\\\/pitea-business-tour\\\/lokalt-naringsliv-i-ett-nationellt-och-internationellt-sakerhetsperspektiv\\\/\",\"url\":\"https:\\\/\\\/piteabusiness.se\\\/pitea-business-tour\\\/lokalt-naringsliv-i-ett-nationellt-och-internationellt-sakerhetsperspektiv\\\/\",\"name\":\"Lokalt n\u00e4ringsliv i ett nationellt och internationellt s\u00e4kerhetsperspektiv - Pite\u00e5 Business Tour\",\"isPartOf\":{\"@id\":\"https:\\\/\\\/piteabusiness.se\\\/pitea-business-tour\\\/#website\"},\"datePublished\":\"2026-01-12T16:29:11+00:00\",\"breadcrumb\":{\"@id\":\"https:\\\/\\\/piteabusiness.se\\\/pitea-business-tour\\\/lokalt-naringsliv-i-ett-nationellt-och-internationellt-sakerhetsperspektiv\\\/#breadcrumb\"},\"inLanguage\":\"sv-SE\",\"potentialAction\":[{\"@type\":\"ReadAction\",\"target\":[\"https:\\\/\\\/piteabusiness.se\\\/pitea-business-tour\\\/lokalt-naringsliv-i-ett-nationellt-och-internationellt-sakerhetsperspektiv\\\/\"]}]},{\"@type\":\"BreadcrumbList\",\"@id\":\"https:\\\/\\\/piteabusiness.se\\\/pitea-business-tour\\\/lokalt-naringsliv-i-ett-nationellt-och-internationellt-sakerhetsperspektiv\\\/#breadcrumb\",\"itemListElement\":[{\"@type\":\"ListItem\",\"position\":1,\"name\":\"Home\",\"item\":\"https:\\\/\\\/piteabusiness.se\\\/pitea-business-tour\\\/\"},{\"@type\":\"ListItem\",\"position\":2,\"name\":\"Lokalt n\u00e4ringsliv i ett nationellt och internationellt s\u00e4kerhetsperspektiv\"}]},{\"@type\":\"WebSite\",\"@id\":\"https:\\\/\\\/piteabusiness.se\\\/pitea-business-tour\\\/#website\",\"url\":\"https:\\\/\\\/piteabusiness.se\\\/pitea-business-tour\\\/\",\"name\":\"Pite\u00e5 Business Tour\",\"description\":\"\",\"publisher\":{\"@id\":\"https:\\\/\\\/piteabusiness.se\\\/pitea-business-tour\\\/#organization\"},\"potentialAction\":[{\"@type\":\"SearchAction\",\"target\":{\"@type\":\"EntryPoint\",\"urlTemplate\":\"https:\\\/\\\/piteabusiness.se\\\/pitea-business-tour\\\/?s={search_term_string}\"},\"query-input\":{\"@type\":\"PropertyValueSpecification\",\"valueRequired\":true,\"valueName\":\"search_term_string\"}}],\"inLanguage\":\"sv-SE\"},{\"@type\":\"Organization\",\"@id\":\"https:\\\/\\\/piteabusiness.se\\\/pitea-business-tour\\\/#organization\",\"name\":\"Pite\u00e5 Business Tour\",\"url\":\"https:\\\/\\\/piteabusiness.se\\\/pitea-business-tour\\\/\",\"logo\":{\"@type\":\"ImageObject\",\"inLanguage\":\"sv-SE\",\"@id\":\"https:\\\/\\\/piteabusiness.se\\\/pitea-business-tour\\\/#\\\/schema\\\/logo\\\/image\\\/\",\"url\":\"https:\\\/\\\/piteabusiness.se\\\/wp-content\\\/uploads\\\/sites\\\/2\\\/2024\\\/11\\\/og2.jpg\",\"contentUrl\":\"https:\\\/\\\/piteabusiness.se\\\/wp-content\\\/uploads\\\/sites\\\/2\\\/2024\\\/11\\\/og2.jpg\",\"width\":1200,\"height\":630,\"caption\":\"Pite\u00e5 Business Tour\"},\"image\":{\"@id\":\"https:\\\/\\\/piteabusiness.se\\\/pitea-business-tour\\\/#\\\/schema\\\/logo\\\/image\\\/\"},\"sameAs\":[\"https:\\\/\\\/www.facebook.com\\\/PiteaBusiness\\\/\"]}]}<\/script>\n<!-- \/ Yoast SEO plugin. -->","yoast_head_json":{"title":"Lokalt n\u00e4ringsliv i ett nationellt och internationellt s\u00e4kerhetsperspektiv - Pite\u00e5 Business Tour","robots":{"index":"index","follow":"follow","max-snippet":"max-snippet:-1","max-image-preview":"max-image-preview:large","max-video-preview":"max-video-preview:-1"},"canonical":"https:\/\/piteabusiness.se\/pitea-business-tour\/lokalt-naringsliv-i-ett-nationellt-och-internationellt-sakerhetsperspektiv\/","og_locale":"sv_SE","og_type":"article","og_title":"Lokalt n\u00e4ringsliv i ett nationellt och internationellt s\u00e4kerhetsperspektiv - Pite\u00e5 Business Tour","og_url":"https:\/\/piteabusiness.se\/pitea-business-tour\/lokalt-naringsliv-i-ett-nationellt-och-internationellt-sakerhetsperspektiv\/","og_site_name":"Pite\u00e5 Business Tour","article_publisher":"https:\/\/www.facebook.com\/PiteaBusiness\/","twitter_card":"summary_large_image","schema":{"@context":"https:\/\/schema.org","@graph":[{"@type":"WebPage","@id":"https:\/\/piteabusiness.se\/pitea-business-tour\/lokalt-naringsliv-i-ett-nationellt-och-internationellt-sakerhetsperspektiv\/","url":"https:\/\/piteabusiness.se\/pitea-business-tour\/lokalt-naringsliv-i-ett-nationellt-och-internationellt-sakerhetsperspektiv\/","name":"Lokalt n\u00e4ringsliv i ett nationellt och internationellt s\u00e4kerhetsperspektiv - Pite\u00e5 Business Tour","isPartOf":{"@id":"https:\/\/piteabusiness.se\/pitea-business-tour\/#website"},"datePublished":"2026-01-12T16:29:11+00:00","breadcrumb":{"@id":"https:\/\/piteabusiness.se\/pitea-business-tour\/lokalt-naringsliv-i-ett-nationellt-och-internationellt-sakerhetsperspektiv\/#breadcrumb"},"inLanguage":"sv-SE","potentialAction":[{"@type":"ReadAction","target":["https:\/\/piteabusiness.se\/pitea-business-tour\/lokalt-naringsliv-i-ett-nationellt-och-internationellt-sakerhetsperspektiv\/"]}]},{"@type":"BreadcrumbList","@id":"https:\/\/piteabusiness.se\/pitea-business-tour\/lokalt-naringsliv-i-ett-nationellt-och-internationellt-sakerhetsperspektiv\/#breadcrumb","itemListElement":[{"@type":"ListItem","position":1,"name":"Home","item":"https:\/\/piteabusiness.se\/pitea-business-tour\/"},{"@type":"ListItem","position":2,"name":"Lokalt n\u00e4ringsliv i ett nationellt och internationellt s\u00e4kerhetsperspektiv"}]},{"@type":"WebSite","@id":"https:\/\/piteabusiness.se\/pitea-business-tour\/#website","url":"https:\/\/piteabusiness.se\/pitea-business-tour\/","name":"Pite\u00e5 Business Tour","description":"","publisher":{"@id":"https:\/\/piteabusiness.se\/pitea-business-tour\/#organization"},"potentialAction":[{"@type":"SearchAction","target":{"@type":"EntryPoint","urlTemplate":"https:\/\/piteabusiness.se\/pitea-business-tour\/?s={search_term_string}"},"query-input":{"@type":"PropertyValueSpecification","valueRequired":true,"valueName":"search_term_string"}}],"inLanguage":"sv-SE"},{"@type":"Organization","@id":"https:\/\/piteabusiness.se\/pitea-business-tour\/#organization","name":"Pite\u00e5 Business Tour","url":"https:\/\/piteabusiness.se\/pitea-business-tour\/","logo":{"@type":"ImageObject","inLanguage":"sv-SE","@id":"https:\/\/piteabusiness.se\/pitea-business-tour\/#\/schema\/logo\/image\/","url":"https:\/\/piteabusiness.se\/wp-content\/uploads\/sites\/2\/2024\/11\/og2.jpg","contentUrl":"https:\/\/piteabusiness.se\/wp-content\/uploads\/sites\/2\/2024\/11\/og2.jpg","width":1200,"height":630,"caption":"Pite\u00e5 Business Tour"},"image":{"@id":"https:\/\/piteabusiness.se\/pitea-business-tour\/#\/schema\/logo\/image\/"},"sameAs":["https:\/\/www.facebook.com\/PiteaBusiness\/"]}]}},"acf":[],"_links":{"self":[{"href":"https:\/\/piteabusiness.se\/pitea-business-tour\/wp-json\/wp\/v2\/pages\/362","targetHints":{"allow":["GET"]}}],"collection":[{"href":"https:\/\/piteabusiness.se\/pitea-business-tour\/wp-json\/wp\/v2\/pages"}],"about":[{"href":"https:\/\/piteabusiness.se\/pitea-business-tour\/wp-json\/wp\/v2\/types\/page"}],"author":[{"embeddable":true,"href":"https:\/\/piteabusiness.se\/pitea-business-tour\/wp-json\/wp\/v2\/users\/2"}],"replies":[{"embeddable":true,"href":"https:\/\/piteabusiness.se\/pitea-business-tour\/wp-json\/wp\/v2\/comments?post=362"}],"version-history":[{"count":2,"href":"https:\/\/piteabusiness.se\/pitea-business-tour\/wp-json\/wp\/v2\/pages\/362\/revisions"}],"predecessor-version":[{"id":373,"href":"https:\/\/piteabusiness.se\/pitea-business-tour\/wp-json\/wp\/v2\/pages\/362\/revisions\/373"}],"wp:attachment":[{"href":"https:\/\/piteabusiness.se\/pitea-business-tour\/wp-json\/wp\/v2\/media?parent=362"}],"curies":[{"name":"wp","href":"https:\/\/api.w.org\/{rel}","templated":true}]}}