{"id":379,"date":"2026-01-12T16:28:02","date_gmt":"2026-01-12T16:28:02","guid":{"rendered":"https:\/\/piteabusiness.se\/pitea-business-tour\/?page_id=379"},"modified":"2026-01-12T16:41:57","modified_gmt":"2026-01-12T16:41:57","slug":"rantor-inflation-och-kvinnliga-forebilder","status":"publish","type":"page","link":"https:\/\/piteabusiness.se\/pitea-business-tour\/rantor-inflation-och-kvinnliga-forebilder\/","title":{"rendered":"R\u00e4ntor, inflation och kvinnliga f\u00f6rebilder"},"content":{"rendered":"\n<section class=\"pt-8 md:pt-8 lg:pt-8 pb-8 md:pb-8 lg:pb-8\">\n    <div class=\"holder\">\n        <div class=\"wysiwyg\">\n            <h2 class=\"heading-md mb-2\">R\u00e4ntor, inflation och kvinnliga f\u00f6rebilder<\/h2>\n<div class=\"flex flex-col mb-2 gap-2 lg:flex-row lg:gap-4\">\n<p><span class=\"font-extrabold\">Tid:<\/span> Onsdag 18 februari, kl 16:00-19:00<\/p>\n<p><span class=\"font-extrabold\">Plats:<\/span>\u00a0Kust hotell, festv\u00e5ningen<\/p>\n<p><span class=\"font-extrabold\">V\u00e4rd:<\/span>\u00a0Sparbanken Nord<\/p>\n<\/div>\n<p class=\"leading-normal mb-2\">V\u00e4lkommen till en kv\u00e4ll fylld av inspiration, intressanta samtal och god mat! Vi f\u00e5r ett sp\u00e4nnande f\u00f6redrag med Swedbanks prognoschef, Andreas Wallstr\u00f6m, som delar med sig av sin analys av marknadsl\u00e4get och hur r\u00e4ntor och inflation kan komma att p\u00e5verka svensk ekonomi fram\u00f6ver.<\/p>\n<p>Med p\u00e5 plats har vi \u00e4ven representanter fr\u00e5n PIF dam. Hur viktig \u00e4r damfotbollen f\u00f6r Pite\u00e5, och vad betyder det f\u00f6r regionen att ha ett allsvenskt lag i h\u00f6gsta serien?<\/p>\n<p>Missa inte denna m\u00f6jlighet att f\u00e5 insikter, n\u00e4tverka och inspireras!<\/p>\n<p><strong>Om Andreas Wallstr\u00f6m<br \/>\n<\/strong>Prognoschefen f\u00f6r Swedbank med \u00f6ver 20 \u00e5rs erfarenhet av makroekonomisk analys har Andreas hunnit f\u00f6rdjupa sig inom de flesta omr\u00e5den. Innan Andreas b\u00f6rjade p\u00e5 Swedbank 2019 arbetade han p\u00e5 finansdepartementet, EU-kommissionen och som chefsanalytiker p\u00e5 Nordea.<\/p>\n        <\/div>\n    <\/div>\n<\/section>\n\n\n\n<section class=\"pt-8 md:pt-8 lg:pt-8 pb-8 md:pb-8 lg:pb-8\">\n    <div class=\"holder\">\n        <div class=\"flex flex-col-reverse lg:grid lg:grid-cols-12 lg:gap-8 bg-darkblue rounded-3xl\">\n            <div class=\"text-white lg:col-span-7 p-4 lg:p-16 flex flex-col\">\n                <h2 class=\"heading-md mb-3 lg:mb-6\">Boka h\u00e4r!<\/h2>\n                <p class=\"body-l mb-3 lg:mb-6\">Boka din plats s\u00e5 snart som m\u00f6jligt. \u00c4r det fullbokat? Anm\u00e4l dig \u00e4nd\u00e5! Vid avbokningar eller extra platser f\u00e5r du ett mail via Simple Signup. \r\nGl\u00f6m inte att avboka vid f\u00f6rhinder, s\u00e5 fler f\u00e5r chansen att delta! (vid avbokning maila jenni.kempelindberg@pitea.se)  <br><br> <\/p>\n                                    <a class=\"btn mr-auto\" href=\"https:\/\/simplesignup.se\/event\/232975-raentor-inflation-och-kvinnliga-foerebilder\" target=\"_blank\">Boka plats<\/a>\n                            <\/div>\n            <div class=\"lg:col-span-5\">\n                <picture class=\"w-full\"><img decoding=\"async\" src=\"https:\/\/images.ohmyhosting.se\/4BD4dElMgvce89olFMIjtSby7mw=\/528x412\/smart\/filters:quality(85)\/https%3A%2F%2Fpiteabusiness.se%2Fwp-content%2Fuploads%2Fsites%2F2%2F2024%2F11%2FProgrammet-ar-slappt.png\" srcset=\"https:\/\/images.ohmyhosting.se\/4BD4dElMgvce89olFMIjtSby7mw=\/528x412\/smart\/filters:quality(85)\/https%3A%2F%2Fpiteabusiness.se%2Fwp-content%2Fuploads%2Fsites%2F2%2F2024%2F11%2FProgrammet-ar-slappt.png 1x, https:\/\/images.ohmyhosting.se\/wXJFMu0c43ZiGlZLfO5vi1ONPMM=\/1056x824\/smart\/filters:quality(85)\/https%3A%2F%2Fpiteabusiness.se%2Fwp-content%2Fuploads%2Fsites%2F2%2F2024%2F11%2FProgrammet-ar-slappt.png 2x\" alt=\"\" class=\"w-full object-cover h-full w-full rounded-tr-3xl rounded-tl-3xl lg:rounded-tl-0 lg:rounded-br-3xl\" \/><\/picture>            <\/div>\n        <\/div>\n    <\/div>\n<\/section>","protected":false},"excerpt":{"rendered":"","protected":false},"author":2,"featured_media":0,"parent":0,"menu_order":0,"comment_status":"closed","ping_status":"closed","template":"","meta":{"_acf_changed":false,"footnotes":""},"class_list":["post-379","page","type-page","status-publish","hentry"],"yoast_head":"<!-- This site is optimized with the Yoast SEO plugin v27.4 - https:\/\/yoast.com\/product\/yoast-seo-wordpress\/ -->\n<title>R\u00e4ntor, inflation och kvinnliga f\u00f6rebilder - Pite\u00e5 Business Tour<\/title>\n<meta name=\"robots\" content=\"index, follow, max-snippet:-1, max-image-preview:large, max-video-preview:-1\" \/>\n<link rel=\"canonical\" href=\"https:\/\/piteabusiness.se\/pitea-business-tour\/rantor-inflation-och-kvinnliga-forebilder\/\" \/>\n<meta property=\"og:locale\" content=\"sv_SE\" \/>\n<meta property=\"og:type\" content=\"article\" \/>\n<meta property=\"og:title\" content=\"R\u00e4ntor, inflation och kvinnliga f\u00f6rebilder - Pite\u00e5 Business Tour\" \/>\n<meta property=\"og:url\" content=\"https:\/\/piteabusiness.se\/pitea-business-tour\/rantor-inflation-och-kvinnliga-forebilder\/\" \/>\n<meta property=\"og:site_name\" content=\"Pite\u00e5 Business Tour\" \/>\n<meta property=\"article:publisher\" content=\"https:\/\/www.facebook.com\/PiteaBusiness\/\" \/>\n<meta property=\"article:modified_time\" content=\"2026-01-12T16:41:57+00:00\" \/>\n<meta name=\"twitter:card\" content=\"summary_large_image\" \/>\n<script type=\"application\/ld+json\" class=\"yoast-schema-graph\">{\"@context\":\"https:\\\/\\\/schema.org\",\"@graph\":[{\"@type\":\"WebPage\",\"@id\":\"https:\\\/\\\/piteabusiness.se\\\/pitea-business-tour\\\/rantor-inflation-och-kvinnliga-forebilder\\\/\",\"url\":\"https:\\\/\\\/piteabusiness.se\\\/pitea-business-tour\\\/rantor-inflation-och-kvinnliga-forebilder\\\/\",\"name\":\"R\u00e4ntor, inflation och kvinnliga f\u00f6rebilder - Pite\u00e5 Business Tour\",\"isPartOf\":{\"@id\":\"https:\\\/\\\/piteabusiness.se\\\/pitea-business-tour\\\/#website\"},\"datePublished\":\"2026-01-12T16:28:02+00:00\",\"dateModified\":\"2026-01-12T16:41:57+00:00\",\"breadcrumb\":{\"@id\":\"https:\\\/\\\/piteabusiness.se\\\/pitea-business-tour\\\/rantor-inflation-och-kvinnliga-forebilder\\\/#breadcrumb\"},\"inLanguage\":\"sv-SE\",\"potentialAction\":[{\"@type\":\"ReadAction\",\"target\":[\"https:\\\/\\\/piteabusiness.se\\\/pitea-business-tour\\\/rantor-inflation-och-kvinnliga-forebilder\\\/\"]}]},{\"@type\":\"BreadcrumbList\",\"@id\":\"https:\\\/\\\/piteabusiness.se\\\/pitea-business-tour\\\/rantor-inflation-och-kvinnliga-forebilder\\\/#breadcrumb\",\"itemListElement\":[{\"@type\":\"ListItem\",\"position\":1,\"name\":\"Home\",\"item\":\"https:\\\/\\\/piteabusiness.se\\\/pitea-business-tour\\\/\"},{\"@type\":\"ListItem\",\"position\":2,\"name\":\"R\u00e4ntor, inflation och kvinnliga f\u00f6rebilder\"}]},{\"@type\":\"WebSite\",\"@id\":\"https:\\\/\\\/piteabusiness.se\\\/pitea-business-tour\\\/#website\",\"url\":\"https:\\\/\\\/piteabusiness.se\\\/pitea-business-tour\\\/\",\"name\":\"Pite\u00e5 Business Tour\",\"description\":\"\",\"publisher\":{\"@id\":\"https:\\\/\\\/piteabusiness.se\\\/pitea-business-tour\\\/#organization\"},\"potentialAction\":[{\"@type\":\"SearchAction\",\"target\":{\"@type\":\"EntryPoint\",\"urlTemplate\":\"https:\\\/\\\/piteabusiness.se\\\/pitea-business-tour\\\/?s={search_term_string}\"},\"query-input\":{\"@type\":\"PropertyValueSpecification\",\"valueRequired\":true,\"valueName\":\"search_term_string\"}}],\"inLanguage\":\"sv-SE\"},{\"@type\":\"Organization\",\"@id\":\"https:\\\/\\\/piteabusiness.se\\\/pitea-business-tour\\\/#organization\",\"name\":\"Pite\u00e5 Business Tour\",\"url\":\"https:\\\/\\\/piteabusiness.se\\\/pitea-business-tour\\\/\",\"logo\":{\"@type\":\"ImageObject\",\"inLanguage\":\"sv-SE\",\"@id\":\"https:\\\/\\\/piteabusiness.se\\\/pitea-business-tour\\\/#\\\/schema\\\/logo\\\/image\\\/\",\"url\":\"https:\\\/\\\/piteabusiness.se\\\/wp-content\\\/uploads\\\/sites\\\/2\\\/2024\\\/11\\\/og2.jpg\",\"contentUrl\":\"https:\\\/\\\/piteabusiness.se\\\/wp-content\\\/uploads\\\/sites\\\/2\\\/2024\\\/11\\\/og2.jpg\",\"width\":1200,\"height\":630,\"caption\":\"Pite\u00e5 Business Tour\"},\"image\":{\"@id\":\"https:\\\/\\\/piteabusiness.se\\\/pitea-business-tour\\\/#\\\/schema\\\/logo\\\/image\\\/\"},\"sameAs\":[\"https:\\\/\\\/www.facebook.com\\\/PiteaBusiness\\\/\"]}]}<\/script>\n<!-- \/ Yoast SEO plugin. -->","yoast_head_json":{"title":"R\u00e4ntor, inflation och kvinnliga f\u00f6rebilder - Pite\u00e5 Business Tour","robots":{"index":"index","follow":"follow","max-snippet":"max-snippet:-1","max-image-preview":"max-image-preview:large","max-video-preview":"max-video-preview:-1"},"canonical":"https:\/\/piteabusiness.se\/pitea-business-tour\/rantor-inflation-och-kvinnliga-forebilder\/","og_locale":"sv_SE","og_type":"article","og_title":"R\u00e4ntor, inflation och kvinnliga f\u00f6rebilder - Pite\u00e5 Business Tour","og_url":"https:\/\/piteabusiness.se\/pitea-business-tour\/rantor-inflation-och-kvinnliga-forebilder\/","og_site_name":"Pite\u00e5 Business Tour","article_publisher":"https:\/\/www.facebook.com\/PiteaBusiness\/","article_modified_time":"2026-01-12T16:41:57+00:00","twitter_card":"summary_large_image","schema":{"@context":"https:\/\/schema.org","@graph":[{"@type":"WebPage","@id":"https:\/\/piteabusiness.se\/pitea-business-tour\/rantor-inflation-och-kvinnliga-forebilder\/","url":"https:\/\/piteabusiness.se\/pitea-business-tour\/rantor-inflation-och-kvinnliga-forebilder\/","name":"R\u00e4ntor, inflation och kvinnliga f\u00f6rebilder - Pite\u00e5 Business Tour","isPartOf":{"@id":"https:\/\/piteabusiness.se\/pitea-business-tour\/#website"},"datePublished":"2026-01-12T16:28:02+00:00","dateModified":"2026-01-12T16:41:57+00:00","breadcrumb":{"@id":"https:\/\/piteabusiness.se\/pitea-business-tour\/rantor-inflation-och-kvinnliga-forebilder\/#breadcrumb"},"inLanguage":"sv-SE","potentialAction":[{"@type":"ReadAction","target":["https:\/\/piteabusiness.se\/pitea-business-tour\/rantor-inflation-och-kvinnliga-forebilder\/"]}]},{"@type":"BreadcrumbList","@id":"https:\/\/piteabusiness.se\/pitea-business-tour\/rantor-inflation-och-kvinnliga-forebilder\/#breadcrumb","itemListElement":[{"@type":"ListItem","position":1,"name":"Home","item":"https:\/\/piteabusiness.se\/pitea-business-tour\/"},{"@type":"ListItem","position":2,"name":"R\u00e4ntor, inflation och kvinnliga f\u00f6rebilder"}]},{"@type":"WebSite","@id":"https:\/\/piteabusiness.se\/pitea-business-tour\/#website","url":"https:\/\/piteabusiness.se\/pitea-business-tour\/","name":"Pite\u00e5 Business Tour","description":"","publisher":{"@id":"https:\/\/piteabusiness.se\/pitea-business-tour\/#organization"},"potentialAction":[{"@type":"SearchAction","target":{"@type":"EntryPoint","urlTemplate":"https:\/\/piteabusiness.se\/pitea-business-tour\/?s={search_term_string}"},"query-input":{"@type":"PropertyValueSpecification","valueRequired":true,"valueName":"search_term_string"}}],"inLanguage":"sv-SE"},{"@type":"Organization","@id":"https:\/\/piteabusiness.se\/pitea-business-tour\/#organization","name":"Pite\u00e5 Business Tour","url":"https:\/\/piteabusiness.se\/pitea-business-tour\/","logo":{"@type":"ImageObject","inLanguage":"sv-SE","@id":"https:\/\/piteabusiness.se\/pitea-business-tour\/#\/schema\/logo\/image\/","url":"https:\/\/piteabusiness.se\/wp-content\/uploads\/sites\/2\/2024\/11\/og2.jpg","contentUrl":"https:\/\/piteabusiness.se\/wp-content\/uploads\/sites\/2\/2024\/11\/og2.jpg","width":1200,"height":630,"caption":"Pite\u00e5 Business Tour"},"image":{"@id":"https:\/\/piteabusiness.se\/pitea-business-tour\/#\/schema\/logo\/image\/"},"sameAs":["https:\/\/www.facebook.com\/PiteaBusiness\/"]}]}},"acf":[],"_links":{"self":[{"href":"https:\/\/piteabusiness.se\/pitea-business-tour\/wp-json\/wp\/v2\/pages\/379","targetHints":{"allow":["GET"]}}],"collection":[{"href":"https:\/\/piteabusiness.se\/pitea-business-tour\/wp-json\/wp\/v2\/pages"}],"about":[{"href":"https:\/\/piteabusiness.se\/pitea-business-tour\/wp-json\/wp\/v2\/types\/page"}],"author":[{"embeddable":true,"href":"https:\/\/piteabusiness.se\/pitea-business-tour\/wp-json\/wp\/v2\/users\/2"}],"replies":[{"embeddable":true,"href":"https:\/\/piteabusiness.se\/pitea-business-tour\/wp-json\/wp\/v2\/comments?post=379"}],"version-history":[{"count":2,"href":"https:\/\/piteabusiness.se\/pitea-business-tour\/wp-json\/wp\/v2\/pages\/379\/revisions"}],"predecessor-version":[{"id":391,"href":"https:\/\/piteabusiness.se\/pitea-business-tour\/wp-json\/wp\/v2\/pages\/379\/revisions\/391"}],"wp:attachment":[{"href":"https:\/\/piteabusiness.se\/pitea-business-tour\/wp-json\/wp\/v2\/media?parent=379"}],"curies":[{"name":"wp","href":"https:\/\/api.w.org\/{rel}","templated":true}]}}