{"id":381,"date":"2026-01-12T16:27:53","date_gmt":"2026-01-12T16:27:53","guid":{"rendered":"https:\/\/piteabusiness.se\/pitea-business-tour\/?page_id=381"},"modified":"2026-01-22T13:41:11","modified_gmt":"2026-01-22T13:41:11","slug":"framtidens-eltransporter-i-pitea-samverkan-for-omstallning-och-hallbarhet","status":"publish","type":"page","link":"https:\/\/piteabusiness.se\/pitea-business-tour\/framtidens-eltransporter-i-pitea-samverkan-for-omstallning-och-hallbarhet\/","title":{"rendered":"Framtidens eltransporter i Pite\u00e5 \u2013 samverkan f\u00f6r omst\u00e4llning och h\u00e5llbarhet"},"content":{"rendered":"\n<section class=\"pt-8 md:pt-8 lg:pt-8 pb-8 md:pb-8 lg:pb-8\">\n    <div class=\"holder\">\n        <div class=\"wysiwyg\">\n            <h2 class=\"heading-md mb-2\">Framtidens eltransporter i Pite\u00e5 \u2013 samverkan f\u00f6r omst\u00e4llning och h\u00e5llbarhet<\/h2>\n<div class=\"flex flex-col mb-2 gap-2 lg:flex-row lg:gap-4\">\n<p><span class=\"font-extrabold\">Tid:<\/span> Torsdag 19 februari, kl 07.00-09.00<\/p>\n<p><span class=\"font-extrabold\">Plats:<\/span> Bilkompaniet, K\u00e4llbogatan 73<\/p>\n<p><span class=\"font-extrabold\">V\u00e4rd:<\/span>\u00a0Bilkompaniet Sigoro<\/p>\n<\/div>\n<div class=\"x_elementToProof\" data-olk-copy-source=\"MessageBody\">Elektrifieringen av transporterna p\u00e5g\u00e5r \u2013 men hur fungerar den i praktiken i ett norrl\u00e4ndskt klimat, och vad kr\u00e4vs f\u00f6r att lyckas aff\u00e4rsm\u00e4ssigt?<\/div>\n<div class=\"x_elementToProof\" data-olk-copy-source=\"MessageBody\"><\/div>\n<div class=\"x_elementToProof\" data-olk-copy-source=\"MessageBody\">\n<p>V\u00e4lkommen till ett morgonevent d\u00e4r vi samlar n\u00e4ringsliv, energi och infrastruktur f\u00f6r att dela konkreta erfarenheter, samverkansm\u00f6jligheter och n\u00e4sta steg mot en fossilfri och l\u00e5ngsiktigt h\u00e5llbar fordonsflotta i Pite\u00e5. Fokus ligger p\u00e5 genomf\u00f6rande, drift och ekonomi \u2013 med verkliga exempel fr\u00e5n lokala akt\u00f6rer.<\/p>\n<p>Moderator \u00e4r <b>Fredrik Nilsson<\/b>. Medverkar g\u00f6r:<\/p>\n<\/div>\n<div data-olk-copy-source=\"MessageBody\"><\/div>\n<ul data-end=\"1225\" data-start=\"998\">\n<li>\n<div class=\"x_elementToProof\" role=\"presentation\"><strong>J\u00f6rgen Strand<\/strong>, VD,\u00a0Pite Energi<\/div>\n<\/li>\n<li>\n<div class=\"x_elementToProof\" role=\"presentation\"><strong>Mari Nilsson<\/strong>, VD,\u00a0IVAB<\/div>\n<\/li>\n<li>\n<div class=\"x_elementToProof\" role=\"presentation\"><strong>Magnus Sundstr\u00f6m<\/strong>, Chief Logistics Officer,\u00a0WIBAX<\/div>\n<\/li>\n<\/ul>\n<div class=\"x_elementToProof\"><\/div>\n<ul data-end=\"1480\" data-start=\"1252\">\n<li>\n<div class=\"x_elementToProof\" role=\"presentation\">Elektrifierade transporter i\u00a0norrl\u00e4ndskt klimat\u00a0\u2013 vad s\u00e4ger erfarenheterna?<\/div>\n<\/li>\n<li>\n<div class=\"x_elementToProof\" role=\"presentation\">Samspel mellan fordon, laddning och energisystem<\/div>\n<\/li>\n<li>\n<div class=\"x_elementToProof\" role=\"presentation\">Aff\u00e4rsnytta, drifts\u00e4kerhet och totalekonomi<\/div>\n<\/li>\n<li>\n<div class=\"x_elementToProof\" role=\"presentation\">Praktiska exempel fr\u00e5n Pite\u00e5 \u2013 inte teori<\/div>\n<\/li>\n<\/ul>\n<p><strong>H\u00e5lltider<br \/>\n<\/strong>07.00 Frukost och mingel<br \/>\n07.45 Program, d\u00e4refter mingel<\/p>\n        <\/div>\n    <\/div>\n<\/section>\n\n\n\n<section class=\"pt-8 md:pt-8 lg:pt-8 pb-8 md:pb-8 lg:pb-8\">\n    <div class=\"holder\">\n        <div class=\"flex flex-col-reverse lg:grid lg:grid-cols-12 lg:gap-8 bg-darkblue rounded-3xl\">\n            <div class=\"text-white lg:col-span-7 p-4 lg:p-16 flex flex-col\">\n                <h2 class=\"heading-md mb-3 lg:mb-6\">Boka h\u00e4r!<\/h2>\n                <p class=\"body-l mb-3 lg:mb-6\">Boka din plats s\u00e5 snart som m\u00f6jligt. \u00c4r det fullbokat? Anm\u00e4l dig \u00e4nd\u00e5! Vid avbokningar eller extra platser f\u00e5r du ett mail via Simple Signup. \r\nGl\u00f6m inte att avboka vid f\u00f6rhinder, s\u00e5 fler f\u00e5r chansen att delta! (vid avbokning maila jenni.kempelindberg@pitea.se)  <br><br> <\/p>\n                                    <a class=\"btn mr-auto\" href=\"https:\/\/simplesignup.se\/event\/232976-framtidens-eltransporter-i-piteaa-samverkan-foer-omstaellning-och-haallbarhet\" target=\"_blank\">Boka plats<\/a>\n                            <\/div>\n            <div class=\"lg:col-span-5\">\n                <picture class=\"w-full\"><img decoding=\"async\" src=\"https:\/\/images.ohmyhosting.se\/4BD4dElMgvce89olFMIjtSby7mw=\/528x412\/smart\/filters:quality(85)\/https%3A%2F%2Fpiteabusiness.se%2Fwp-content%2Fuploads%2Fsites%2F2%2F2024%2F11%2FProgrammet-ar-slappt.png\" srcset=\"https:\/\/images.ohmyhosting.se\/4BD4dElMgvce89olFMIjtSby7mw=\/528x412\/smart\/filters:quality(85)\/https%3A%2F%2Fpiteabusiness.se%2Fwp-content%2Fuploads%2Fsites%2F2%2F2024%2F11%2FProgrammet-ar-slappt.png 1x, https:\/\/images.ohmyhosting.se\/wXJFMu0c43ZiGlZLfO5vi1ONPMM=\/1056x824\/smart\/filters:quality(85)\/https%3A%2F%2Fpiteabusiness.se%2Fwp-content%2Fuploads%2Fsites%2F2%2F2024%2F11%2FProgrammet-ar-slappt.png 2x\" alt=\"\" class=\"w-full object-cover h-full w-full rounded-tr-3xl rounded-tl-3xl lg:rounded-tl-0 lg:rounded-br-3xl\" \/><\/picture>            <\/div>\n        <\/div>\n    <\/div>\n<\/section>","protected":false},"excerpt":{"rendered":"","protected":false},"author":2,"featured_media":0,"parent":0,"menu_order":0,"comment_status":"closed","ping_status":"closed","template":"","meta":{"_acf_changed":false,"footnotes":""},"class_list":["post-381","page","type-page","status-publish","hentry"],"yoast_head":"<!-- This site is optimized with the Yoast SEO plugin v27.4 - https:\/\/yoast.com\/product\/yoast-seo-wordpress\/ -->\n<title>Framtidens eltransporter i Pite\u00e5 \u2013 samverkan f\u00f6r omst\u00e4llning och h\u00e5llbarhet - Pite\u00e5 Business Tour<\/title>\n<meta name=\"robots\" content=\"index, follow, max-snippet:-1, max-image-preview:large, max-video-preview:-1\" \/>\n<link rel=\"canonical\" href=\"https:\/\/piteabusiness.se\/pitea-business-tour\/framtidens-eltransporter-i-pitea-samverkan-for-omstallning-och-hallbarhet\/\" \/>\n<meta property=\"og:locale\" content=\"sv_SE\" \/>\n<meta property=\"og:type\" content=\"article\" \/>\n<meta property=\"og:title\" content=\"Framtidens eltransporter i Pite\u00e5 \u2013 samverkan f\u00f6r omst\u00e4llning och h\u00e5llbarhet - Pite\u00e5 Business Tour\" \/>\n<meta property=\"og:url\" content=\"https:\/\/piteabusiness.se\/pitea-business-tour\/framtidens-eltransporter-i-pitea-samverkan-for-omstallning-och-hallbarhet\/\" \/>\n<meta property=\"og:site_name\" content=\"Pite\u00e5 Business Tour\" \/>\n<meta property=\"article:publisher\" content=\"https:\/\/www.facebook.com\/PiteaBusiness\/\" \/>\n<meta property=\"article:modified_time\" content=\"2026-01-22T13:41:11+00:00\" \/>\n<meta name=\"twitter:card\" content=\"summary_large_image\" \/>\n<script type=\"application\/ld+json\" class=\"yoast-schema-graph\">{\"@context\":\"https:\\\/\\\/schema.org\",\"@graph\":[{\"@type\":\"WebPage\",\"@id\":\"https:\\\/\\\/piteabusiness.se\\\/pitea-business-tour\\\/framtidens-eltransporter-i-pitea-samverkan-for-omstallning-och-hallbarhet\\\/\",\"url\":\"https:\\\/\\\/piteabusiness.se\\\/pitea-business-tour\\\/framtidens-eltransporter-i-pitea-samverkan-for-omstallning-och-hallbarhet\\\/\",\"name\":\"Framtidens eltransporter i Pite\u00e5 \u2013 samverkan f\u00f6r omst\u00e4llning och h\u00e5llbarhet - Pite\u00e5 Business Tour\",\"isPartOf\":{\"@id\":\"https:\\\/\\\/piteabusiness.se\\\/pitea-business-tour\\\/#website\"},\"datePublished\":\"2026-01-12T16:27:53+00:00\",\"dateModified\":\"2026-01-22T13:41:11+00:00\",\"breadcrumb\":{\"@id\":\"https:\\\/\\\/piteabusiness.se\\\/pitea-business-tour\\\/framtidens-eltransporter-i-pitea-samverkan-for-omstallning-och-hallbarhet\\\/#breadcrumb\"},\"inLanguage\":\"sv-SE\",\"potentialAction\":[{\"@type\":\"ReadAction\",\"target\":[\"https:\\\/\\\/piteabusiness.se\\\/pitea-business-tour\\\/framtidens-eltransporter-i-pitea-samverkan-for-omstallning-och-hallbarhet\\\/\"]}]},{\"@type\":\"BreadcrumbList\",\"@id\":\"https:\\\/\\\/piteabusiness.se\\\/pitea-business-tour\\\/framtidens-eltransporter-i-pitea-samverkan-for-omstallning-och-hallbarhet\\\/#breadcrumb\",\"itemListElement\":[{\"@type\":\"ListItem\",\"position\":1,\"name\":\"Home\",\"item\":\"https:\\\/\\\/piteabusiness.se\\\/pitea-business-tour\\\/\"},{\"@type\":\"ListItem\",\"position\":2,\"name\":\"Framtidens eltransporter i Pite\u00e5 \u2013 samverkan f\u00f6r omst\u00e4llning och h\u00e5llbarhet\"}]},{\"@type\":\"WebSite\",\"@id\":\"https:\\\/\\\/piteabusiness.se\\\/pitea-business-tour\\\/#website\",\"url\":\"https:\\\/\\\/piteabusiness.se\\\/pitea-business-tour\\\/\",\"name\":\"Pite\u00e5 Business Tour\",\"description\":\"\",\"publisher\":{\"@id\":\"https:\\\/\\\/piteabusiness.se\\\/pitea-business-tour\\\/#organization\"},\"potentialAction\":[{\"@type\":\"SearchAction\",\"target\":{\"@type\":\"EntryPoint\",\"urlTemplate\":\"https:\\\/\\\/piteabusiness.se\\\/pitea-business-tour\\\/?s={search_term_string}\"},\"query-input\":{\"@type\":\"PropertyValueSpecification\",\"valueRequired\":true,\"valueName\":\"search_term_string\"}}],\"inLanguage\":\"sv-SE\"},{\"@type\":\"Organization\",\"@id\":\"https:\\\/\\\/piteabusiness.se\\\/pitea-business-tour\\\/#organization\",\"name\":\"Pite\u00e5 Business Tour\",\"url\":\"https:\\\/\\\/piteabusiness.se\\\/pitea-business-tour\\\/\",\"logo\":{\"@type\":\"ImageObject\",\"inLanguage\":\"sv-SE\",\"@id\":\"https:\\\/\\\/piteabusiness.se\\\/pitea-business-tour\\\/#\\\/schema\\\/logo\\\/image\\\/\",\"url\":\"https:\\\/\\\/piteabusiness.se\\\/wp-content\\\/uploads\\\/sites\\\/2\\\/2024\\\/11\\\/og2.jpg\",\"contentUrl\":\"https:\\\/\\\/piteabusiness.se\\\/wp-content\\\/uploads\\\/sites\\\/2\\\/2024\\\/11\\\/og2.jpg\",\"width\":1200,\"height\":630,\"caption\":\"Pite\u00e5 Business Tour\"},\"image\":{\"@id\":\"https:\\\/\\\/piteabusiness.se\\\/pitea-business-tour\\\/#\\\/schema\\\/logo\\\/image\\\/\"},\"sameAs\":[\"https:\\\/\\\/www.facebook.com\\\/PiteaBusiness\\\/\"]}]}<\/script>\n<!-- \/ Yoast SEO plugin. -->","yoast_head_json":{"title":"Framtidens eltransporter i Pite\u00e5 \u2013 samverkan f\u00f6r omst\u00e4llning och h\u00e5llbarhet - Pite\u00e5 Business Tour","robots":{"index":"index","follow":"follow","max-snippet":"max-snippet:-1","max-image-preview":"max-image-preview:large","max-video-preview":"max-video-preview:-1"},"canonical":"https:\/\/piteabusiness.se\/pitea-business-tour\/framtidens-eltransporter-i-pitea-samverkan-for-omstallning-och-hallbarhet\/","og_locale":"sv_SE","og_type":"article","og_title":"Framtidens eltransporter i Pite\u00e5 \u2013 samverkan f\u00f6r omst\u00e4llning och h\u00e5llbarhet - Pite\u00e5 Business Tour","og_url":"https:\/\/piteabusiness.se\/pitea-business-tour\/framtidens-eltransporter-i-pitea-samverkan-for-omstallning-och-hallbarhet\/","og_site_name":"Pite\u00e5 Business Tour","article_publisher":"https:\/\/www.facebook.com\/PiteaBusiness\/","article_modified_time":"2026-01-22T13:41:11+00:00","twitter_card":"summary_large_image","schema":{"@context":"https:\/\/schema.org","@graph":[{"@type":"WebPage","@id":"https:\/\/piteabusiness.se\/pitea-business-tour\/framtidens-eltransporter-i-pitea-samverkan-for-omstallning-och-hallbarhet\/","url":"https:\/\/piteabusiness.se\/pitea-business-tour\/framtidens-eltransporter-i-pitea-samverkan-for-omstallning-och-hallbarhet\/","name":"Framtidens eltransporter i Pite\u00e5 \u2013 samverkan f\u00f6r omst\u00e4llning och h\u00e5llbarhet - Pite\u00e5 Business Tour","isPartOf":{"@id":"https:\/\/piteabusiness.se\/pitea-business-tour\/#website"},"datePublished":"2026-01-12T16:27:53+00:00","dateModified":"2026-01-22T13:41:11+00:00","breadcrumb":{"@id":"https:\/\/piteabusiness.se\/pitea-business-tour\/framtidens-eltransporter-i-pitea-samverkan-for-omstallning-och-hallbarhet\/#breadcrumb"},"inLanguage":"sv-SE","potentialAction":[{"@type":"ReadAction","target":["https:\/\/piteabusiness.se\/pitea-business-tour\/framtidens-eltransporter-i-pitea-samverkan-for-omstallning-och-hallbarhet\/"]}]},{"@type":"BreadcrumbList","@id":"https:\/\/piteabusiness.se\/pitea-business-tour\/framtidens-eltransporter-i-pitea-samverkan-for-omstallning-och-hallbarhet\/#breadcrumb","itemListElement":[{"@type":"ListItem","position":1,"name":"Home","item":"https:\/\/piteabusiness.se\/pitea-business-tour\/"},{"@type":"ListItem","position":2,"name":"Framtidens eltransporter i Pite\u00e5 \u2013 samverkan f\u00f6r omst\u00e4llning och h\u00e5llbarhet"}]},{"@type":"WebSite","@id":"https:\/\/piteabusiness.se\/pitea-business-tour\/#website","url":"https:\/\/piteabusiness.se\/pitea-business-tour\/","name":"Pite\u00e5 Business Tour","description":"","publisher":{"@id":"https:\/\/piteabusiness.se\/pitea-business-tour\/#organization"},"potentialAction":[{"@type":"SearchAction","target":{"@type":"EntryPoint","urlTemplate":"https:\/\/piteabusiness.se\/pitea-business-tour\/?s={search_term_string}"},"query-input":{"@type":"PropertyValueSpecification","valueRequired":true,"valueName":"search_term_string"}}],"inLanguage":"sv-SE"},{"@type":"Organization","@id":"https:\/\/piteabusiness.se\/pitea-business-tour\/#organization","name":"Pite\u00e5 Business Tour","url":"https:\/\/piteabusiness.se\/pitea-business-tour\/","logo":{"@type":"ImageObject","inLanguage":"sv-SE","@id":"https:\/\/piteabusiness.se\/pitea-business-tour\/#\/schema\/logo\/image\/","url":"https:\/\/piteabusiness.se\/wp-content\/uploads\/sites\/2\/2024\/11\/og2.jpg","contentUrl":"https:\/\/piteabusiness.se\/wp-content\/uploads\/sites\/2\/2024\/11\/og2.jpg","width":1200,"height":630,"caption":"Pite\u00e5 Business Tour"},"image":{"@id":"https:\/\/piteabusiness.se\/pitea-business-tour\/#\/schema\/logo\/image\/"},"sameAs":["https:\/\/www.facebook.com\/PiteaBusiness\/"]}]}},"acf":[],"_links":{"self":[{"href":"https:\/\/piteabusiness.se\/pitea-business-tour\/wp-json\/wp\/v2\/pages\/381","targetHints":{"allow":["GET"]}}],"collection":[{"href":"https:\/\/piteabusiness.se\/pitea-business-tour\/wp-json\/wp\/v2\/pages"}],"about":[{"href":"https:\/\/piteabusiness.se\/pitea-business-tour\/wp-json\/wp\/v2\/types\/page"}],"author":[{"embeddable":true,"href":"https:\/\/piteabusiness.se\/pitea-business-tour\/wp-json\/wp\/v2\/users\/2"}],"replies":[{"embeddable":true,"href":"https:\/\/piteabusiness.se\/pitea-business-tour\/wp-json\/wp\/v2\/comments?post=381"}],"version-history":[{"count":4,"href":"https:\/\/piteabusiness.se\/pitea-business-tour\/wp-json\/wp\/v2\/pages\/381\/revisions"}],"predecessor-version":[{"id":418,"href":"https:\/\/piteabusiness.se\/pitea-business-tour\/wp-json\/wp\/v2\/pages\/381\/revisions\/418"}],"wp:attachment":[{"href":"https:\/\/piteabusiness.se\/pitea-business-tour\/wp-json\/wp\/v2\/media?parent=381"}],"curies":[{"name":"wp","href":"https:\/\/api.w.org\/{rel}","templated":true}]}}